{"id":1834,"date":"2025-01-31T10:08:29","date_gmt":"2025-01-31T10:08:29","guid":{"rendered":"https:\/\/piatradepo.ro\/?page_id=1834"},"modified":"2025-02-03T11:56:59","modified_gmt":"2025-02-03T11:56:59","slug":"termeni-si-conditii","status":"publish","type":"page","link":"https:\/\/piatradepo.ro\/ro\/termeni-si-conditii\/","title":{"rendered":"Termeni si conditii"},"content":{"rendered":"\t\t<div data-elementor-type=\"wp-page\" data-elementor-id=\"1834\" class=\"elementor elementor-1834\" data-elementor-post-type=\"page\">\n\t\t\t\t\t\t<section class=\"elementor-section elementor-top-section elementor-element elementor-element-1a0660b elementor-section-boxed elementor-section-height-default elementor-section-height-default\" data-id=\"1a0660b\" data-element_type=\"section\" data-e-type=\"section\">\n\t\t\t\t\t\t<div class=\"elementor-container elementor-column-gap-default\">\n\t\t\t\t\t<div class=\"elementor-column elementor-col-100 elementor-top-column elementor-element elementor-element-cf7a657\" data-id=\"cf7a657\" data-element_type=\"column\" data-e-type=\"column\">\n\t\t\t<div class=\"elementor-widget-wrap elementor-element-populated\">\n\t\t\t\t\t\t<div class=\"elementor-element elementor-element-3292044 elementor-widget elementor-widget-heading\" data-id=\"3292044\" data-element_type=\"widget\" data-e-type=\"widget\" data-widget_type=\"heading.default\">\n\t\t\t\t<div class=\"elementor-widget-container\">\n\t\t\t\t\t<h2 class=\"elementor-heading-title elementor-size-default\">Termeni \u0219i condi\u021bii<\/h2>\t\t\t\t<\/div>\n\t\t\t\t<\/div>\n\t\t\t\t<div class=\"elementor-element elementor-element-4433f47 elementor-widget elementor-widget-text-editor\" data-id=\"4433f47\" data-element_type=\"widget\" data-e-type=\"widget\" data-widget_type=\"text-editor.default\">\n\t\t\t\t<div class=\"elementor-widget-container\">\n\t\t\t\t\t\t\t\t\t<h2 class=\"wp-block-heading\"><span style=\"color: #ff832d;\"><strong><span class=\"has-inline-color has-primary-color\">Declara\u021bie de confiden\u0163ialitate<\/span><\/strong><\/span><\/h2><p>Principiul respect\u0103rii confiden\u021bialit\u0103\u021bii este foarte important pentru noi \u0219i \u00eel lu\u0103m \u00een considerare \u00een cadrul rela\u0163iilor noastre comerciale.\u00cen aceas\u0103 declara\u021bie vrem s\u0103 v\u0103 inform\u0103m \u00een leg\u0103tur\u0103 cu informa\u021biile pe care HADNAGY VIACOLOR le colecteaz\u0103 c\u00e2nd dumneavoastr\u0103 vizita\u021bi site-ul nostru \u015fi \u00een ce scopuri sunt sunt utilizate.<\/p><h5 class=\"wp-block-heading\">Informa\u021bii despre clien\u021bi<\/h5><h3 class=\"wp-block-heading\">1. Informa\u021bii despre clien\u021bi<\/h3><p>C\u00e2nd intra\u0163i pe site-ul\u00a0<strong>piatradepo.ro<\/strong>\u00a0sau comanda\u0163i un newsletter sau alte materiale informative, noi stoc\u0103m informa\u0163iile pe care ni le furniza\u0163i cum ar fi: numele, adresa, email-ul, numele companiei sau domeniile de interes. Noi utiliz\u0103m aceste date pentru a v\u0103 oferi servicii, de ex. pentru a v\u0103 transmite materialele informative solicitate sau un newsletter. Desigur, pute\u0163i s\u0103 v\u0103 retrage\u0163i \u00een orice moment acordul de a primi \u015ftiri electronice. \u00cen acest sens trebuie s\u0103 trimite\u021bi un email la adresa office(at)\u00a0<strong>piatradepo.ro\u00a0<\/strong>\u00een care s\u0103 preciza\u021bi acest lucru.<\/p><h3 class=\"wp-block-heading\">2. Informatii colectate prin cookie<\/h3><p>Utiliz\u0103m module cookie pentru a face navigarea site-ului nostru mai u\u0219oar\u0103 \u0219i mai pl\u0103cut\u0103. Cookies reprezint\u0103 mici fragmente de date care ne permit s\u0103 compar\u0103m utilizatorii vechi \u0219i cei noi, s\u0103 \u00een\u021belegem modul \u00een care acea\u0219tia navigheaz\u0103 pe site \u0219i ne ofer\u0103 informa\u021bii care ne ajut\u0103 s\u0103 \u00eembun\u0103t\u0103\u021bim \u0219i s\u0103 eficientizam navigarea. Modulele cookies nu re\u021bin niciun fel de informa\u021bii personale despre utilizatori \u0219i nu stoc\u0103m date care \u00eei pot identifica. Dac\u0103 nu dori\u021bi s\u0103 utiliz\u0103m cookies, trebuie s\u0103 seta\u021bi browser-ul \u00een a\u0219a fel \u00eenc\u00e2t s\u0103 \u0219tearg\u0103 toate modulele cookie \u0219i\/sau s\u0103 v\u0103 avertizeze dac\u0103 acestea sunt stocate.<\/p><h5 class=\"wp-block-heading\">Tipurile de cookie pe care le utiliz\u0103m:<\/h5><p>Cookies strict necesare: acestea sunt esen\u021biale pentru a putea naviga pe acest site \u0219i pentru a-i acces\u0103 sec\u021biunile securizate. \u00cen absen\u021ba lor, anumite op\u021biuni pe care \u00eencerca\u021bi s\u0103 le accesa\u021bi nu vor fi disponibile (ex. formulare contact).<\/p><p>Cookies pentru performan\u021ba site-ului: acestea culeg informa\u021bii despre modul \u00een care vizitatorii utilizeaz\u0103 un site. Toat\u0103 informa\u021bia colectat\u0103 de acestea este agregat\u0103, a\u0219adar are caracter anonim \u0219i se utilizeaz\u0103 strict pentru \u00eembun\u0103t\u0103\u021birea unui site.<\/p><p>Cookies ce \u021bin de func\u021bionalitate: aceste cookies pot fi utilizate pentru a re\u021bine modific\u0103rile de font, m\u0103rimea textului ori alte moduri \u00een care dori\u021bi s\u0103 personaliza\u021bi paginile site-ului, precum si pentru vizionarea unui material video sau comentariul pe un blog. Informa\u021biile culese pot fi anonimizate \u0219i aceste cookies nu urm\u0103resc modul \u00een care naviga\u021bi pe alte site-uri.<\/p><h5 class=\"wp-block-heading\">Transmiterea informa\u021biilor<\/h5><h3 class=\"wp-block-heading\">3. Transmiterea datelor personale<\/h3><p>Sub niciun motiv, HADNAGY VIACOLOR nu va transmite sau pune la dispozi\u0163ia ter\u0163ilor datele dvs. Datele dvs. vor fi transmise numai intern sau la ter\u0163ii autoriza\u0163i s\u0103 \u00eendeplineasc\u0103 ac\u021biuni publicitare \u015fi de service, f\u0103r\u0103 ca ace\u015fti ter\u0163i s\u0103 aib\u0103 dreptul de a utiliza sau transmite aceste date \u00een interes propriu sau al unei alte p\u0103\u021bi.<\/p><h2 class=\"wp-block-heading\"><span class=\"has-inline-color has-primary-color\" style=\"color: #ff832d;\"><strong>Date tehnice<\/strong><\/span><\/h2><h3 class=\"wp-block-heading\">4. Date tehnice<\/h3><p>C\u00e2nd vizita\u0163i pagina noastr\u0103 web, serverul nostru web \u00eenregistreaz\u0103 datele tehnice generale de conectare care sunt utilizate anonim pentru analize statisticile privind comportamentele de cump\u0103rare, pentru a putea \u00eembun\u0103t\u0103\u0163i permanent site-ul nostru \u00een ceea ce prive\u015fte u\u015furin\u0163a de utilizare.<\/p><h3 class=\"wp-block-heading\">5. Alte site-uri<\/h3><p>Declara\u0163ia de confiden\u0163ialitate se aplic\u0103 doar pentru pagina de web a HADNAGY VIACOLOR \u0219i nu pentru alte companii pe care apare un link c\u0103tre site-ul nostru.<\/p><h3 class=\"wp-block-heading\">6. Dezaboare newsletter<\/h3><p>Pentru utilizatorii, care nu mai doresc s\u0103 primeasc\u0103 newsletter-ul nostru sau alte emailuri publicitare, exist\u0103 linkul \u201dDezabonare newsletter\u201d, care este prezent \u00een toate newsletter-urile trimise de HADNAGY VIACOLOR.<\/p><h2 class=\"wp-block-heading\"><span class=\"has-inline-color has-primary-color\" style=\"color: #ff832d;\"><strong>Alte \u00eentreb\u0103ri?<\/strong><\/span><\/h2><p>Dac\u0103 ave\u0163i \u00eentreb\u0103ri suplimentare sau dori\u0163i s\u0103 ob\u0163ine\u0163i informa\u0163ii, v\u0103 rug\u0103m s\u0103 trimite\u021bi o scrisoare sau email la HADNAGY VIACOLOR. V\u0103 vom r\u0103spunde la \u00eentreb\u0103ri sau solicit\u0103ri c\u00e2t mai repede posibil. Pute\u0163i s\u0103 ne contacta\u0163i foarte u\u015for complet\u00e2nd formularul de contact (vezi \u201cContact\u201d \u00een bara de navigare de sus).<\/p>\t\t\t\t\t\t\t\t<\/div>\n\t\t\t\t<\/div>\n\t\t\t\t\t<\/div>\n\t\t<\/div>\n\t\t\t\t\t<\/div>\n\t\t<\/section>\n\t\t\t\t<\/div>\n\t\t","protected":false},"excerpt":{"rendered":"<p>Termeni \u0219i condi\u021bii Declara\u021bie de confiden\u0163ialitate Principiul respect\u0103rii confiden\u021bialit\u0103\u021bii este foarte important pentru noi \u0219i \u00eel lu\u0103m \u00een considerare \u00een cadrul rela\u0163iilor noastre comerciale.\u00cen aceas\u0103 declara\u021bie vrem s\u0103 v\u0103 inform\u0103m \u00een leg\u0103tur\u0103 cu informa\u021biile pe care HADNAGY VIACOLOR le colecteaz\u0103 c\u00e2nd dumneavoastr\u0103 vizita\u021bi site-ul nostru \u015fi \u00een ce scopuri sunt sunt utilizate. Informa\u021bii despre clien\u021bi [&hellip;]<\/p>\n","protected":false},"author":1,"featured_media":0,"parent":0,"menu_order":0,"comment_status":"closed","ping_status":"closed","template":"elementor_header_footer","meta":{"footnotes":""},"class_list":["post-1834","page","type-page","status-publish","hentry"],"yoast_head":"<!-- This site is optimized with the Yoast SEO plugin v27.3 - https:\/\/yoast.com\/product\/yoast-seo-wordpress\/ -->\n<title>Termeni si conditii - Piatradepo<\/title>\n<meta name=\"robots\" content=\"index, follow, max-snippet:-1, max-image-preview:large, max-video-preview:-1\" \/>\n<link rel=\"canonical\" href=\"https:\/\/piatradepo.ro\/ro\/termeni-si-conditii\/\" \/>\n<meta property=\"og:locale\" content=\"ro_RO\" \/>\n<meta property=\"og:type\" content=\"article\" \/>\n<meta property=\"og:title\" content=\"Termeni si conditii - Piatradepo\" \/>\n<meta property=\"og:description\" content=\"Termeni \u0219i condi\u021bii Declara\u021bie de confiden\u0163ialitate Principiul respect\u0103rii confiden\u021bialit\u0103\u021bii este foarte important pentru noi \u0219i \u00eel lu\u0103m \u00een considerare \u00een cadrul rela\u0163iilor noastre comerciale.\u00cen aceas\u0103 declara\u021bie vrem s\u0103 v\u0103 inform\u0103m \u00een leg\u0103tur\u0103 cu informa\u021biile pe care HADNAGY VIACOLOR le colecteaz\u0103 c\u00e2nd dumneavoastr\u0103 vizita\u021bi site-ul nostru \u015fi \u00een ce scopuri sunt sunt utilizate. Informa\u021bii despre clien\u021bi [&hellip;]\" \/>\n<meta property=\"og:url\" content=\"https:\/\/piatradepo.ro\/ro\/termeni-si-conditii\/\" \/>\n<meta property=\"og:site_name\" content=\"Piatradepo\" \/>\n<meta property=\"article:modified_time\" content=\"2025-02-03T11:56:59+00:00\" \/>\n<meta name=\"twitter:card\" content=\"summary_large_image\" \/>\n<meta name=\"twitter:label1\" content=\"Timp estimat pentru citire\" \/>\n\t<meta name=\"twitter:data1\" content=\"3 minute\" \/>\n<script type=\"application\/ld+json\" class=\"yoast-schema-graph\">{\"@context\":\"https:\\\/\\\/schema.org\",\"@graph\":[{\"@type\":\"WebPage\",\"@id\":\"https:\\\/\\\/piatradepo.ro\\\/ro\\\/termeni-si-conditii\\\/\",\"url\":\"https:\\\/\\\/piatradepo.ro\\\/ro\\\/termeni-si-conditii\\\/\",\"name\":\"Termeni si conditii - Piatradepo\",\"isPartOf\":{\"@id\":\"https:\\\/\\\/piatradepo.ro\\\/ro\\\/#website\"},\"datePublished\":\"2025-01-31T10:08:29+00:00\",\"dateModified\":\"2025-02-03T11:56:59+00:00\",\"breadcrumb\":{\"@id\":\"https:\\\/\\\/piatradepo.ro\\\/ro\\\/termeni-si-conditii\\\/#breadcrumb\"},\"inLanguage\":\"ro-RO\",\"potentialAction\":[{\"@type\":\"ReadAction\",\"target\":[\"https:\\\/\\\/piatradepo.ro\\\/ro\\\/termeni-si-conditii\\\/\"]}]},{\"@type\":\"BreadcrumbList\",\"@id\":\"https:\\\/\\\/piatradepo.ro\\\/ro\\\/termeni-si-conditii\\\/#breadcrumb\",\"itemListElement\":[{\"@type\":\"ListItem\",\"position\":1,\"name\":\"Home\",\"item\":\"https:\\\/\\\/piatradepo.ro\\\/ro\\\/\"},{\"@type\":\"ListItem\",\"position\":2,\"name\":\"Termeni si conditii\"}]},{\"@type\":\"WebSite\",\"@id\":\"https:\\\/\\\/piatradepo.ro\\\/ro\\\/#website\",\"url\":\"https:\\\/\\\/piatradepo.ro\\\/ro\\\/\",\"name\":\"Piatradepo\",\"description\":\"Elemente de placare premium pentru perete, soclu, gard, baie, buc\u0103t\u0103rie, elemente de gard, dale.\",\"publisher\":{\"@id\":\"https:\\\/\\\/piatradepo.ro\\\/ro\\\/#organization\"},\"potentialAction\":[{\"@type\":\"SearchAction\",\"target\":{\"@type\":\"EntryPoint\",\"urlTemplate\":\"https:\\\/\\\/piatradepo.ro\\\/ro\\\/?s={search_term_string}\"},\"query-input\":{\"@type\":\"PropertyValueSpecification\",\"valueRequired\":true,\"valueName\":\"search_term_string\"}}],\"inLanguage\":\"ro-RO\"},{\"@type\":\"Organization\",\"@id\":\"https:\\\/\\\/piatradepo.ro\\\/ro\\\/#organization\",\"name\":\"Piatradepo\",\"url\":\"https:\\\/\\\/piatradepo.ro\\\/ro\\\/\",\"logo\":{\"@type\":\"ImageObject\",\"inLanguage\":\"ro-RO\",\"@id\":\"https:\\\/\\\/piatradepo.ro\\\/ro\\\/#\\\/schema\\\/logo\\\/image\\\/\",\"url\":\"https:\\\/\\\/piatradepo.ro\\\/wp-content\\\/uploads\\\/2025\\\/01\\\/cropped-logo.jpg\",\"contentUrl\":\"https:\\\/\\\/piatradepo.ro\\\/wp-content\\\/uploads\\\/2025\\\/01\\\/cropped-logo.jpg\",\"width\":100,\"height\":100,\"caption\":\"Piatradepo\"},\"image\":{\"@id\":\"https:\\\/\\\/piatradepo.ro\\\/ro\\\/#\\\/schema\\\/logo\\\/image\\\/\"}}]}<\/script>\n<!-- \/ Yoast SEO plugin. -->","yoast_head_json":{"title":"Termeni si conditii - Piatradepo","robots":{"index":"index","follow":"follow","max-snippet":"max-snippet:-1","max-image-preview":"max-image-preview:large","max-video-preview":"max-video-preview:-1"},"canonical":"https:\/\/piatradepo.ro\/ro\/termeni-si-conditii\/","og_locale":"ro_RO","og_type":"article","og_title":"Termeni si conditii - Piatradepo","og_description":"Termeni \u0219i condi\u021bii Declara\u021bie de confiden\u0163ialitate Principiul respect\u0103rii confiden\u021bialit\u0103\u021bii este foarte important pentru noi \u0219i \u00eel lu\u0103m \u00een considerare \u00een cadrul rela\u0163iilor noastre comerciale.\u00cen aceas\u0103 declara\u021bie vrem s\u0103 v\u0103 inform\u0103m \u00een leg\u0103tur\u0103 cu informa\u021biile pe care HADNAGY VIACOLOR le colecteaz\u0103 c\u00e2nd dumneavoastr\u0103 vizita\u021bi site-ul nostru \u015fi \u00een ce scopuri sunt sunt utilizate. Informa\u021bii despre clien\u021bi [&hellip;]","og_url":"https:\/\/piatradepo.ro\/ro\/termeni-si-conditii\/","og_site_name":"Piatradepo","article_modified_time":"2025-02-03T11:56:59+00:00","twitter_card":"summary_large_image","twitter_misc":{"Timp estimat pentru citire":"3 minute"},"schema":{"@context":"https:\/\/schema.org","@graph":[{"@type":"WebPage","@id":"https:\/\/piatradepo.ro\/ro\/termeni-si-conditii\/","url":"https:\/\/piatradepo.ro\/ro\/termeni-si-conditii\/","name":"Termeni si conditii - Piatradepo","isPartOf":{"@id":"https:\/\/piatradepo.ro\/ro\/#website"},"datePublished":"2025-01-31T10:08:29+00:00","dateModified":"2025-02-03T11:56:59+00:00","breadcrumb":{"@id":"https:\/\/piatradepo.ro\/ro\/termeni-si-conditii\/#breadcrumb"},"inLanguage":"ro-RO","potentialAction":[{"@type":"ReadAction","target":["https:\/\/piatradepo.ro\/ro\/termeni-si-conditii\/"]}]},{"@type":"BreadcrumbList","@id":"https:\/\/piatradepo.ro\/ro\/termeni-si-conditii\/#breadcrumb","itemListElement":[{"@type":"ListItem","position":1,"name":"Home","item":"https:\/\/piatradepo.ro\/ro\/"},{"@type":"ListItem","position":2,"name":"Termeni si conditii"}]},{"@type":"WebSite","@id":"https:\/\/piatradepo.ro\/ro\/#website","url":"https:\/\/piatradepo.ro\/ro\/","name":"Piatradepo","description":"Elemente de placare premium pentru perete, soclu, gard, baie, buc\u0103t\u0103rie, elemente de gard, dale.","publisher":{"@id":"https:\/\/piatradepo.ro\/ro\/#organization"},"potentialAction":[{"@type":"SearchAction","target":{"@type":"EntryPoint","urlTemplate":"https:\/\/piatradepo.ro\/ro\/?s={search_term_string}"},"query-input":{"@type":"PropertyValueSpecification","valueRequired":true,"valueName":"search_term_string"}}],"inLanguage":"ro-RO"},{"@type":"Organization","@id":"https:\/\/piatradepo.ro\/ro\/#organization","name":"Piatradepo","url":"https:\/\/piatradepo.ro\/ro\/","logo":{"@type":"ImageObject","inLanguage":"ro-RO","@id":"https:\/\/piatradepo.ro\/ro\/#\/schema\/logo\/image\/","url":"https:\/\/piatradepo.ro\/wp-content\/uploads\/2025\/01\/cropped-logo.jpg","contentUrl":"https:\/\/piatradepo.ro\/wp-content\/uploads\/2025\/01\/cropped-logo.jpg","width":100,"height":100,"caption":"Piatradepo"},"image":{"@id":"https:\/\/piatradepo.ro\/ro\/#\/schema\/logo\/image\/"}}]}},"_links":{"self":[{"href":"https:\/\/piatradepo.ro\/ro\/wp-json\/wp\/v2\/pages\/1834","targetHints":{"allow":["GET"]}}],"collection":[{"href":"https:\/\/piatradepo.ro\/ro\/wp-json\/wp\/v2\/pages"}],"about":[{"href":"https:\/\/piatradepo.ro\/ro\/wp-json\/wp\/v2\/types\/page"}],"author":[{"embeddable":true,"href":"https:\/\/piatradepo.ro\/ro\/wp-json\/wp\/v2\/users\/1"}],"replies":[{"embeddable":true,"href":"https:\/\/piatradepo.ro\/ro\/wp-json\/wp\/v2\/comments?post=1834"}],"version-history":[{"count":20,"href":"https:\/\/piatradepo.ro\/ro\/wp-json\/wp\/v2\/pages\/1834\/revisions"}],"predecessor-version":[{"id":1972,"href":"https:\/\/piatradepo.ro\/ro\/wp-json\/wp\/v2\/pages\/1834\/revisions\/1972"}],"wp:attachment":[{"href":"https:\/\/piatradepo.ro\/ro\/wp-json\/wp\/v2\/media?parent=1834"}],"curies":[{"name":"wp","href":"https:\/\/api.w.org\/{rel}","templated":true}]}}