{"id":684,"date":"2025-01-14T11:23:32","date_gmt":"2025-01-14T11:23:32","guid":{"rendered":"https:\/\/piatradepo.ro\/?page_id=684"},"modified":"2025-04-29T08:00:49","modified_gmt":"2025-04-29T08:00:49","slug":"contact","status":"publish","type":"page","link":"https:\/\/piatradepo.ro\/ro\/contact\/","title":{"rendered":"Contact"},"content":{"rendered":"\t\t<div data-elementor-type=\"wp-page\" data-elementor-id=\"684\" class=\"elementor elementor-684\" data-elementor-post-type=\"page\">\n\t\t\t\t\t\t<section class=\"elementor-section elementor-top-section elementor-element elementor-element-7056a58 elementor-section-boxed elementor-section-height-default elementor-section-height-default elementor-invisible\" data-id=\"7056a58\" data-element_type=\"section\" data-e-type=\"section\" data-settings=\"{&quot;animation&quot;:&quot;fadeInRight&quot;}\">\n\t\t\t\t\t\t<div class=\"elementor-container elementor-column-gap-default\">\n\t\t\t\t\t<div class=\"elementor-column elementor-col-50 elementor-top-column elementor-element elementor-element-59e0b08\" data-id=\"59e0b08\" data-element_type=\"column\" data-e-type=\"column\">\n\t\t\t<div class=\"elementor-widget-wrap elementor-element-populated\">\n\t\t\t\t\t\t<div class=\"elementor-element elementor-element-362297d elementor-widget elementor-widget-image\" data-id=\"362297d\" data-element_type=\"widget\" data-e-type=\"widget\" data-widget_type=\"image.default\">\n\t\t\t\t<div class=\"elementor-widget-container\">\n\t\t\t\t\t\t\t\t\t\t\t\t\t\t\t<img fetchpriority=\"high\" decoding=\"async\" width=\"1200\" height=\"800\" src=\"https:\/\/piatradepo.ro\/wp-content\/uploads\/2025\/01\/Piatradepo-Modulo-Dark-2.jpg\" class=\"attachment-full size-full wp-image-1073\" alt=\"Modulo adaug\u0103 noi dimensiuni proiectului t\u0103u de amenajare a teritoriului, iar construirea cu Moodul este foarte simpl\u0103. Cu Modulo pute\u021bi crea o structur\u0103 at\u00e2t de func\u021bional\u0103 sau artistic\u0103 pe c\u00e2t dori\u021bi. De la un simplu perete la o jardinier\u0103 atractiv\u0103, de la o banc\u0103 de baz\u0103 la o camer\u0103 complet\u0103 de exterior. Dimensiuni (LUNGIME X L\u0102\u0162IME X GROSIME): 60 cm x 30 cm x 9 cm Bol\u021bar 60 cm x 30 cm x 7,5 cm Capac\" srcset=\"https:\/\/piatradepo.ro\/wp-content\/uploads\/2025\/01\/Piatradepo-Modulo-Dark-2.jpg 1200w, https:\/\/piatradepo.ro\/wp-content\/uploads\/2025\/01\/Piatradepo-Modulo-Dark-2-300x200.jpg 300w, https:\/\/piatradepo.ro\/wp-content\/uploads\/2025\/01\/Piatradepo-Modulo-Dark-2-1024x683.jpg 1024w, https:\/\/piatradepo.ro\/wp-content\/uploads\/2025\/01\/Piatradepo-Modulo-Dark-2-768x512.jpg 768w, https:\/\/piatradepo.ro\/wp-content\/uploads\/2025\/01\/Piatradepo-Modulo-Dark-2-600x400.jpg 600w\" sizes=\"(max-width: 1200px) 100vw, 1200px\" \/>\t\t\t\t\t\t\t\t\t\t\t\t\t\t\t<\/div>\n\t\t\t\t<\/div>\n\t\t\t\t\t<\/div>\n\t\t<\/div>\n\t\t\t\t<div class=\"elementor-column elementor-col-50 elementor-top-column elementor-element elementor-element-1712ece\" data-id=\"1712ece\" data-element_type=\"column\" data-e-type=\"column\">\n\t\t\t<div class=\"elementor-widget-wrap elementor-element-populated\">\n\t\t\t\t\t\t<div class=\"elementor-element elementor-element-de52697 elementor-widget elementor-widget-heading\" data-id=\"de52697\" data-element_type=\"widget\" data-e-type=\"widget\" data-widget_type=\"heading.default\">\n\t\t\t\t<div class=\"elementor-widget-container\">\n\t\t\t\t\t<h2 class=\"elementor-heading-title elementor-size-default\">Contact<\/h2>\t\t\t\t<\/div>\n\t\t\t\t<\/div>\n\t\t\t\t<div class=\"elementor-element elementor-element-9f440a1 elementor-widget elementor-widget-text-editor\" data-id=\"9f440a1\" data-element_type=\"widget\" data-e-type=\"widget\" data-widget_type=\"text-editor.default\">\n\t\t\t\t<div class=\"elementor-widget-container\">\n\t\t\t\t\t\t\t\t\t<p>\u00cen cazul \u00een care ave\u021bi nel\u0103muriri nu v\u0103 face\u021bi griji, noi oferim consultan\u021b\u0103 gratuit\u0103 pentru a v\u0103 ajuta s\u0103 lua\u021bi cea mai bun\u0103 decizie.<\/p>\t\t\t\t\t\t\t\t<\/div>\n\t\t\t\t<\/div>\n\t\t\t\t<section class=\"elementor-section elementor-inner-section elementor-element elementor-element-e295f45 elementor-section-boxed elementor-section-height-default elementor-section-height-default\" data-id=\"e295f45\" data-element_type=\"section\" data-e-type=\"section\">\n\t\t\t\t\t\t<div class=\"elementor-container elementor-column-gap-default\">\n\t\t\t\t\t<div class=\"elementor-column elementor-col-100 elementor-inner-column elementor-element elementor-element-1aab238\" data-id=\"1aab238\" data-element_type=\"column\" data-e-type=\"column\">\n\t\t\t<div class=\"elementor-widget-wrap elementor-element-populated\">\n\t\t\t\t\t\t<div class=\"elementor-element elementor-element-8fb93c4 elementor-widget-divider--view-line elementor-widget elementor-widget-divider\" data-id=\"8fb93c4\" data-element_type=\"widget\" data-e-type=\"widget\" data-widget_type=\"divider.default\">\n\t\t\t\t<div class=\"elementor-widget-container\">\n\t\t\t\t\t\t\t<div class=\"elementor-divider\">\n\t\t\t<span class=\"elementor-divider-separator\">\n\t\t\t\t\t\t<\/span>\n\t\t<\/div>\n\t\t\t\t\t\t<\/div>\n\t\t\t\t<\/div>\n\t\t\t\t\t<\/div>\n\t\t<\/div>\n\t\t\t\t\t<\/div>\n\t\t<\/section>\n\t\t\t\t<div class=\"elementor-element elementor-element-d431cf4 elementor-button-align-end elementor-widget elementor-widget-form\" data-id=\"d431cf4\" data-element_type=\"widget\" data-e-type=\"widget\" data-settings=\"{&quot;step_next_label&quot;:&quot;Next&quot;,&quot;step_previous_label&quot;:&quot;Previous&quot;,&quot;button_width&quot;:&quot;100&quot;,&quot;step_type&quot;:&quot;number_text&quot;,&quot;step_icon_shape&quot;:&quot;circle&quot;}\" data-widget_type=\"form.default\">\n\t\t\t\t<div class=\"elementor-widget-container\">\n\t\t\t\t\t\t\t<form class=\"elementor-form\" method=\"post\" name=\"New Form\" aria-label=\"New Form\">\n\t\t\t<input type=\"hidden\" name=\"post_id\" value=\"684\"\/>\n\t\t\t<input type=\"hidden\" name=\"form_id\" value=\"d431cf4\"\/>\n\t\t\t<input type=\"hidden\" name=\"referer_title\" value=\"Contact - Piatradepo\" \/>\n\n\t\t\t\t\t\t\t<input type=\"hidden\" name=\"queried_id\" value=\"684\"\/>\n\t\t\t\n\t\t\t<div class=\"elementor-form-fields-wrapper elementor-labels-above\">\n\t\t\t\t\t\t\t\t<div class=\"elementor-field-type-text elementor-field-group elementor-column elementor-field-group-name elementor-col-50 elementor-field-required\">\n\t\t\t\t\t\t\t\t\t\t\t\t<label for=\"form-field-name\" class=\"elementor-field-label\">\n\t\t\t\t\t\t\t\tNume\t\t\t\t\t\t\t<\/label>\n\t\t\t\t\t\t\t\t\t\t\t\t\t\t<input size=\"1\" type=\"text\" name=\"form_fields[name]\" id=\"form-field-name\" class=\"elementor-field elementor-size-sm  elementor-field-textual\" required=\"required\">\n\t\t\t\t\t\t\t\t\t\t\t<\/div>\n\t\t\t\t\t\t\t\t<div class=\"elementor-field-type-tel elementor-field-group elementor-column elementor-field-group-field_4946b5d elementor-col-50 elementor-field-required\">\n\t\t\t\t\t\t\t\t\t\t\t\t<label for=\"form-field-field_4946b5d\" class=\"elementor-field-label\">\n\t\t\t\t\t\t\t\tTel:\t\t\t\t\t\t\t<\/label>\n\t\t\t\t\t\t\t\t<input size=\"1\" type=\"tel\" name=\"form_fields[field_4946b5d]\" id=\"form-field-field_4946b5d\" class=\"elementor-field elementor-size-sm  elementor-field-textual\" required=\"required\" pattern=\"[0-9()#&amp;+*-=.]+\" title=\"Only numbers and phone characters (#, -, *, etc) are accepted.\">\n\n\t\t\t\t\t\t<\/div>\n\t\t\t\t\t\t\t\t<div class=\"elementor-field-type-email elementor-field-group elementor-column elementor-field-group-email elementor-col-100 elementor-field-required\">\n\t\t\t\t\t\t\t\t\t\t\t\t<label for=\"form-field-email\" class=\"elementor-field-label\">\n\t\t\t\t\t\t\t\tEmail\t\t\t\t\t\t\t<\/label>\n\t\t\t\t\t\t\t\t\t\t\t\t\t\t<input size=\"1\" type=\"email\" name=\"form_fields[email]\" id=\"form-field-email\" class=\"elementor-field elementor-size-sm  elementor-field-textual\" required=\"required\">\n\t\t\t\t\t\t\t\t\t\t\t<\/div>\n\t\t\t\t\t\t\t\t<div class=\"elementor-field-type-textarea elementor-field-group elementor-column elementor-field-group-message elementor-col-100\">\n\t\t\t\t\t\t\t\t\t\t\t\t<label for=\"form-field-message\" class=\"elementor-field-label\">\n\t\t\t\t\t\t\t\tMesaj\t\t\t\t\t\t\t<\/label>\n\t\t\t\t\t\t<textarea class=\"elementor-field-textual elementor-field  elementor-size-sm\" name=\"form_fields[message]\" id=\"form-field-message\" rows=\"4\"><\/textarea>\t\t\t\t<\/div>\n\t\t\t\t\t\t\t\t<div class=\"elementor-field-type-checkbox elementor-field-group elementor-column elementor-field-group-field_f375eda elementor-col-100\">\n\t\t\t\t\t<div class=\"elementor-field-subgroup  elementor-subgroup-inline\"><span class=\"elementor-field-option\"><input type=\"checkbox\" value=\"&lt;span style=&quot;color: #000000; font-size: 12px font-width: 400;&quot;&gt;Prin ap\u0103sarea butonului &quot;trimite&quot; \u00een\u021beleg \u0219i sunt de acord cu &lt;span style=&quot;color: #ff6600;&quot;&gt;&lt;a style=&quot;color: #ff6600;&quot; href=&quot;https:\/\/piatradepo.ro\/ro\/termeni-si-conditii\/&quot; target=&quot;_blank&quot; rel=&quot;noopener&quot;&gt;Politica de confiden\u021bialitate&lt;\/a&gt;&lt;\/span&gt; al\u0103turi de termenii \u0219i condi\u021bile site-ului privind datele personale.&lt;\/span&gt;\" id=\"form-field-field_f375eda-0\" name=\"form_fields[field_f375eda]\"> <label for=\"form-field-field_f375eda-0\"><span style=\"color: #000000; font-size: 12px font-width: 400;\">Prin ap\u0103sarea butonului \"trimite\" \u00een\u021beleg \u0219i sunt de acord cu <span style=\"color: #ff6600;\"><a style=\"color: #ff6600;\" href=\"https:\/\/piatradepo.ro\/ro\/termeni-si-conditii\/\" target=\"_blank\" rel=\"noopener\">Politica de confiden\u021bialitate<\/a><\/span> al\u0103turi de termenii \u0219i condi\u021bile site-ului privind datele personale.<\/span><\/label><\/span><\/div>\t\t\t\t<\/div>\n\t\t\t\t\t\t\t\t<div class=\"elementor-field-type-recaptcha_v3 elementor-field-group elementor-column elementor-field-group-field_4094604 elementor-col-100 recaptcha_v3-bottomright\">\n\t\t\t\t\t<div class=\"elementor-field\" id=\"form-field-field_4094604\"><div class=\"elementor-g-recaptcha\" data-sitekey=\"6Lf9GCgrAAAAANVUciUOhLc-BX_z_kHuciw0yQHO\" data-type=\"v3\" data-action=\"Form\" data-badge=\"bottomright\" data-size=\"invisible\"><\/div><\/div>\t\t\t\t<\/div>\n\t\t\t\t\t\t\t\t<div class=\"elementor-field-group elementor-column elementor-field-type-submit elementor-col-100 e-form__buttons\">\n\t\t\t\t\t<button class=\"elementor-button elementor-size-sm\" type=\"submit\">\n\t\t\t\t\t\t<span class=\"elementor-button-content-wrapper\">\n\t\t\t\t\t\t\t\t\t\t\t\t\t\t\t\t\t\t\t\t\t\t<span class=\"elementor-button-text\">Trimite<\/span>\n\t\t\t\t\t\t\t\t\t\t\t\t\t<\/span>\n\t\t\t\t\t<\/button>\n\t\t\t\t<\/div>\n\t\t\t<\/div>\n\t\t<\/form>\n\t\t\t\t\t\t<\/div>\n\t\t\t\t<\/div>\n\t\t\t\t\t<\/div>\n\t\t<\/div>\n\t\t\t\t\t<\/div>\n\t\t<\/section>\n\t\t\t\t<section class=\"elementor-section elementor-top-section elementor-element elementor-element-598e1de elementor-section-boxed elementor-section-height-default elementor-section-height-default\" data-id=\"598e1de\" data-element_type=\"section\" data-e-type=\"section\">\n\t\t\t\t\t\t<div class=\"elementor-container elementor-column-gap-default\">\n\t\t\t\t\t<div class=\"elementor-column elementor-col-50 elementor-top-column elementor-element elementor-element-eb56b0a\" data-id=\"eb56b0a\" data-element_type=\"column\" data-e-type=\"column\">\n\t\t\t<div class=\"elementor-widget-wrap elementor-element-populated\">\n\t\t\t\t\t\t<div class=\"elementor-element elementor-element-31f8d8d elementor-widget elementor-widget-heading\" data-id=\"31f8d8d\" data-element_type=\"widget\" data-e-type=\"widget\" data-widget_type=\"heading.default\">\n\t\t\t\t<div class=\"elementor-widget-container\">\n\t\t\t\t\t<h2 class=\"elementor-heading-title elementor-size-default\">Birou<\/h2>\t\t\t\t<\/div>\n\t\t\t\t<\/div>\n\t\t\t\t<div class=\"elementor-element elementor-element-2edfc69 elementor-icon-list--layout-traditional elementor-list-item-link-full_width elementor-widget elementor-widget-icon-list\" data-id=\"2edfc69\" data-element_type=\"widget\" data-e-type=\"widget\" data-widget_type=\"icon-list.default\">\n\t\t\t\t<div class=\"elementor-widget-container\">\n\t\t\t\t\t\t\t<ul class=\"elementor-icon-list-items\">\n\t\t\t\t\t\t\t<li class=\"elementor-icon-list-item\">\n\t\t\t\t\t\t\t\t\t\t\t<span class=\"elementor-icon-list-icon\">\n\t\t\t\t\t\t\t<i aria-hidden=\"true\" class=\"fas fa-map-marker-alt\"><\/i>\t\t\t\t\t\t<\/span>\n\t\t\t\t\t\t\t\t\t\t<span class=\"elementor-icon-list-text\"><b>Adresa<\/b>: Str. Beclean, Odorheiu Secuiesc, l\u00e2ng\u0103 benzin\u0103ria Petrom, Harghita<\/span>\n\t\t\t\t\t\t\t\t\t<\/li>\n\t\t\t\t\t\t\t\t<li class=\"elementor-icon-list-item\">\n\t\t\t\t\t\t\t\t\t\t\t<a href=\"tel:+40745098641\">\n\n\t\t\t\t\t\t\t\t\t\t\t\t<span class=\"elementor-icon-list-icon\">\n\t\t\t\t\t\t\t<i aria-hidden=\"true\" class=\"fas fa-phone-alt\"><\/i>\t\t\t\t\t\t<\/span>\n\t\t\t\t\t\t\t\t\t\t<span class=\"elementor-icon-list-text\"><b>Telefon<\/b>: +40 745 098 641<\/span>\n\t\t\t\t\t\t\t\t\t\t\t<\/a>\n\t\t\t\t\t\t\t\t\t<\/li>\n\t\t\t\t\t\t\t\t<li class=\"elementor-icon-list-item\">\n\t\t\t\t\t\t\t\t\t\t\t<a href=\"mailto:balazsf@pavajele.ro\">\n\n\t\t\t\t\t\t\t\t\t\t\t\t<span class=\"elementor-icon-list-icon\">\n\t\t\t\t\t\t\t<i aria-hidden=\"true\" class=\"far fa-envelope\"><\/i>\t\t\t\t\t\t<\/span>\n\t\t\t\t\t\t\t\t\t\t<span class=\"elementor-icon-list-text\"><b>E-mail<\/b>: balazsf@pavajele.ro<\/span>\n\t\t\t\t\t\t\t\t\t\t\t<\/a>\n\t\t\t\t\t\t\t\t\t<\/li>\n\t\t\t\t\t\t\t\t<li class=\"elementor-icon-list-item\">\n\t\t\t\t\t\t\t\t\t\t\t<a href=\"http:\/\/facebook.com\/piatradepo.ro\" target=\"_blank\">\n\n\t\t\t\t\t\t\t\t\t\t\t\t<span class=\"elementor-icon-list-icon\">\n\t\t\t\t\t\t\t<i aria-hidden=\"true\" class=\"fab fa-facebook-f\"><\/i>\t\t\t\t\t\t<\/span>\n\t\t\t\t\t\t\t\t\t\t<span class=\"elementor-icon-list-text\"><b>Faceboook<\/b>: facebook.com\/piatradepo.ro<\/span>\n\t\t\t\t\t\t\t\t\t\t\t<\/a>\n\t\t\t\t\t\t\t\t\t<\/li>\n\t\t\t\t\t\t<\/ul>\n\t\t\t\t\t\t<\/div>\n\t\t\t\t<\/div>\n\t\t\t\t\t<\/div>\n\t\t<\/div>\n\t\t\t\t<div class=\"elementor-column elementor-col-50 elementor-top-column elementor-element elementor-element-a3a9925\" data-id=\"a3a9925\" data-element_type=\"column\" data-e-type=\"column\">\n\t\t\t<div class=\"elementor-widget-wrap elementor-element-populated\">\n\t\t\t\t\t\t<div class=\"elementor-element elementor-element-eb76b3c elementor-widget elementor-widget-heading\" data-id=\"eb76b3c\" data-element_type=\"widget\" data-e-type=\"widget\" data-widget_type=\"heading.default\">\n\t\t\t\t<div class=\"elementor-widget-container\">\n\t\t\t\t\t<h2 class=\"elementor-heading-title elementor-size-default\">Program rela\u021bii cu clien\u021bii:<\/h2>\t\t\t\t<\/div>\n\t\t\t\t<\/div>\n\t\t\t\t<div class=\"elementor-element elementor-element-85a8055 elementor-icon-list--layout-traditional elementor-list-item-link-full_width elementor-widget elementor-widget-icon-list\" data-id=\"85a8055\" data-element_type=\"widget\" data-e-type=\"widget\" data-widget_type=\"icon-list.default\">\n\t\t\t\t<div class=\"elementor-widget-container\">\n\t\t\t\t\t\t\t<ul class=\"elementor-icon-list-items\">\n\t\t\t\t\t\t\t<li class=\"elementor-icon-list-item\">\n\t\t\t\t\t\t\t\t\t\t\t<span class=\"elementor-icon-list-icon\">\n\t\t\t\t\t\t\t<i aria-hidden=\"true\" class=\"far fa-clock\"><\/i>\t\t\t\t\t\t<\/span>\n\t\t\t\t\t\t\t\t\t\t<span class=\"elementor-icon-list-text\">Luni-Vineri: 8:00 - 17:00<\/span>\n\t\t\t\t\t\t\t\t\t<\/li>\n\t\t\t\t\t\t\t\t<li class=\"elementor-icon-list-item\">\n\t\t\t\t\t\t\t\t\t\t\t<span class=\"elementor-icon-list-icon\">\n\t\t\t\t\t\t\t<i aria-hidden=\"true\" class=\"far fa-clock\"><\/i>\t\t\t\t\t\t<\/span>\n\t\t\t\t\t\t\t\t\t\t<span class=\"elementor-icon-list-text\">S\u00e2mb\u0103t\u0103 \u0219i Duminic\u0103: \u00eenchis<\/span>\n\t\t\t\t\t\t\t\t\t<\/li>\n\t\t\t\t\t\t<\/ul>\n\t\t\t\t\t\t<\/div>\n\t\t\t\t<\/div>\n\t\t\t\t\t<\/div>\n\t\t<\/div>\n\t\t\t\t\t<\/div>\n\t\t<\/section>\n\t\t\t\t<\/div>\n\t\t","protected":false},"excerpt":{"rendered":"<p>Contact \u00cen cazul \u00een care ave\u021bi nel\u0103muriri nu v\u0103 face\u021bi griji, noi oferim consultan\u021b\u0103 gratuit\u0103 pentru a v\u0103 ajuta s\u0103 lua\u021bi cea mai bun\u0103 decizie. Birou Adresa: Str. Beclean, Odorheiu Secuiesc, l\u00e2ng\u0103 benzin\u0103ria Petrom, Harghita Telefon: +40 745 098 641 E-mail: balazsf@pavajele.ro Faceboook: facebook.com\/piatradepo.ro Program rela\u021bii cu clien\u021bii: Luni-Vineri: 8:00 &#8211; 17:00 S\u00e2mb\u0103t\u0103 \u0219i Duminic\u0103: [&hellip;]<\/p>\n","protected":false},"author":1,"featured_media":0,"parent":0,"menu_order":0,"comment_status":"closed","ping_status":"closed","template":"elementor_header_footer","meta":{"footnotes":""},"class_list":["post-684","page","type-page","status-publish","hentry"],"yoast_head":"<!-- This site is optimized with the Yoast SEO plugin v27.3 - https:\/\/yoast.com\/product\/yoast-seo-wordpress\/ -->\n<title>Contact - Piatradepo<\/title>\n<meta name=\"robots\" content=\"index, follow, max-snippet:-1, max-image-preview:large, max-video-preview:-1\" \/>\n<link rel=\"canonical\" href=\"https:\/\/piatradepo.ro\/ro\/contact\/\" \/>\n<meta property=\"og:locale\" content=\"ro_RO\" \/>\n<meta property=\"og:type\" content=\"article\" \/>\n<meta property=\"og:title\" content=\"Contact - Piatradepo\" \/>\n<meta property=\"og:description\" content=\"Contact \u00cen cazul \u00een care ave\u021bi nel\u0103muriri nu v\u0103 face\u021bi griji, noi oferim consultan\u021b\u0103 gratuit\u0103 pentru a v\u0103 ajuta s\u0103 lua\u021bi cea mai bun\u0103 decizie. Birou Adresa: Str. Beclean, Odorheiu Secuiesc, l\u00e2ng\u0103 benzin\u0103ria Petrom, Harghita Telefon: +40 745 098 641 E-mail: balazsf@pavajele.ro Faceboook: facebook.com\/piatradepo.ro Program rela\u021bii cu clien\u021bii: Luni-Vineri: 8:00 &#8211; 17:00 S\u00e2mb\u0103t\u0103 \u0219i Duminic\u0103: [&hellip;]\" \/>\n<meta property=\"og:url\" content=\"https:\/\/piatradepo.ro\/ro\/contact\/\" \/>\n<meta property=\"og:site_name\" content=\"Piatradepo\" \/>\n<meta property=\"article:modified_time\" content=\"2025-04-29T08:00:49+00:00\" \/>\n<meta property=\"og:image\" content=\"https:\/\/piatradepo.ro\/wp-content\/uploads\/2025\/01\/Piatradepo-Modulo-Dark-2.jpg\" \/>\n<meta name=\"twitter:card\" content=\"summary_large_image\" \/>\n<meta name=\"twitter:label1\" content=\"Timp estimat pentru citire\" \/>\n\t<meta name=\"twitter:data1\" content=\"1 minut\" \/>\n<script type=\"application\/ld+json\" class=\"yoast-schema-graph\">{\"@context\":\"https:\\\/\\\/schema.org\",\"@graph\":[{\"@type\":\"WebPage\",\"@id\":\"https:\\\/\\\/piatradepo.ro\\\/ro\\\/contact\\\/\",\"url\":\"https:\\\/\\\/piatradepo.ro\\\/ro\\\/contact\\\/\",\"name\":\"Contact - Piatradepo\",\"isPartOf\":{\"@id\":\"https:\\\/\\\/piatradepo.ro\\\/ro\\\/#website\"},\"primaryImageOfPage\":{\"@id\":\"https:\\\/\\\/piatradepo.ro\\\/ro\\\/contact\\\/#primaryimage\"},\"image\":{\"@id\":\"https:\\\/\\\/piatradepo.ro\\\/ro\\\/contact\\\/#primaryimage\"},\"thumbnailUrl\":\"https:\\\/\\\/piatradepo.ro\\\/wp-content\\\/uploads\\\/2025\\\/01\\\/Piatradepo-Modulo-Dark-2.jpg\",\"datePublished\":\"2025-01-14T11:23:32+00:00\",\"dateModified\":\"2025-04-29T08:00:49+00:00\",\"breadcrumb\":{\"@id\":\"https:\\\/\\\/piatradepo.ro\\\/ro\\\/contact\\\/#breadcrumb\"},\"inLanguage\":\"ro-RO\",\"potentialAction\":[{\"@type\":\"ReadAction\",\"target\":[\"https:\\\/\\\/piatradepo.ro\\\/ro\\\/contact\\\/\"]}]},{\"@type\":\"ImageObject\",\"inLanguage\":\"ro-RO\",\"@id\":\"https:\\\/\\\/piatradepo.ro\\\/ro\\\/contact\\\/#primaryimage\",\"url\":\"https:\\\/\\\/piatradepo.ro\\\/wp-content\\\/uploads\\\/2025\\\/01\\\/Piatradepo-Modulo-Dark-2.jpg\",\"contentUrl\":\"https:\\\/\\\/piatradepo.ro\\\/wp-content\\\/uploads\\\/2025\\\/01\\\/Piatradepo-Modulo-Dark-2.jpg\"},{\"@type\":\"BreadcrumbList\",\"@id\":\"https:\\\/\\\/piatradepo.ro\\\/ro\\\/contact\\\/#breadcrumb\",\"itemListElement\":[{\"@type\":\"ListItem\",\"position\":1,\"name\":\"Home\",\"item\":\"https:\\\/\\\/piatradepo.ro\\\/ro\\\/\"},{\"@type\":\"ListItem\",\"position\":2,\"name\":\"Contact\"}]},{\"@type\":\"WebSite\",\"@id\":\"https:\\\/\\\/piatradepo.ro\\\/ro\\\/#website\",\"url\":\"https:\\\/\\\/piatradepo.ro\\\/ro\\\/\",\"name\":\"Piatradepo\",\"description\":\"Elemente de placare premium pentru perete, soclu, gard, baie, buc\u0103t\u0103rie, elemente de gard, dale.\",\"publisher\":{\"@id\":\"https:\\\/\\\/piatradepo.ro\\\/ro\\\/#organization\"},\"potentialAction\":[{\"@type\":\"SearchAction\",\"target\":{\"@type\":\"EntryPoint\",\"urlTemplate\":\"https:\\\/\\\/piatradepo.ro\\\/ro\\\/?s={search_term_string}\"},\"query-input\":{\"@type\":\"PropertyValueSpecification\",\"valueRequired\":true,\"valueName\":\"search_term_string\"}}],\"inLanguage\":\"ro-RO\"},{\"@type\":\"Organization\",\"@id\":\"https:\\\/\\\/piatradepo.ro\\\/ro\\\/#organization\",\"name\":\"Piatradepo\",\"url\":\"https:\\\/\\\/piatradepo.ro\\\/ro\\\/\",\"logo\":{\"@type\":\"ImageObject\",\"inLanguage\":\"ro-RO\",\"@id\":\"https:\\\/\\\/piatradepo.ro\\\/ro\\\/#\\\/schema\\\/logo\\\/image\\\/\",\"url\":\"https:\\\/\\\/piatradepo.ro\\\/wp-content\\\/uploads\\\/2025\\\/01\\\/cropped-logo.jpg\",\"contentUrl\":\"https:\\\/\\\/piatradepo.ro\\\/wp-content\\\/uploads\\\/2025\\\/01\\\/cropped-logo.jpg\",\"width\":100,\"height\":100,\"caption\":\"Piatradepo\"},\"image\":{\"@id\":\"https:\\\/\\\/piatradepo.ro\\\/ro\\\/#\\\/schema\\\/logo\\\/image\\\/\"}}]}<\/script>\n<!-- \/ Yoast SEO plugin. -->","yoast_head_json":{"title":"Contact - Piatradepo","robots":{"index":"index","follow":"follow","max-snippet":"max-snippet:-1","max-image-preview":"max-image-preview:large","max-video-preview":"max-video-preview:-1"},"canonical":"https:\/\/piatradepo.ro\/ro\/contact\/","og_locale":"ro_RO","og_type":"article","og_title":"Contact - Piatradepo","og_description":"Contact \u00cen cazul \u00een care ave\u021bi nel\u0103muriri nu v\u0103 face\u021bi griji, noi oferim consultan\u021b\u0103 gratuit\u0103 pentru a v\u0103 ajuta s\u0103 lua\u021bi cea mai bun\u0103 decizie. Birou Adresa: Str. Beclean, Odorheiu Secuiesc, l\u00e2ng\u0103 benzin\u0103ria Petrom, Harghita Telefon: +40 745 098 641 E-mail: balazsf@pavajele.ro Faceboook: facebook.com\/piatradepo.ro Program rela\u021bii cu clien\u021bii: Luni-Vineri: 8:00 &#8211; 17:00 S\u00e2mb\u0103t\u0103 \u0219i Duminic\u0103: [&hellip;]","og_url":"https:\/\/piatradepo.ro\/ro\/contact\/","og_site_name":"Piatradepo","article_modified_time":"2025-04-29T08:00:49+00:00","og_image":[{"url":"https:\/\/piatradepo.ro\/wp-content\/uploads\/2025\/01\/Piatradepo-Modulo-Dark-2.jpg","type":"","width":"","height":""}],"twitter_card":"summary_large_image","twitter_misc":{"Timp estimat pentru citire":"1 minut"},"schema":{"@context":"https:\/\/schema.org","@graph":[{"@type":"WebPage","@id":"https:\/\/piatradepo.ro\/ro\/contact\/","url":"https:\/\/piatradepo.ro\/ro\/contact\/","name":"Contact - Piatradepo","isPartOf":{"@id":"https:\/\/piatradepo.ro\/ro\/#website"},"primaryImageOfPage":{"@id":"https:\/\/piatradepo.ro\/ro\/contact\/#primaryimage"},"image":{"@id":"https:\/\/piatradepo.ro\/ro\/contact\/#primaryimage"},"thumbnailUrl":"https:\/\/piatradepo.ro\/wp-content\/uploads\/2025\/01\/Piatradepo-Modulo-Dark-2.jpg","datePublished":"2025-01-14T11:23:32+00:00","dateModified":"2025-04-29T08:00:49+00:00","breadcrumb":{"@id":"https:\/\/piatradepo.ro\/ro\/contact\/#breadcrumb"},"inLanguage":"ro-RO","potentialAction":[{"@type":"ReadAction","target":["https:\/\/piatradepo.ro\/ro\/contact\/"]}]},{"@type":"ImageObject","inLanguage":"ro-RO","@id":"https:\/\/piatradepo.ro\/ro\/contact\/#primaryimage","url":"https:\/\/piatradepo.ro\/wp-content\/uploads\/2025\/01\/Piatradepo-Modulo-Dark-2.jpg","contentUrl":"https:\/\/piatradepo.ro\/wp-content\/uploads\/2025\/01\/Piatradepo-Modulo-Dark-2.jpg"},{"@type":"BreadcrumbList","@id":"https:\/\/piatradepo.ro\/ro\/contact\/#breadcrumb","itemListElement":[{"@type":"ListItem","position":1,"name":"Home","item":"https:\/\/piatradepo.ro\/ro\/"},{"@type":"ListItem","position":2,"name":"Contact"}]},{"@type":"WebSite","@id":"https:\/\/piatradepo.ro\/ro\/#website","url":"https:\/\/piatradepo.ro\/ro\/","name":"Piatradepo","description":"Elemente de placare premium pentru perete, soclu, gard, baie, buc\u0103t\u0103rie, elemente de gard, dale.","publisher":{"@id":"https:\/\/piatradepo.ro\/ro\/#organization"},"potentialAction":[{"@type":"SearchAction","target":{"@type":"EntryPoint","urlTemplate":"https:\/\/piatradepo.ro\/ro\/?s={search_term_string}"},"query-input":{"@type":"PropertyValueSpecification","valueRequired":true,"valueName":"search_term_string"}}],"inLanguage":"ro-RO"},{"@type":"Organization","@id":"https:\/\/piatradepo.ro\/ro\/#organization","name":"Piatradepo","url":"https:\/\/piatradepo.ro\/ro\/","logo":{"@type":"ImageObject","inLanguage":"ro-RO","@id":"https:\/\/piatradepo.ro\/ro\/#\/schema\/logo\/image\/","url":"https:\/\/piatradepo.ro\/wp-content\/uploads\/2025\/01\/cropped-logo.jpg","contentUrl":"https:\/\/piatradepo.ro\/wp-content\/uploads\/2025\/01\/cropped-logo.jpg","width":100,"height":100,"caption":"Piatradepo"},"image":{"@id":"https:\/\/piatradepo.ro\/ro\/#\/schema\/logo\/image\/"}}]}},"_links":{"self":[{"href":"https:\/\/piatradepo.ro\/ro\/wp-json\/wp\/v2\/pages\/684","targetHints":{"allow":["GET"]}}],"collection":[{"href":"https:\/\/piatradepo.ro\/ro\/wp-json\/wp\/v2\/pages"}],"about":[{"href":"https:\/\/piatradepo.ro\/ro\/wp-json\/wp\/v2\/types\/page"}],"author":[{"embeddable":true,"href":"https:\/\/piatradepo.ro\/ro\/wp-json\/wp\/v2\/users\/1"}],"replies":[{"embeddable":true,"href":"https:\/\/piatradepo.ro\/ro\/wp-json\/wp\/v2\/comments?post=684"}],"version-history":[{"count":121,"href":"https:\/\/piatradepo.ro\/ro\/wp-json\/wp\/v2\/pages\/684\/revisions"}],"predecessor-version":[{"id":3179,"href":"https:\/\/piatradepo.ro\/ro\/wp-json\/wp\/v2\/pages\/684\/revisions\/3179"}],"wp:attachment":[{"href":"https:\/\/piatradepo.ro\/ro\/wp-json\/wp\/v2\/media?parent=684"}],"curies":[{"name":"wp","href":"https:\/\/api.w.org\/{rel}","templated":true}]}}