{"id":1060,"date":"2025-01-01T23:00:54","date_gmt":"2025-01-01T23:00:54","guid":{"rendered":"https:\/\/piatradepo.ro\/?post_type=product&#038;p=1060"},"modified":"2025-08-19T11:35:22","modified_gmt":"2025-08-19T11:35:22","slug":"boltari-modulo","status":"publish","type":"product","link":"https:\/\/piatradepo.ro\/ro\/product\/boltari-modulo\/","title":{"rendered":"Boltari Modulo"},"content":{"rendered":"<p>Modulo este un bloc de construc\u021bie modular contemporan, proiectat inovator pentru a permite crearea de caracteristici uimitoare \u00een gr\u0103dina dumneavoastr\u0103. Modulo adaug\u0103 noi dimensiuni proiectului t\u0103u de amenajare a teritoriului, iar construirea cu Moodul este foarte simpl\u0103.<br \/>\nCu Modulo pute\u021bi crea o structur\u0103 at\u00e2t de func\u021bional\u0103 sau artistic\u0103 pe c\u00e2t dori\u021bi. De la un simplu perete la o jardinier\u0103 atractiv\u0103, de la o banc\u0103 de baz\u0103 la o camer\u0103 complet\u0103 de exterior.<\/p>\n<p>Dimensiuni (LUNGIME X L\u0102\u0162IME X GROSIME):<br \/>\n60 cm x 30 cm x 9 cm Bol\u021bar<br \/>\n60 cm x 30 cm x 7,5 cm Capac<\/p>\n","protected":false},"excerpt":{"rendered":"<p>Modulo este un bloc de construc\u021bie modular contemporan, proiectat inovator pentru a permite crearea de caracteristici uimitoare \u00een gr\u0103dina dumneavoastr\u0103. Modulo adaug\u0103 noi dimensiuni proiectului t\u0103u de amenajare a teritoriului, iar construirea cu Moodul este foarte simpl\u0103. Cu Modulo pute\u021bi crea o structur\u0103 at\u00e2t de func\u021bional\u0103 sau artistic\u0103 pe c\u00e2t dori\u021bi. De la un simplu [&hellip;]<\/p>\n","protected":false},"featured_media":1075,"template":"","meta":[],"product_brand":[],"product_cat":[57,46,70,30],"product_tag":[],"class_list":{"0":"post-1060","1":"product","2":"type-product","3":"status-publish","4":"has-post-thumbnail","6":"product_cat-boltari","7":"product_cat-garduri","8":"product_cat-viastein","9":"product_cat-ziduri-garduri","11":"first","12":"instock","13":"sale","14":"shipping-taxable","15":"purchasable","16":"product-type-variable"},"yoast_head":"<!-- This site is optimized with the Yoast SEO plugin v27.3 - https:\/\/yoast.com\/product\/yoast-seo-wordpress\/ -->\n<title>Boltari Modulo - Piatradepo<\/title>\n<meta name=\"robots\" content=\"index, follow, max-snippet:-1, max-image-preview:large, max-video-preview:-1\" \/>\n<link rel=\"canonical\" href=\"https:\/\/piatradepo.ro\/ro\/product\/boltari-modulo\/\" \/>\n<meta property=\"og:locale\" content=\"ro_RO\" \/>\n<meta property=\"og:type\" content=\"article\" \/>\n<meta property=\"og:title\" content=\"Boltari Modulo - Piatradepo\" \/>\n<meta property=\"og:description\" content=\"Modulo este un bloc de construc\u021bie modular contemporan, proiectat inovator pentru a permite crearea de caracteristici uimitoare \u00een gr\u0103dina dumneavoastr\u0103. Modulo adaug\u0103 noi dimensiuni proiectului t\u0103u de amenajare a teritoriului, iar construirea cu Moodul este foarte simpl\u0103. Cu Modulo pute\u021bi crea o structur\u0103 at\u00e2t de func\u021bional\u0103 sau artistic\u0103 pe c\u00e2t dori\u021bi. De la un simplu [&hellip;]\" \/>\n<meta property=\"og:url\" content=\"https:\/\/piatradepo.ro\/ro\/product\/boltari-modulo\/\" \/>\n<meta property=\"og:site_name\" content=\"Piatradepo\" \/>\n<meta property=\"article:modified_time\" content=\"2025-08-19T11:35:22+00:00\" \/>\n<meta property=\"og:image\" content=\"https:\/\/piatradepo.ro\/wp-content\/uploads\/2025\/01\/Piatradepo-Modulo-Dark.jpg\" \/>\n\t<meta property=\"og:image:width\" content=\"850\" \/>\n\t<meta property=\"og:image:height\" content=\"550\" \/>\n\t<meta property=\"og:image:type\" content=\"image\/jpeg\" \/>\n<meta name=\"twitter:card\" content=\"summary_large_image\" \/>\n<meta name=\"twitter:label1\" content=\"Timp estimat pentru citire\" \/>\n\t<meta name=\"twitter:data1\" content=\"1 minut\" \/>\n<script type=\"application\/ld+json\" class=\"yoast-schema-graph\">{\"@context\":\"https:\\\/\\\/schema.org\",\"@graph\":[{\"@type\":\"WebPage\",\"@id\":\"https:\\\/\\\/piatradepo.ro\\\/ro\\\/product\\\/boltari-modulo\\\/\",\"url\":\"https:\\\/\\\/piatradepo.ro\\\/ro\\\/product\\\/boltari-modulo\\\/\",\"name\":\"Boltari Modulo - Piatradepo\",\"isPartOf\":{\"@id\":\"https:\\\/\\\/piatradepo.ro\\\/ro\\\/#website\"},\"primaryImageOfPage\":{\"@id\":\"https:\\\/\\\/piatradepo.ro\\\/ro\\\/product\\\/boltari-modulo\\\/#primaryimage\"},\"image\":{\"@id\":\"https:\\\/\\\/piatradepo.ro\\\/ro\\\/product\\\/boltari-modulo\\\/#primaryimage\"},\"thumbnailUrl\":\"https:\\\/\\\/piatradepo.ro\\\/wp-content\\\/uploads\\\/2025\\\/01\\\/Piatradepo-Modulo-Dark.jpg\",\"datePublished\":\"2025-01-01T23:00:54+00:00\",\"dateModified\":\"2025-08-19T11:35:22+00:00\",\"breadcrumb\":{\"@id\":\"https:\\\/\\\/piatradepo.ro\\\/ro\\\/product\\\/boltari-modulo\\\/#breadcrumb\"},\"inLanguage\":\"ro-RO\",\"potentialAction\":[{\"@type\":\"ReadAction\",\"target\":[\"https:\\\/\\\/piatradepo.ro\\\/ro\\\/product\\\/boltari-modulo\\\/\"]}]},{\"@type\":\"ImageObject\",\"inLanguage\":\"ro-RO\",\"@id\":\"https:\\\/\\\/piatradepo.ro\\\/ro\\\/product\\\/boltari-modulo\\\/#primaryimage\",\"url\":\"https:\\\/\\\/piatradepo.ro\\\/wp-content\\\/uploads\\\/2025\\\/01\\\/Piatradepo-Modulo-Dark.jpg\",\"contentUrl\":\"https:\\\/\\\/piatradepo.ro\\\/wp-content\\\/uploads\\\/2025\\\/01\\\/Piatradepo-Modulo-Dark.jpg\",\"width\":850,\"height\":550,\"caption\":\"Modulo este un bloc de construc\u021bie modular contemporan, proiectat inovator pentru a permite crearea de caracteristici uimitoare \u00een gr\u0103dina dumneavoastr\u0103.\"},{\"@type\":\"BreadcrumbList\",\"@id\":\"https:\\\/\\\/piatradepo.ro\\\/ro\\\/product\\\/boltari-modulo\\\/#breadcrumb\",\"itemListElement\":[{\"@type\":\"ListItem\",\"position\":1,\"name\":\"Home\",\"item\":\"https:\\\/\\\/piatradepo.ro\\\/ro\\\/\"},{\"@type\":\"ListItem\",\"position\":2,\"name\":\"Shop\",\"item\":\"https:\\\/\\\/piatradepo.ro\\\/ro\\\/shop\\\/\"},{\"@type\":\"ListItem\",\"position\":3,\"name\":\"Boltari Modulo\"}]},{\"@type\":\"WebSite\",\"@id\":\"https:\\\/\\\/piatradepo.ro\\\/ro\\\/#website\",\"url\":\"https:\\\/\\\/piatradepo.ro\\\/ro\\\/\",\"name\":\"Piatradepo\",\"description\":\"Elemente de placare premium pentru perete, soclu, gard, baie, buc\u0103t\u0103rie, elemente de gard, dale.\",\"publisher\":{\"@id\":\"https:\\\/\\\/piatradepo.ro\\\/ro\\\/#organization\"},\"potentialAction\":[{\"@type\":\"SearchAction\",\"target\":{\"@type\":\"EntryPoint\",\"urlTemplate\":\"https:\\\/\\\/piatradepo.ro\\\/ro\\\/?s={search_term_string}\"},\"query-input\":{\"@type\":\"PropertyValueSpecification\",\"valueRequired\":true,\"valueName\":\"search_term_string\"}}],\"inLanguage\":\"ro-RO\"},{\"@type\":\"Organization\",\"@id\":\"https:\\\/\\\/piatradepo.ro\\\/ro\\\/#organization\",\"name\":\"Piatradepo\",\"url\":\"https:\\\/\\\/piatradepo.ro\\\/ro\\\/\",\"logo\":{\"@type\":\"ImageObject\",\"inLanguage\":\"ro-RO\",\"@id\":\"https:\\\/\\\/piatradepo.ro\\\/ro\\\/#\\\/schema\\\/logo\\\/image\\\/\",\"url\":\"https:\\\/\\\/piatradepo.ro\\\/wp-content\\\/uploads\\\/2025\\\/01\\\/cropped-logo.jpg\",\"contentUrl\":\"https:\\\/\\\/piatradepo.ro\\\/wp-content\\\/uploads\\\/2025\\\/01\\\/cropped-logo.jpg\",\"width\":100,\"height\":100,\"caption\":\"Piatradepo\"},\"image\":{\"@id\":\"https:\\\/\\\/piatradepo.ro\\\/ro\\\/#\\\/schema\\\/logo\\\/image\\\/\"}}]}<\/script>\n<!-- \/ Yoast SEO plugin. -->","yoast_head_json":{"title":"Boltari Modulo - Piatradepo","robots":{"index":"index","follow":"follow","max-snippet":"max-snippet:-1","max-image-preview":"max-image-preview:large","max-video-preview":"max-video-preview:-1"},"canonical":"https:\/\/piatradepo.ro\/ro\/product\/boltari-modulo\/","og_locale":"ro_RO","og_type":"article","og_title":"Boltari Modulo - Piatradepo","og_description":"Modulo este un bloc de construc\u021bie modular contemporan, proiectat inovator pentru a permite crearea de caracteristici uimitoare \u00een gr\u0103dina dumneavoastr\u0103. Modulo adaug\u0103 noi dimensiuni proiectului t\u0103u de amenajare a teritoriului, iar construirea cu Moodul este foarte simpl\u0103. Cu Modulo pute\u021bi crea o structur\u0103 at\u00e2t de func\u021bional\u0103 sau artistic\u0103 pe c\u00e2t dori\u021bi. De la un simplu [&hellip;]","og_url":"https:\/\/piatradepo.ro\/ro\/product\/boltari-modulo\/","og_site_name":"Piatradepo","article_modified_time":"2025-08-19T11:35:22+00:00","og_image":[{"width":850,"height":550,"url":"https:\/\/piatradepo.ro\/wp-content\/uploads\/2025\/01\/Piatradepo-Modulo-Dark.jpg","type":"image\/jpeg"}],"twitter_card":"summary_large_image","twitter_misc":{"Timp estimat pentru citire":"1 minut"},"schema":{"@context":"https:\/\/schema.org","@graph":[{"@type":"WebPage","@id":"https:\/\/piatradepo.ro\/ro\/product\/boltari-modulo\/","url":"https:\/\/piatradepo.ro\/ro\/product\/boltari-modulo\/","name":"Boltari Modulo - Piatradepo","isPartOf":{"@id":"https:\/\/piatradepo.ro\/ro\/#website"},"primaryImageOfPage":{"@id":"https:\/\/piatradepo.ro\/ro\/product\/boltari-modulo\/#primaryimage"},"image":{"@id":"https:\/\/piatradepo.ro\/ro\/product\/boltari-modulo\/#primaryimage"},"thumbnailUrl":"https:\/\/piatradepo.ro\/wp-content\/uploads\/2025\/01\/Piatradepo-Modulo-Dark.jpg","datePublished":"2025-01-01T23:00:54+00:00","dateModified":"2025-08-19T11:35:22+00:00","breadcrumb":{"@id":"https:\/\/piatradepo.ro\/ro\/product\/boltari-modulo\/#breadcrumb"},"inLanguage":"ro-RO","potentialAction":[{"@type":"ReadAction","target":["https:\/\/piatradepo.ro\/ro\/product\/boltari-modulo\/"]}]},{"@type":"ImageObject","inLanguage":"ro-RO","@id":"https:\/\/piatradepo.ro\/ro\/product\/boltari-modulo\/#primaryimage","url":"https:\/\/piatradepo.ro\/wp-content\/uploads\/2025\/01\/Piatradepo-Modulo-Dark.jpg","contentUrl":"https:\/\/piatradepo.ro\/wp-content\/uploads\/2025\/01\/Piatradepo-Modulo-Dark.jpg","width":850,"height":550,"caption":"Modulo este un bloc de construc\u021bie modular contemporan, proiectat inovator pentru a permite crearea de caracteristici uimitoare \u00een gr\u0103dina dumneavoastr\u0103."},{"@type":"BreadcrumbList","@id":"https:\/\/piatradepo.ro\/ro\/product\/boltari-modulo\/#breadcrumb","itemListElement":[{"@type":"ListItem","position":1,"name":"Home","item":"https:\/\/piatradepo.ro\/ro\/"},{"@type":"ListItem","position":2,"name":"Shop","item":"https:\/\/piatradepo.ro\/ro\/shop\/"},{"@type":"ListItem","position":3,"name":"Boltari Modulo"}]},{"@type":"WebSite","@id":"https:\/\/piatradepo.ro\/ro\/#website","url":"https:\/\/piatradepo.ro\/ro\/","name":"Piatradepo","description":"Elemente de placare premium pentru perete, soclu, gard, baie, buc\u0103t\u0103rie, elemente de gard, dale.","publisher":{"@id":"https:\/\/piatradepo.ro\/ro\/#organization"},"potentialAction":[{"@type":"SearchAction","target":{"@type":"EntryPoint","urlTemplate":"https:\/\/piatradepo.ro\/ro\/?s={search_term_string}"},"query-input":{"@type":"PropertyValueSpecification","valueRequired":true,"valueName":"search_term_string"}}],"inLanguage":"ro-RO"},{"@type":"Organization","@id":"https:\/\/piatradepo.ro\/ro\/#organization","name":"Piatradepo","url":"https:\/\/piatradepo.ro\/ro\/","logo":{"@type":"ImageObject","inLanguage":"ro-RO","@id":"https:\/\/piatradepo.ro\/ro\/#\/schema\/logo\/image\/","url":"https:\/\/piatradepo.ro\/wp-content\/uploads\/2025\/01\/cropped-logo.jpg","contentUrl":"https:\/\/piatradepo.ro\/wp-content\/uploads\/2025\/01\/cropped-logo.jpg","width":100,"height":100,"caption":"Piatradepo"},"image":{"@id":"https:\/\/piatradepo.ro\/ro\/#\/schema\/logo\/image\/"}}]}},"_links":{"self":[{"href":"https:\/\/piatradepo.ro\/ro\/wp-json\/wp\/v2\/product\/1060","targetHints":{"allow":["GET"]}}],"collection":[{"href":"https:\/\/piatradepo.ro\/ro\/wp-json\/wp\/v2\/product"}],"about":[{"href":"https:\/\/piatradepo.ro\/ro\/wp-json\/wp\/v2\/types\/product"}],"wp:featuredmedia":[{"embeddable":true,"href":"https:\/\/piatradepo.ro\/ro\/wp-json\/wp\/v2\/media\/1075"}],"wp:attachment":[{"href":"https:\/\/piatradepo.ro\/ro\/wp-json\/wp\/v2\/media?parent=1060"}],"wp:term":[{"taxonomy":"product_brand","embeddable":true,"href":"https:\/\/piatradepo.ro\/ro\/wp-json\/wp\/v2\/product_brand?post=1060"},{"taxonomy":"product_cat","embeddable":true,"href":"https:\/\/piatradepo.ro\/ro\/wp-json\/wp\/v2\/product_cat?post=1060"},{"taxonomy":"product_tag","embeddable":true,"href":"https:\/\/piatradepo.ro\/ro\/wp-json\/wp\/v2\/product_tag?post=1060"}],"curies":[{"name":"wp","href":"https:\/\/api.w.org\/{rel}","templated":true}]}}