{"id":1262,"date":"2025-01-01T22:54:15","date_gmt":"2025-01-01T22:54:15","guid":{"rendered":"https:\/\/piatradepo.ro\/?post_type=product&#038;p=1262"},"modified":"2025-02-18T12:28:05","modified_gmt":"2025-02-18T12:28:05","slug":"gard-aluminiu","status":"publish","type":"product","link":"https:\/\/piatradepo.ro\/ro\/product\/gard-aluminiu\/","title":{"rendered":"Gard Aluminiu"},"content":{"rendered":"<div style=\"text-align: justify;\">Sistemul nostru de gard este realizat din aluminiu, ceea ce \u00eel face durabil, nu mai este nevoie s\u0103 vopsi\u021bi, rezista la v\u00e2nt, vreme ploioas\u0103, raze UV puternice \u0219i nu rugine\u0219te niciodat\u0103. Gardurile \u0219i portile din aluminiu au o durat\u0103 de via\u021b\u0103 indelungat\u0103, spre deosebire de alte materiale care se degradeaz\u0103 \u00een timp.<br \/>\nCel mai mare avantaj al gardului din aluminiu este c\u0103 \u0219uruburile utilizate \u00een timpul instal\u0103rii sunt mascate cu un profil de acoperire, astfel \u00eenc\u00e2t s\u0103 ob\u021bine\u021bi aceea\u0219i vedere din gr\u0103din\u0103 \u0219i din strad\u0103. Sistemul nostru poate fi folosit at\u00e2t ca gard, balustrad\u0103, pergol\u0103, c\u00e2t \u0219i pentru diverse accesorii pentru exterior: co\u0219 de gunoi, b\u0103ncute, pere\u021bi desp\u0103r\u021bitori, chiar \u0219i lambriu.<\/div>\n","protected":false},"excerpt":{"rendered":"<p>Sistemul nostru de gard este realizat din aluminiu, ceea ce \u00eel face durabil, nu mai este nevoie s\u0103 vopsi\u021bi, rezista la v\u00e2nt, vreme ploioas\u0103, raze UV puternice \u0219i nu rugine\u0219te niciodat\u0103. Gardurile \u0219i portile din aluminiu au o durat\u0103 de via\u021b\u0103 indelungat\u0103, spre deosebire de alte materiale care se degradeaz\u0103 \u00een timp. Cel mai mare [&hellip;]<\/p>\n","protected":false},"featured_media":1289,"template":"","meta":[],"product_brand":[],"product_cat":[46,30],"product_tag":[],"class_list":{"0":"post-1262","1":"product","2":"type-product","3":"status-publish","4":"has-post-thumbnail","6":"product_cat-garduri","7":"product_cat-ziduri-garduri","9":"first","10":"instock","11":"shipping-taxable","12":"purchasable","13":"product-type-variable"},"yoast_head":"<!-- This site is optimized with the Yoast SEO plugin v27.3 - https:\/\/yoast.com\/product\/yoast-seo-wordpress\/ -->\n<title>Gard Aluminiu - Piatradepo<\/title>\n<meta name=\"robots\" content=\"index, follow, max-snippet:-1, max-image-preview:large, max-video-preview:-1\" \/>\n<link rel=\"canonical\" href=\"https:\/\/piatradepo.ro\/ro\/product\/gard-aluminiu\/\" \/>\n<meta property=\"og:locale\" content=\"ro_RO\" \/>\n<meta property=\"og:type\" content=\"article\" \/>\n<meta property=\"og:title\" content=\"Gard Aluminiu - Piatradepo\" \/>\n<meta property=\"og:description\" content=\"Sistemul nostru de gard este realizat din aluminiu, ceea ce \u00eel face durabil, nu mai este nevoie s\u0103 vopsi\u021bi, rezista la v\u00e2nt, vreme ploioas\u0103, raze UV puternice \u0219i nu rugine\u0219te niciodat\u0103. Gardurile \u0219i portile din aluminiu au o durat\u0103 de via\u021b\u0103 indelungat\u0103, spre deosebire de alte materiale care se degradeaz\u0103 \u00een timp. Cel mai mare [&hellip;]\" \/>\n<meta property=\"og:url\" content=\"https:\/\/piatradepo.ro\/ro\/product\/gard-aluminiu\/\" \/>\n<meta property=\"og:site_name\" content=\"Piatradepo\" \/>\n<meta property=\"article:modified_time\" content=\"2025-02-18T12:28:05+00:00\" \/>\n<meta property=\"og:image\" content=\"https:\/\/piatradepo.ro\/wp-content\/uploads\/2025\/01\/Pavajele-Gard-aluminiu-Gri-Antracit.jpg\" \/>\n\t<meta property=\"og:image:width\" content=\"1164\" \/>\n\t<meta property=\"og:image:height\" content=\"640\" \/>\n\t<meta property=\"og:image:type\" content=\"image\/jpeg\" \/>\n<meta name=\"twitter:card\" content=\"summary_large_image\" \/>\n<meta name=\"twitter:label1\" content=\"Timp estimat pentru citire\" \/>\n\t<meta name=\"twitter:data1\" content=\"1 minut\" \/>\n<script type=\"application\/ld+json\" class=\"yoast-schema-graph\">{\"@context\":\"https:\\\/\\\/schema.org\",\"@graph\":[{\"@type\":\"WebPage\",\"@id\":\"https:\\\/\\\/piatradepo.ro\\\/ro\\\/product\\\/gard-aluminiu\\\/\",\"url\":\"https:\\\/\\\/piatradepo.ro\\\/ro\\\/product\\\/gard-aluminiu\\\/\",\"name\":\"Gard Aluminiu - Piatradepo\",\"isPartOf\":{\"@id\":\"https:\\\/\\\/piatradepo.ro\\\/ro\\\/#website\"},\"primaryImageOfPage\":{\"@id\":\"https:\\\/\\\/piatradepo.ro\\\/ro\\\/product\\\/gard-aluminiu\\\/#primaryimage\"},\"image\":{\"@id\":\"https:\\\/\\\/piatradepo.ro\\\/ro\\\/product\\\/gard-aluminiu\\\/#primaryimage\"},\"thumbnailUrl\":\"https:\\\/\\\/piatradepo.ro\\\/wp-content\\\/uploads\\\/2025\\\/01\\\/Pavajele-Gard-aluminiu-Gri-Antracit.jpg\",\"datePublished\":\"2025-01-01T22:54:15+00:00\",\"dateModified\":\"2025-02-18T12:28:05+00:00\",\"breadcrumb\":{\"@id\":\"https:\\\/\\\/piatradepo.ro\\\/ro\\\/product\\\/gard-aluminiu\\\/#breadcrumb\"},\"inLanguage\":\"ro-RO\",\"potentialAction\":[{\"@type\":\"ReadAction\",\"target\":[\"https:\\\/\\\/piatradepo.ro\\\/ro\\\/product\\\/gard-aluminiu\\\/\"]}]},{\"@type\":\"ImageObject\",\"inLanguage\":\"ro-RO\",\"@id\":\"https:\\\/\\\/piatradepo.ro\\\/ro\\\/product\\\/gard-aluminiu\\\/#primaryimage\",\"url\":\"https:\\\/\\\/piatradepo.ro\\\/wp-content\\\/uploads\\\/2025\\\/01\\\/Pavajele-Gard-aluminiu-Gri-Antracit.jpg\",\"contentUrl\":\"https:\\\/\\\/piatradepo.ro\\\/wp-content\\\/uploads\\\/2025\\\/01\\\/Pavajele-Gard-aluminiu-Gri-Antracit.jpg\",\"width\":1164,\"height\":640,\"caption\":\"Sistemul nostru de gard este realizat din aluminiu, ceea ce \u00eel face durabil, nu mai este nevoie s\u0103 vopsi\u021bi, rezista la v\u00e2nt, vreme ploioas\u0103, raze UV puternice \u0219i nu rugine\u0219te niciodat\u0103. Gardurile \u0219i portile din aluminiu au o durat\u0103 de via\u021b\u0103 indelungat\u0103, spre deosebire de alte materiale care se degradeaz\u0103 \u00een timp.\"},{\"@type\":\"BreadcrumbList\",\"@id\":\"https:\\\/\\\/piatradepo.ro\\\/ro\\\/product\\\/gard-aluminiu\\\/#breadcrumb\",\"itemListElement\":[{\"@type\":\"ListItem\",\"position\":1,\"name\":\"Home\",\"item\":\"https:\\\/\\\/piatradepo.ro\\\/ro\\\/\"},{\"@type\":\"ListItem\",\"position\":2,\"name\":\"Shop\",\"item\":\"https:\\\/\\\/piatradepo.ro\\\/ro\\\/shop\\\/\"},{\"@type\":\"ListItem\",\"position\":3,\"name\":\"Gard Aluminiu\"}]},{\"@type\":\"WebSite\",\"@id\":\"https:\\\/\\\/piatradepo.ro\\\/ro\\\/#website\",\"url\":\"https:\\\/\\\/piatradepo.ro\\\/ro\\\/\",\"name\":\"Piatradepo\",\"description\":\"Elemente de placare premium pentru perete, soclu, gard, baie, buc\u0103t\u0103rie, elemente de gard, dale.\",\"publisher\":{\"@id\":\"https:\\\/\\\/piatradepo.ro\\\/ro\\\/#organization\"},\"potentialAction\":[{\"@type\":\"SearchAction\",\"target\":{\"@type\":\"EntryPoint\",\"urlTemplate\":\"https:\\\/\\\/piatradepo.ro\\\/ro\\\/?s={search_term_string}\"},\"query-input\":{\"@type\":\"PropertyValueSpecification\",\"valueRequired\":true,\"valueName\":\"search_term_string\"}}],\"inLanguage\":\"ro-RO\"},{\"@type\":\"Organization\",\"@id\":\"https:\\\/\\\/piatradepo.ro\\\/ro\\\/#organization\",\"name\":\"Piatradepo\",\"url\":\"https:\\\/\\\/piatradepo.ro\\\/ro\\\/\",\"logo\":{\"@type\":\"ImageObject\",\"inLanguage\":\"ro-RO\",\"@id\":\"https:\\\/\\\/piatradepo.ro\\\/ro\\\/#\\\/schema\\\/logo\\\/image\\\/\",\"url\":\"https:\\\/\\\/piatradepo.ro\\\/wp-content\\\/uploads\\\/2025\\\/01\\\/cropped-logo.jpg\",\"contentUrl\":\"https:\\\/\\\/piatradepo.ro\\\/wp-content\\\/uploads\\\/2025\\\/01\\\/cropped-logo.jpg\",\"width\":100,\"height\":100,\"caption\":\"Piatradepo\"},\"image\":{\"@id\":\"https:\\\/\\\/piatradepo.ro\\\/ro\\\/#\\\/schema\\\/logo\\\/image\\\/\"}}]}<\/script>\n<!-- \/ Yoast SEO plugin. -->","yoast_head_json":{"title":"Gard Aluminiu - Piatradepo","robots":{"index":"index","follow":"follow","max-snippet":"max-snippet:-1","max-image-preview":"max-image-preview:large","max-video-preview":"max-video-preview:-1"},"canonical":"https:\/\/piatradepo.ro\/ro\/product\/gard-aluminiu\/","og_locale":"ro_RO","og_type":"article","og_title":"Gard Aluminiu - Piatradepo","og_description":"Sistemul nostru de gard este realizat din aluminiu, ceea ce \u00eel face durabil, nu mai este nevoie s\u0103 vopsi\u021bi, rezista la v\u00e2nt, vreme ploioas\u0103, raze UV puternice \u0219i nu rugine\u0219te niciodat\u0103. Gardurile \u0219i portile din aluminiu au o durat\u0103 de via\u021b\u0103 indelungat\u0103, spre deosebire de alte materiale care se degradeaz\u0103 \u00een timp. Cel mai mare [&hellip;]","og_url":"https:\/\/piatradepo.ro\/ro\/product\/gard-aluminiu\/","og_site_name":"Piatradepo","article_modified_time":"2025-02-18T12:28:05+00:00","og_image":[{"width":1164,"height":640,"url":"https:\/\/piatradepo.ro\/wp-content\/uploads\/2025\/01\/Pavajele-Gard-aluminiu-Gri-Antracit.jpg","type":"image\/jpeg"}],"twitter_card":"summary_large_image","twitter_misc":{"Timp estimat pentru citire":"1 minut"},"schema":{"@context":"https:\/\/schema.org","@graph":[{"@type":"WebPage","@id":"https:\/\/piatradepo.ro\/ro\/product\/gard-aluminiu\/","url":"https:\/\/piatradepo.ro\/ro\/product\/gard-aluminiu\/","name":"Gard Aluminiu - Piatradepo","isPartOf":{"@id":"https:\/\/piatradepo.ro\/ro\/#website"},"primaryImageOfPage":{"@id":"https:\/\/piatradepo.ro\/ro\/product\/gard-aluminiu\/#primaryimage"},"image":{"@id":"https:\/\/piatradepo.ro\/ro\/product\/gard-aluminiu\/#primaryimage"},"thumbnailUrl":"https:\/\/piatradepo.ro\/wp-content\/uploads\/2025\/01\/Pavajele-Gard-aluminiu-Gri-Antracit.jpg","datePublished":"2025-01-01T22:54:15+00:00","dateModified":"2025-02-18T12:28:05+00:00","breadcrumb":{"@id":"https:\/\/piatradepo.ro\/ro\/product\/gard-aluminiu\/#breadcrumb"},"inLanguage":"ro-RO","potentialAction":[{"@type":"ReadAction","target":["https:\/\/piatradepo.ro\/ro\/product\/gard-aluminiu\/"]}]},{"@type":"ImageObject","inLanguage":"ro-RO","@id":"https:\/\/piatradepo.ro\/ro\/product\/gard-aluminiu\/#primaryimage","url":"https:\/\/piatradepo.ro\/wp-content\/uploads\/2025\/01\/Pavajele-Gard-aluminiu-Gri-Antracit.jpg","contentUrl":"https:\/\/piatradepo.ro\/wp-content\/uploads\/2025\/01\/Pavajele-Gard-aluminiu-Gri-Antracit.jpg","width":1164,"height":640,"caption":"Sistemul nostru de gard este realizat din aluminiu, ceea ce \u00eel face durabil, nu mai este nevoie s\u0103 vopsi\u021bi, rezista la v\u00e2nt, vreme ploioas\u0103, raze UV puternice \u0219i nu rugine\u0219te niciodat\u0103. Gardurile \u0219i portile din aluminiu au o durat\u0103 de via\u021b\u0103 indelungat\u0103, spre deosebire de alte materiale care se degradeaz\u0103 \u00een timp."},{"@type":"BreadcrumbList","@id":"https:\/\/piatradepo.ro\/ro\/product\/gard-aluminiu\/#breadcrumb","itemListElement":[{"@type":"ListItem","position":1,"name":"Home","item":"https:\/\/piatradepo.ro\/ro\/"},{"@type":"ListItem","position":2,"name":"Shop","item":"https:\/\/piatradepo.ro\/ro\/shop\/"},{"@type":"ListItem","position":3,"name":"Gard Aluminiu"}]},{"@type":"WebSite","@id":"https:\/\/piatradepo.ro\/ro\/#website","url":"https:\/\/piatradepo.ro\/ro\/","name":"Piatradepo","description":"Elemente de placare premium pentru perete, soclu, gard, baie, buc\u0103t\u0103rie, elemente de gard, dale.","publisher":{"@id":"https:\/\/piatradepo.ro\/ro\/#organization"},"potentialAction":[{"@type":"SearchAction","target":{"@type":"EntryPoint","urlTemplate":"https:\/\/piatradepo.ro\/ro\/?s={search_term_string}"},"query-input":{"@type":"PropertyValueSpecification","valueRequired":true,"valueName":"search_term_string"}}],"inLanguage":"ro-RO"},{"@type":"Organization","@id":"https:\/\/piatradepo.ro\/ro\/#organization","name":"Piatradepo","url":"https:\/\/piatradepo.ro\/ro\/","logo":{"@type":"ImageObject","inLanguage":"ro-RO","@id":"https:\/\/piatradepo.ro\/ro\/#\/schema\/logo\/image\/","url":"https:\/\/piatradepo.ro\/wp-content\/uploads\/2025\/01\/cropped-logo.jpg","contentUrl":"https:\/\/piatradepo.ro\/wp-content\/uploads\/2025\/01\/cropped-logo.jpg","width":100,"height":100,"caption":"Piatradepo"},"image":{"@id":"https:\/\/piatradepo.ro\/ro\/#\/schema\/logo\/image\/"}}]}},"_links":{"self":[{"href":"https:\/\/piatradepo.ro\/ro\/wp-json\/wp\/v2\/product\/1262","targetHints":{"allow":["GET"]}}],"collection":[{"href":"https:\/\/piatradepo.ro\/ro\/wp-json\/wp\/v2\/product"}],"about":[{"href":"https:\/\/piatradepo.ro\/ro\/wp-json\/wp\/v2\/types\/product"}],"wp:featuredmedia":[{"embeddable":true,"href":"https:\/\/piatradepo.ro\/ro\/wp-json\/wp\/v2\/media\/1289"}],"wp:attachment":[{"href":"https:\/\/piatradepo.ro\/ro\/wp-json\/wp\/v2\/media?parent=1262"}],"wp:term":[{"taxonomy":"product_brand","embeddable":true,"href":"https:\/\/piatradepo.ro\/ro\/wp-json\/wp\/v2\/product_brand?post=1262"},{"taxonomy":"product_cat","embeddable":true,"href":"https:\/\/piatradepo.ro\/ro\/wp-json\/wp\/v2\/product_cat?post=1262"},{"taxonomy":"product_tag","embeddable":true,"href":"https:\/\/piatradepo.ro\/ro\/wp-json\/wp\/v2\/product_tag?post=1262"}],"curies":[{"name":"wp","href":"https:\/\/api.w.org\/{rel}","templated":true}]}}