{"id":1369,"date":"2025-01-22T14:19:18","date_gmt":"2025-01-22T14:19:18","guid":{"rendered":"https:\/\/piatradepo.ro\/?post_type=product&#038;p=1369"},"modified":"2025-04-08T11:09:02","modified_gmt":"2025-04-08T11:09:02","slug":"piatra-decorativa-traverstone","status":"publish","type":"product","link":"https:\/\/piatradepo.ro\/ro\/product\/piatra-decorativa-traverstone\/","title":{"rendered":"Traverstone"},"content":{"rendered":"<div style=\"text-align: justify;\"><strong><span style=\"color: #f05a28;\"> Piatra decorativ\u0103 Traverstone <\/span><\/strong> ofer\u0103 un finisaj deosebit cu muchii drepte care reu\u0219e\u0219te s\u0103 \u00eembine cu succes teme contemporane \u0219i moderne pentru a ob\u021bine rezultate de excep\u021bie. Piatra decorativ\u0103 Traverstone este un produs nou, care completeaz\u0103 gama de produse STAR STONE \u0219i ajut\u0103 designerii s\u0103 creeze proiecte complet noi \u0219i cu un \u201caer\u201d unic. Decorarea cu acest material confer\u0103 ambientelor elegant\u0103, armonie \u0219i stil. Produsele originale STAR STONE sunt produse vibrocomprimate cu rezisten\u021b\u0103 de p\u00e2n\u0103 la 3 ori mare ca \u0219i a betonului turnat. Am definit responsabilitatea \u0219i respectul pentru client, demostr\u00e2nd c\u0103 produsele noastre rezist\u0103 la 28 de cicluri \u00eenghe\u021b \u2013 dezghe\u021b!<\/div>\n","protected":false},"excerpt":{"rendered":"<p>Piatra decorativ\u0103 Traverstone ofer\u0103 un finisaj deosebit cu muchii drepte care reu\u0219e\u0219te s\u0103 \u00eembine cu succes teme contemporane \u0219i moderne pentru a ob\u021bine rezultate de excep\u021bie. Piatra decorativ\u0103 Traverstone este un produs nou, care completeaz\u0103 gama de produse STAR STONE \u0219i ajut\u0103 designerii s\u0103 creeze proiecte complet noi \u0219i cu un \u201caer\u201d unic. Decorarea cu [&hellip;]<\/p>\n","protected":false},"featured_media":1379,"template":"","meta":[],"product_brand":[],"product_cat":[26,27,58,66,30],"product_tag":[],"class_list":{"0":"post-1369","1":"product","2":"type-product","3":"status-publish","4":"has-post-thumbnail","6":"product_cat-fatada","7":"product_cat-living","8":"product_cat-piatra-decorativa","9":"product_cat-star-stone","10":"product_cat-ziduri-garduri","12":"first","13":"instock","14":"shipping-taxable","15":"purchasable","16":"product-type-variable"},"yoast_head":"<!-- This site is optimized with the Yoast SEO plugin v27.3 - https:\/\/yoast.com\/product\/yoast-seo-wordpress\/ -->\n<title>Traverstone - Piatradepo<\/title>\n<meta name=\"robots\" content=\"index, follow, max-snippet:-1, max-image-preview:large, max-video-preview:-1\" \/>\n<link rel=\"canonical\" href=\"https:\/\/piatradepo.ro\/ro\/product\/piatra-decorativa-traverstone\/\" \/>\n<meta property=\"og:locale\" content=\"ro_RO\" \/>\n<meta property=\"og:type\" content=\"article\" \/>\n<meta property=\"og:title\" content=\"Traverstone - Piatradepo\" \/>\n<meta property=\"og:description\" content=\"Piatra decorativ\u0103 Traverstone ofer\u0103 un finisaj deosebit cu muchii drepte care reu\u0219e\u0219te s\u0103 \u00eembine cu succes teme contemporane \u0219i moderne pentru a ob\u021bine rezultate de excep\u021bie. Piatra decorativ\u0103 Traverstone este un produs nou, care completeaz\u0103 gama de produse STAR STONE \u0219i ajut\u0103 designerii s\u0103 creeze proiecte complet noi \u0219i cu un \u201caer\u201d unic. Decorarea cu [&hellip;]\" \/>\n<meta property=\"og:url\" content=\"https:\/\/piatradepo.ro\/ro\/product\/piatra-decorativa-traverstone\/\" \/>\n<meta property=\"og:site_name\" content=\"Piatradepo\" \/>\n<meta property=\"article:modified_time\" content=\"2025-04-08T11:09:02+00:00\" \/>\n<meta property=\"og:image\" content=\"https:\/\/piatradepo.ro\/wp-content\/uploads\/2025\/01\/piatra-decorativa-traverstone-15-scaled-1.jpg\" \/>\n\t<meta property=\"og:image:width\" content=\"1200\" \/>\n\t<meta property=\"og:image:height\" content=\"675\" \/>\n\t<meta property=\"og:image:type\" content=\"image\/jpeg\" \/>\n<meta name=\"twitter:card\" content=\"summary_large_image\" \/>\n<meta name=\"twitter:label1\" content=\"Timp estimat pentru citire\" \/>\n\t<meta name=\"twitter:data1\" content=\"1 minut\" \/>\n<script type=\"application\/ld+json\" class=\"yoast-schema-graph\">{\"@context\":\"https:\\\/\\\/schema.org\",\"@graph\":[{\"@type\":\"WebPage\",\"@id\":\"https:\\\/\\\/piatradepo.ro\\\/ro\\\/product\\\/piatra-decorativa-traverstone\\\/\",\"url\":\"https:\\\/\\\/piatradepo.ro\\\/ro\\\/product\\\/piatra-decorativa-traverstone\\\/\",\"name\":\"Traverstone - Piatradepo\",\"isPartOf\":{\"@id\":\"https:\\\/\\\/piatradepo.ro\\\/ro\\\/#website\"},\"primaryImageOfPage\":{\"@id\":\"https:\\\/\\\/piatradepo.ro\\\/ro\\\/product\\\/piatra-decorativa-traverstone\\\/#primaryimage\"},\"image\":{\"@id\":\"https:\\\/\\\/piatradepo.ro\\\/ro\\\/product\\\/piatra-decorativa-traverstone\\\/#primaryimage\"},\"thumbnailUrl\":\"https:\\\/\\\/piatradepo.ro\\\/wp-content\\\/uploads\\\/2025\\\/01\\\/piatra-decorativa-traverstone-15-scaled-1.jpg\",\"datePublished\":\"2025-01-22T14:19:18+00:00\",\"dateModified\":\"2025-04-08T11:09:02+00:00\",\"breadcrumb\":{\"@id\":\"https:\\\/\\\/piatradepo.ro\\\/ro\\\/product\\\/piatra-decorativa-traverstone\\\/#breadcrumb\"},\"inLanguage\":\"ro-RO\",\"potentialAction\":[{\"@type\":\"ReadAction\",\"target\":[\"https:\\\/\\\/piatradepo.ro\\\/ro\\\/product\\\/piatra-decorativa-traverstone\\\/\"]}]},{\"@type\":\"ImageObject\",\"inLanguage\":\"ro-RO\",\"@id\":\"https:\\\/\\\/piatradepo.ro\\\/ro\\\/product\\\/piatra-decorativa-traverstone\\\/#primaryimage\",\"url\":\"https:\\\/\\\/piatradepo.ro\\\/wp-content\\\/uploads\\\/2025\\\/01\\\/piatra-decorativa-traverstone-15-scaled-1.jpg\",\"contentUrl\":\"https:\\\/\\\/piatradepo.ro\\\/wp-content\\\/uploads\\\/2025\\\/01\\\/piatra-decorativa-traverstone-15-scaled-1.jpg\",\"width\":1200,\"height\":675},{\"@type\":\"BreadcrumbList\",\"@id\":\"https:\\\/\\\/piatradepo.ro\\\/ro\\\/product\\\/piatra-decorativa-traverstone\\\/#breadcrumb\",\"itemListElement\":[{\"@type\":\"ListItem\",\"position\":1,\"name\":\"Home\",\"item\":\"https:\\\/\\\/piatradepo.ro\\\/ro\\\/\"},{\"@type\":\"ListItem\",\"position\":2,\"name\":\"Shop\",\"item\":\"https:\\\/\\\/piatradepo.ro\\\/ro\\\/shop\\\/\"},{\"@type\":\"ListItem\",\"position\":3,\"name\":\"Traverstone\"}]},{\"@type\":\"WebSite\",\"@id\":\"https:\\\/\\\/piatradepo.ro\\\/ro\\\/#website\",\"url\":\"https:\\\/\\\/piatradepo.ro\\\/ro\\\/\",\"name\":\"Piatradepo\",\"description\":\"Elemente de placare premium pentru perete, soclu, gard, baie, buc\u0103t\u0103rie, elemente de gard, dale.\",\"publisher\":{\"@id\":\"https:\\\/\\\/piatradepo.ro\\\/ro\\\/#organization\"},\"potentialAction\":[{\"@type\":\"SearchAction\",\"target\":{\"@type\":\"EntryPoint\",\"urlTemplate\":\"https:\\\/\\\/piatradepo.ro\\\/ro\\\/?s={search_term_string}\"},\"query-input\":{\"@type\":\"PropertyValueSpecification\",\"valueRequired\":true,\"valueName\":\"search_term_string\"}}],\"inLanguage\":\"ro-RO\"},{\"@type\":\"Organization\",\"@id\":\"https:\\\/\\\/piatradepo.ro\\\/ro\\\/#organization\",\"name\":\"Piatradepo\",\"url\":\"https:\\\/\\\/piatradepo.ro\\\/ro\\\/\",\"logo\":{\"@type\":\"ImageObject\",\"inLanguage\":\"ro-RO\",\"@id\":\"https:\\\/\\\/piatradepo.ro\\\/ro\\\/#\\\/schema\\\/logo\\\/image\\\/\",\"url\":\"https:\\\/\\\/piatradepo.ro\\\/wp-content\\\/uploads\\\/2025\\\/01\\\/cropped-logo.jpg\",\"contentUrl\":\"https:\\\/\\\/piatradepo.ro\\\/wp-content\\\/uploads\\\/2025\\\/01\\\/cropped-logo.jpg\",\"width\":100,\"height\":100,\"caption\":\"Piatradepo\"},\"image\":{\"@id\":\"https:\\\/\\\/piatradepo.ro\\\/ro\\\/#\\\/schema\\\/logo\\\/image\\\/\"}}]}<\/script>\n<!-- \/ Yoast SEO plugin. -->","yoast_head_json":{"title":"Traverstone - Piatradepo","robots":{"index":"index","follow":"follow","max-snippet":"max-snippet:-1","max-image-preview":"max-image-preview:large","max-video-preview":"max-video-preview:-1"},"canonical":"https:\/\/piatradepo.ro\/ro\/product\/piatra-decorativa-traverstone\/","og_locale":"ro_RO","og_type":"article","og_title":"Traverstone - Piatradepo","og_description":"Piatra decorativ\u0103 Traverstone ofer\u0103 un finisaj deosebit cu muchii drepte care reu\u0219e\u0219te s\u0103 \u00eembine cu succes teme contemporane \u0219i moderne pentru a ob\u021bine rezultate de excep\u021bie. Piatra decorativ\u0103 Traverstone este un produs nou, care completeaz\u0103 gama de produse STAR STONE \u0219i ajut\u0103 designerii s\u0103 creeze proiecte complet noi \u0219i cu un \u201caer\u201d unic. Decorarea cu [&hellip;]","og_url":"https:\/\/piatradepo.ro\/ro\/product\/piatra-decorativa-traverstone\/","og_site_name":"Piatradepo","article_modified_time":"2025-04-08T11:09:02+00:00","og_image":[{"width":1200,"height":675,"url":"https:\/\/piatradepo.ro\/wp-content\/uploads\/2025\/01\/piatra-decorativa-traverstone-15-scaled-1.jpg","type":"image\/jpeg"}],"twitter_card":"summary_large_image","twitter_misc":{"Timp estimat pentru citire":"1 minut"},"schema":{"@context":"https:\/\/schema.org","@graph":[{"@type":"WebPage","@id":"https:\/\/piatradepo.ro\/ro\/product\/piatra-decorativa-traverstone\/","url":"https:\/\/piatradepo.ro\/ro\/product\/piatra-decorativa-traverstone\/","name":"Traverstone - Piatradepo","isPartOf":{"@id":"https:\/\/piatradepo.ro\/ro\/#website"},"primaryImageOfPage":{"@id":"https:\/\/piatradepo.ro\/ro\/product\/piatra-decorativa-traverstone\/#primaryimage"},"image":{"@id":"https:\/\/piatradepo.ro\/ro\/product\/piatra-decorativa-traverstone\/#primaryimage"},"thumbnailUrl":"https:\/\/piatradepo.ro\/wp-content\/uploads\/2025\/01\/piatra-decorativa-traverstone-15-scaled-1.jpg","datePublished":"2025-01-22T14:19:18+00:00","dateModified":"2025-04-08T11:09:02+00:00","breadcrumb":{"@id":"https:\/\/piatradepo.ro\/ro\/product\/piatra-decorativa-traverstone\/#breadcrumb"},"inLanguage":"ro-RO","potentialAction":[{"@type":"ReadAction","target":["https:\/\/piatradepo.ro\/ro\/product\/piatra-decorativa-traverstone\/"]}]},{"@type":"ImageObject","inLanguage":"ro-RO","@id":"https:\/\/piatradepo.ro\/ro\/product\/piatra-decorativa-traverstone\/#primaryimage","url":"https:\/\/piatradepo.ro\/wp-content\/uploads\/2025\/01\/piatra-decorativa-traverstone-15-scaled-1.jpg","contentUrl":"https:\/\/piatradepo.ro\/wp-content\/uploads\/2025\/01\/piatra-decorativa-traverstone-15-scaled-1.jpg","width":1200,"height":675},{"@type":"BreadcrumbList","@id":"https:\/\/piatradepo.ro\/ro\/product\/piatra-decorativa-traverstone\/#breadcrumb","itemListElement":[{"@type":"ListItem","position":1,"name":"Home","item":"https:\/\/piatradepo.ro\/ro\/"},{"@type":"ListItem","position":2,"name":"Shop","item":"https:\/\/piatradepo.ro\/ro\/shop\/"},{"@type":"ListItem","position":3,"name":"Traverstone"}]},{"@type":"WebSite","@id":"https:\/\/piatradepo.ro\/ro\/#website","url":"https:\/\/piatradepo.ro\/ro\/","name":"Piatradepo","description":"Elemente de placare premium pentru perete, soclu, gard, baie, buc\u0103t\u0103rie, elemente de gard, dale.","publisher":{"@id":"https:\/\/piatradepo.ro\/ro\/#organization"},"potentialAction":[{"@type":"SearchAction","target":{"@type":"EntryPoint","urlTemplate":"https:\/\/piatradepo.ro\/ro\/?s={search_term_string}"},"query-input":{"@type":"PropertyValueSpecification","valueRequired":true,"valueName":"search_term_string"}}],"inLanguage":"ro-RO"},{"@type":"Organization","@id":"https:\/\/piatradepo.ro\/ro\/#organization","name":"Piatradepo","url":"https:\/\/piatradepo.ro\/ro\/","logo":{"@type":"ImageObject","inLanguage":"ro-RO","@id":"https:\/\/piatradepo.ro\/ro\/#\/schema\/logo\/image\/","url":"https:\/\/piatradepo.ro\/wp-content\/uploads\/2025\/01\/cropped-logo.jpg","contentUrl":"https:\/\/piatradepo.ro\/wp-content\/uploads\/2025\/01\/cropped-logo.jpg","width":100,"height":100,"caption":"Piatradepo"},"image":{"@id":"https:\/\/piatradepo.ro\/ro\/#\/schema\/logo\/image\/"}}]}},"_links":{"self":[{"href":"https:\/\/piatradepo.ro\/ro\/wp-json\/wp\/v2\/product\/1369","targetHints":{"allow":["GET"]}}],"collection":[{"href":"https:\/\/piatradepo.ro\/ro\/wp-json\/wp\/v2\/product"}],"about":[{"href":"https:\/\/piatradepo.ro\/ro\/wp-json\/wp\/v2\/types\/product"}],"wp:featuredmedia":[{"embeddable":true,"href":"https:\/\/piatradepo.ro\/ro\/wp-json\/wp\/v2\/media\/1379"}],"wp:attachment":[{"href":"https:\/\/piatradepo.ro\/ro\/wp-json\/wp\/v2\/media?parent=1369"}],"wp:term":[{"taxonomy":"product_brand","embeddable":true,"href":"https:\/\/piatradepo.ro\/ro\/wp-json\/wp\/v2\/product_brand?post=1369"},{"taxonomy":"product_cat","embeddable":true,"href":"https:\/\/piatradepo.ro\/ro\/wp-json\/wp\/v2\/product_cat?post=1369"},{"taxonomy":"product_tag","embeddable":true,"href":"https:\/\/piatradepo.ro\/ro\/wp-json\/wp\/v2\/product_tag?post=1369"}],"curies":[{"name":"wp","href":"https:\/\/api.w.org\/{rel}","templated":true}]}}