{"id":1390,"date":"2025-01-22T14:39:51","date_gmt":"2025-01-22T14:39:51","guid":{"rendered":"https:\/\/piatradepo.ro\/?post_type=product&#038;p=1390"},"modified":"2025-02-07T12:56:40","modified_gmt":"2025-02-07T12:56:40","slug":"travertin-scapitat-rosu-caramiziu","status":"publish","type":"product","link":"https:\/\/piatradepo.ro\/ro\/product\/travertin-scapitat-rosu-caramiziu\/","title":{"rendered":"Travertin scapitat &#8211; Rosu Caramiziu"},"content":{"rendered":"<div style=\"text-align: justify;\">\n<p><strong><span style=\"color: #f05a28;\">Travertinul scapitat<\/span><\/strong> este o piatr\u0103 natural\u0103 scapitat\u0103, av\u00e2nd costuri eficiente \u0219i este u\u0219or de montat. Este ideal pentru a va amenaja casa sau gr\u0103dina \u0219i pentru a beneficia pe aceast\u0103 cale de un aspect cu totul \u0219i cu totul inedit. Nu necesit\u0103 \u00eentre\u021binere \u0219i contribuie \u00een mod vizibil la crearea unui spa\u021biu original \u0219i confortabil \u0219i a unui aspect futurist, aerisit \u0219i pl\u0103cut!<\/p>\n<p>Poate fi folosit\u0103 pentru cosmetizarea pere\u021bilor interiori, pere\u021bilor din b\u0103i, buc\u0103t\u0103rii, living-uri, dormitoare, birou-uri, holuri, sc\u0103ri interioare, placarea pere\u021bilor exteriori verticali: fa\u021bade, garduri, socluri, balcoane, ziduri de sustinere.<\/p>\n<\/div>\n","protected":false},"excerpt":{"rendered":"<p>Travertinul scapitat este o piatr\u0103 natural\u0103 scapitat\u0103, av\u00e2nd costuri eficiente \u0219i este u\u0219or de montat. Este ideal pentru a va amenaja casa sau gr\u0103dina \u0219i pentru a beneficia pe aceast\u0103 cale de un aspect cu totul \u0219i cu totul inedit. Nu necesit\u0103 \u00eentre\u021binere \u0219i contribuie \u00een mod vizibil la crearea unui spa\u021biu original \u0219i confortabil [&hellip;]<\/p>\n","protected":false},"featured_media":1391,"template":"","meta":[],"product_brand":[],"product_cat":[26,27,58,30],"product_tag":[],"class_list":{"0":"post-1390","1":"product","2":"type-product","3":"status-publish","4":"has-post-thumbnail","6":"product_cat-fatada","7":"product_cat-living","8":"product_cat-piatra-decorativa","9":"product_cat-ziduri-garduri","11":"first","12":"instock","13":"shipping-taxable","14":"purchasable","15":"product-type-simple"},"yoast_head":"<!-- This site is optimized with the Yoast SEO plugin v27.3 - https:\/\/yoast.com\/product\/yoast-seo-wordpress\/ -->\n<title>Travertin scapitat - Rosu Caramiziu - Piatradepo<\/title>\n<meta name=\"robots\" content=\"index, follow, max-snippet:-1, max-image-preview:large, max-video-preview:-1\" \/>\n<link rel=\"canonical\" href=\"https:\/\/piatradepo.ro\/ro\/product\/travertin-scapitat-rosu-caramiziu\/\" \/>\n<meta property=\"og:locale\" content=\"ro_RO\" \/>\n<meta property=\"og:type\" content=\"article\" \/>\n<meta property=\"og:title\" content=\"Travertin scapitat - Rosu Caramiziu - Piatradepo\" \/>\n<meta property=\"og:description\" content=\"Travertinul scapitat este o piatr\u0103 natural\u0103 scapitat\u0103, av\u00e2nd costuri eficiente \u0219i este u\u0219or de montat. Este ideal pentru a va amenaja casa sau gr\u0103dina \u0219i pentru a beneficia pe aceast\u0103 cale de un aspect cu totul \u0219i cu totul inedit. Nu necesit\u0103 \u00eentre\u021binere \u0219i contribuie \u00een mod vizibil la crearea unui spa\u021biu original \u0219i confortabil [&hellip;]\" \/>\n<meta property=\"og:url\" content=\"https:\/\/piatradepo.ro\/ro\/product\/travertin-scapitat-rosu-caramiziu\/\" \/>\n<meta property=\"og:site_name\" content=\"Piatradepo\" \/>\n<meta property=\"article:modified_time\" content=\"2025-02-07T12:56:40+00:00\" \/>\n<meta property=\"og:image\" content=\"https:\/\/piatradepo.ro\/wp-content\/uploads\/2025\/01\/Piatradepo-Travertin-Rosu.jpg\" \/>\n\t<meta property=\"og:image:width\" content=\"1164\" \/>\n\t<meta property=\"og:image:height\" content=\"760\" \/>\n\t<meta property=\"og:image:type\" content=\"image\/jpeg\" \/>\n<meta name=\"twitter:card\" content=\"summary_large_image\" \/>\n<meta name=\"twitter:label1\" content=\"Timp estimat pentru citire\" \/>\n\t<meta name=\"twitter:data1\" content=\"1 minut\" \/>\n<script type=\"application\/ld+json\" class=\"yoast-schema-graph\">{\"@context\":\"https:\\\/\\\/schema.org\",\"@graph\":[{\"@type\":\"WebPage\",\"@id\":\"https:\\\/\\\/piatradepo.ro\\\/ro\\\/product\\\/travertin-scapitat-rosu-caramiziu\\\/\",\"url\":\"https:\\\/\\\/piatradepo.ro\\\/ro\\\/product\\\/travertin-scapitat-rosu-caramiziu\\\/\",\"name\":\"Travertin scapitat - Rosu Caramiziu - Piatradepo\",\"isPartOf\":{\"@id\":\"https:\\\/\\\/piatradepo.ro\\\/ro\\\/#website\"},\"primaryImageOfPage\":{\"@id\":\"https:\\\/\\\/piatradepo.ro\\\/ro\\\/product\\\/travertin-scapitat-rosu-caramiziu\\\/#primaryimage\"},\"image\":{\"@id\":\"https:\\\/\\\/piatradepo.ro\\\/ro\\\/product\\\/travertin-scapitat-rosu-caramiziu\\\/#primaryimage\"},\"thumbnailUrl\":\"https:\\\/\\\/piatradepo.ro\\\/wp-content\\\/uploads\\\/2025\\\/01\\\/Piatradepo-Travertin-Rosu.jpg\",\"datePublished\":\"2025-01-22T14:39:51+00:00\",\"dateModified\":\"2025-02-07T12:56:40+00:00\",\"breadcrumb\":{\"@id\":\"https:\\\/\\\/piatradepo.ro\\\/ro\\\/product\\\/travertin-scapitat-rosu-caramiziu\\\/#breadcrumb\"},\"inLanguage\":\"ro-RO\",\"potentialAction\":[{\"@type\":\"ReadAction\",\"target\":[\"https:\\\/\\\/piatradepo.ro\\\/ro\\\/product\\\/travertin-scapitat-rosu-caramiziu\\\/\"]}]},{\"@type\":\"ImageObject\",\"inLanguage\":\"ro-RO\",\"@id\":\"https:\\\/\\\/piatradepo.ro\\\/ro\\\/product\\\/travertin-scapitat-rosu-caramiziu\\\/#primaryimage\",\"url\":\"https:\\\/\\\/piatradepo.ro\\\/wp-content\\\/uploads\\\/2025\\\/01\\\/Piatradepo-Travertin-Rosu.jpg\",\"contentUrl\":\"https:\\\/\\\/piatradepo.ro\\\/wp-content\\\/uploads\\\/2025\\\/01\\\/Piatradepo-Travertin-Rosu.jpg\",\"width\":1164,\"height\":760,\"caption\":\"Travertinul scapitat este o piatr\u0103 natural\u0103 scapitat\u0103, av\u00e2nd costuri eficiente \u0219i este u\u0219or de montat.\"},{\"@type\":\"BreadcrumbList\",\"@id\":\"https:\\\/\\\/piatradepo.ro\\\/ro\\\/product\\\/travertin-scapitat-rosu-caramiziu\\\/#breadcrumb\",\"itemListElement\":[{\"@type\":\"ListItem\",\"position\":1,\"name\":\"Home\",\"item\":\"https:\\\/\\\/piatradepo.ro\\\/ro\\\/\"},{\"@type\":\"ListItem\",\"position\":2,\"name\":\"Shop\",\"item\":\"https:\\\/\\\/piatradepo.ro\\\/ro\\\/shop\\\/\"},{\"@type\":\"ListItem\",\"position\":3,\"name\":\"Travertin scapitat &#8211; Rosu Caramiziu\"}]},{\"@type\":\"WebSite\",\"@id\":\"https:\\\/\\\/piatradepo.ro\\\/ro\\\/#website\",\"url\":\"https:\\\/\\\/piatradepo.ro\\\/ro\\\/\",\"name\":\"Piatradepo\",\"description\":\"Elemente de placare premium pentru perete, soclu, gard, baie, buc\u0103t\u0103rie, elemente de gard, dale.\",\"publisher\":{\"@id\":\"https:\\\/\\\/piatradepo.ro\\\/ro\\\/#organization\"},\"potentialAction\":[{\"@type\":\"SearchAction\",\"target\":{\"@type\":\"EntryPoint\",\"urlTemplate\":\"https:\\\/\\\/piatradepo.ro\\\/ro\\\/?s={search_term_string}\"},\"query-input\":{\"@type\":\"PropertyValueSpecification\",\"valueRequired\":true,\"valueName\":\"search_term_string\"}}],\"inLanguage\":\"ro-RO\"},{\"@type\":\"Organization\",\"@id\":\"https:\\\/\\\/piatradepo.ro\\\/ro\\\/#organization\",\"name\":\"Piatradepo\",\"url\":\"https:\\\/\\\/piatradepo.ro\\\/ro\\\/\",\"logo\":{\"@type\":\"ImageObject\",\"inLanguage\":\"ro-RO\",\"@id\":\"https:\\\/\\\/piatradepo.ro\\\/ro\\\/#\\\/schema\\\/logo\\\/image\\\/\",\"url\":\"https:\\\/\\\/piatradepo.ro\\\/wp-content\\\/uploads\\\/2025\\\/01\\\/cropped-logo.jpg\",\"contentUrl\":\"https:\\\/\\\/piatradepo.ro\\\/wp-content\\\/uploads\\\/2025\\\/01\\\/cropped-logo.jpg\",\"width\":100,\"height\":100,\"caption\":\"Piatradepo\"},\"image\":{\"@id\":\"https:\\\/\\\/piatradepo.ro\\\/ro\\\/#\\\/schema\\\/logo\\\/image\\\/\"}}]}<\/script>\n<!-- \/ Yoast SEO plugin. -->","yoast_head_json":{"title":"Travertin scapitat - Rosu Caramiziu - Piatradepo","robots":{"index":"index","follow":"follow","max-snippet":"max-snippet:-1","max-image-preview":"max-image-preview:large","max-video-preview":"max-video-preview:-1"},"canonical":"https:\/\/piatradepo.ro\/ro\/product\/travertin-scapitat-rosu-caramiziu\/","og_locale":"ro_RO","og_type":"article","og_title":"Travertin scapitat - Rosu Caramiziu - Piatradepo","og_description":"Travertinul scapitat este o piatr\u0103 natural\u0103 scapitat\u0103, av\u00e2nd costuri eficiente \u0219i este u\u0219or de montat. Este ideal pentru a va amenaja casa sau gr\u0103dina \u0219i pentru a beneficia pe aceast\u0103 cale de un aspect cu totul \u0219i cu totul inedit. Nu necesit\u0103 \u00eentre\u021binere \u0219i contribuie \u00een mod vizibil la crearea unui spa\u021biu original \u0219i confortabil [&hellip;]","og_url":"https:\/\/piatradepo.ro\/ro\/product\/travertin-scapitat-rosu-caramiziu\/","og_site_name":"Piatradepo","article_modified_time":"2025-02-07T12:56:40+00:00","og_image":[{"width":1164,"height":760,"url":"https:\/\/piatradepo.ro\/wp-content\/uploads\/2025\/01\/Piatradepo-Travertin-Rosu.jpg","type":"image\/jpeg"}],"twitter_card":"summary_large_image","twitter_misc":{"Timp estimat pentru citire":"1 minut"},"schema":{"@context":"https:\/\/schema.org","@graph":[{"@type":"WebPage","@id":"https:\/\/piatradepo.ro\/ro\/product\/travertin-scapitat-rosu-caramiziu\/","url":"https:\/\/piatradepo.ro\/ro\/product\/travertin-scapitat-rosu-caramiziu\/","name":"Travertin scapitat - Rosu Caramiziu - Piatradepo","isPartOf":{"@id":"https:\/\/piatradepo.ro\/ro\/#website"},"primaryImageOfPage":{"@id":"https:\/\/piatradepo.ro\/ro\/product\/travertin-scapitat-rosu-caramiziu\/#primaryimage"},"image":{"@id":"https:\/\/piatradepo.ro\/ro\/product\/travertin-scapitat-rosu-caramiziu\/#primaryimage"},"thumbnailUrl":"https:\/\/piatradepo.ro\/wp-content\/uploads\/2025\/01\/Piatradepo-Travertin-Rosu.jpg","datePublished":"2025-01-22T14:39:51+00:00","dateModified":"2025-02-07T12:56:40+00:00","breadcrumb":{"@id":"https:\/\/piatradepo.ro\/ro\/product\/travertin-scapitat-rosu-caramiziu\/#breadcrumb"},"inLanguage":"ro-RO","potentialAction":[{"@type":"ReadAction","target":["https:\/\/piatradepo.ro\/ro\/product\/travertin-scapitat-rosu-caramiziu\/"]}]},{"@type":"ImageObject","inLanguage":"ro-RO","@id":"https:\/\/piatradepo.ro\/ro\/product\/travertin-scapitat-rosu-caramiziu\/#primaryimage","url":"https:\/\/piatradepo.ro\/wp-content\/uploads\/2025\/01\/Piatradepo-Travertin-Rosu.jpg","contentUrl":"https:\/\/piatradepo.ro\/wp-content\/uploads\/2025\/01\/Piatradepo-Travertin-Rosu.jpg","width":1164,"height":760,"caption":"Travertinul scapitat este o piatr\u0103 natural\u0103 scapitat\u0103, av\u00e2nd costuri eficiente \u0219i este u\u0219or de montat."},{"@type":"BreadcrumbList","@id":"https:\/\/piatradepo.ro\/ro\/product\/travertin-scapitat-rosu-caramiziu\/#breadcrumb","itemListElement":[{"@type":"ListItem","position":1,"name":"Home","item":"https:\/\/piatradepo.ro\/ro\/"},{"@type":"ListItem","position":2,"name":"Shop","item":"https:\/\/piatradepo.ro\/ro\/shop\/"},{"@type":"ListItem","position":3,"name":"Travertin scapitat &#8211; Rosu Caramiziu"}]},{"@type":"WebSite","@id":"https:\/\/piatradepo.ro\/ro\/#website","url":"https:\/\/piatradepo.ro\/ro\/","name":"Piatradepo","description":"Elemente de placare premium pentru perete, soclu, gard, baie, buc\u0103t\u0103rie, elemente de gard, dale.","publisher":{"@id":"https:\/\/piatradepo.ro\/ro\/#organization"},"potentialAction":[{"@type":"SearchAction","target":{"@type":"EntryPoint","urlTemplate":"https:\/\/piatradepo.ro\/ro\/?s={search_term_string}"},"query-input":{"@type":"PropertyValueSpecification","valueRequired":true,"valueName":"search_term_string"}}],"inLanguage":"ro-RO"},{"@type":"Organization","@id":"https:\/\/piatradepo.ro\/ro\/#organization","name":"Piatradepo","url":"https:\/\/piatradepo.ro\/ro\/","logo":{"@type":"ImageObject","inLanguage":"ro-RO","@id":"https:\/\/piatradepo.ro\/ro\/#\/schema\/logo\/image\/","url":"https:\/\/piatradepo.ro\/wp-content\/uploads\/2025\/01\/cropped-logo.jpg","contentUrl":"https:\/\/piatradepo.ro\/wp-content\/uploads\/2025\/01\/cropped-logo.jpg","width":100,"height":100,"caption":"Piatradepo"},"image":{"@id":"https:\/\/piatradepo.ro\/ro\/#\/schema\/logo\/image\/"}}]}},"_links":{"self":[{"href":"https:\/\/piatradepo.ro\/ro\/wp-json\/wp\/v2\/product\/1390","targetHints":{"allow":["GET"]}}],"collection":[{"href":"https:\/\/piatradepo.ro\/ro\/wp-json\/wp\/v2\/product"}],"about":[{"href":"https:\/\/piatradepo.ro\/ro\/wp-json\/wp\/v2\/types\/product"}],"wp:featuredmedia":[{"embeddable":true,"href":"https:\/\/piatradepo.ro\/ro\/wp-json\/wp\/v2\/media\/1391"}],"wp:attachment":[{"href":"https:\/\/piatradepo.ro\/ro\/wp-json\/wp\/v2\/media?parent=1390"}],"wp:term":[{"taxonomy":"product_brand","embeddable":true,"href":"https:\/\/piatradepo.ro\/ro\/wp-json\/wp\/v2\/product_brand?post=1390"},{"taxonomy":"product_cat","embeddable":true,"href":"https:\/\/piatradepo.ro\/ro\/wp-json\/wp\/v2\/product_cat?post=1390"},{"taxonomy":"product_tag","embeddable":true,"href":"https:\/\/piatradepo.ro\/ro\/wp-json\/wp\/v2\/product_tag?post=1390"}],"curies":[{"name":"wp","href":"https:\/\/api.w.org\/{rel}","templated":true}]}}