{"id":1454,"date":"2025-01-23T08:35:33","date_gmt":"2025-01-23T08:35:33","guid":{"rendered":"https:\/\/piatradepo.ro\/?post_type=product&#038;p=1454"},"modified":"2025-02-17T14:00:21","modified_gmt":"2025-02-17T14:00:21","slug":"desalin-k","status":"publish","type":"product","link":"https:\/\/piatradepo.ro\/ro\/product\/desalin-k\/","title":{"rendered":"DeSalin K"},"content":{"rendered":"<div style=\"text-align: justify;\">\n<div style=\"text-align: justify;\">\n<p><strong><span style=\"color: #f05a28;\">DeSalin K <\/span><\/strong>este o solu\u021bie nanotehnologic\u0103 de cur\u0103\u021bare, cu ac\u021biune rapid\u0103 \u0219i eficient\u0103. Este ideal pentru cur\u0103\u021barea de vopsea, rugin\u0103, r\u0103\u0219in\u0103, ciment, clei, adeziv sau alte resturi organice de pe suprafe\u021be cu rezisten\u021b\u0103 chimic\u0103. Poate fi folosit pentru a elimina (de pe pl\u0103cile ceramice): stucul, mortarul \u0219i alte reziduuri pe baz\u0103 de ciment. DeSalin K este un cur\u0103\u021bitor puternic pe baz\u0103 de acid formic \u0219i acid hidrocloric care poate fi folosit doar la exterior.<\/p>\n<h3 class=\"icon-box-v4-body-title fg-text-dark ffb-title-1\">Siguran\u021b\u0103 \u0219i depozitare<\/h3>\n<ul>\n<li>Nociv \u00een caz de inhalare. Provoc\u0103 arsuri severe \u0219i leziuni oculare grave.<\/li>\n<li>Dup\u0103 utilizare sp\u0103la\u021bi cu ap\u0103 din abunden\u021b\u0103.<\/li>\n<li>Purta\u021bi echipament de protec\u021bie: m\u0103nu\u0219i, \u00eembr\u0103c\u0103minte, ochelari de protec\u021bie, protec\u021bia fe\u021bei. \u00cen cazul inhal\u0103rii muta\u021bi victima la aer curat \u0219i asigura\u021bi-v\u0103 c\u0103 respir\u0103 normal. Solicita\u021bi ajutor medical imediat.<\/li>\n<li>P\u0103stra\u021bi recipientul \u00eenchis ermetic \u0219i \u00een spa\u021bii bine ventilate.<\/li>\n<\/ul>\n<\/div>\n<\/div>\n","protected":false},"excerpt":{"rendered":"<p>DeSalin K este o solu\u021bie nanotehnologic\u0103 de cur\u0103\u021bare, cu ac\u021biune rapid\u0103 \u0219i eficient\u0103. Este ideal pentru cur\u0103\u021barea de vopsea, rugin\u0103, r\u0103\u0219in\u0103, ciment, clei, adeziv sau alte resturi organice de pe suprafe\u021be cu rezisten\u021b\u0103 chimic\u0103. Poate fi folosit pentru a elimina (de pe pl\u0103cile ceramice): stucul, mortarul \u0219i alte reziduuri pe baz\u0103 de ciment. DeSalin K [&hellip;]<\/p>\n","protected":false},"featured_media":1452,"template":"","meta":[],"product_brand":[],"product_cat":[52,37,66],"product_tag":[],"class_list":{"0":"post-1454","1":"product","2":"type-product","3":"status-publish","4":"has-post-thumbnail","6":"product_cat-accesorii","7":"product_cat-impermeabilizanti","8":"product_cat-star-stone","10":"first","11":"instock","12":"shipping-taxable","13":"purchasable","14":"product-type-variable"},"yoast_head":"<!-- This site is optimized with the Yoast SEO plugin v27.3 - https:\/\/yoast.com\/product\/yoast-seo-wordpress\/ -->\n<title>DeSalin K - Piatradepo<\/title>\n<meta name=\"robots\" content=\"index, follow, max-snippet:-1, max-image-preview:large, max-video-preview:-1\" \/>\n<link rel=\"canonical\" href=\"https:\/\/piatradepo.ro\/ro\/product\/desalin-k\/\" \/>\n<meta property=\"og:locale\" content=\"ro_RO\" \/>\n<meta property=\"og:type\" content=\"article\" \/>\n<meta property=\"og:title\" content=\"DeSalin K - Piatradepo\" \/>\n<meta property=\"og:description\" content=\"DeSalin K este o solu\u021bie nanotehnologic\u0103 de cur\u0103\u021bare, cu ac\u021biune rapid\u0103 \u0219i eficient\u0103. Este ideal pentru cur\u0103\u021barea de vopsea, rugin\u0103, r\u0103\u0219in\u0103, ciment, clei, adeziv sau alte resturi organice de pe suprafe\u021be cu rezisten\u021b\u0103 chimic\u0103. Poate fi folosit pentru a elimina (de pe pl\u0103cile ceramice): stucul, mortarul \u0219i alte reziduuri pe baz\u0103 de ciment. DeSalin K [&hellip;]\" \/>\n<meta property=\"og:url\" content=\"https:\/\/piatradepo.ro\/ro\/product\/desalin-k\/\" \/>\n<meta property=\"og:site_name\" content=\"Piatradepo\" \/>\n<meta property=\"article:modified_time\" content=\"2025-02-17T14:00:21+00:00\" \/>\n<meta property=\"og:image\" content=\"https:\/\/piatradepo.ro\/wp-content\/uploads\/2025\/01\/DeSalin-K.jpg\" \/>\n\t<meta property=\"og:image:width\" content=\"1164\" \/>\n\t<meta property=\"og:image:height\" content=\"767\" \/>\n\t<meta property=\"og:image:type\" content=\"image\/jpeg\" \/>\n<meta name=\"twitter:card\" content=\"summary_large_image\" \/>\n<meta name=\"twitter:label1\" content=\"Timp estimat pentru citire\" \/>\n\t<meta name=\"twitter:data1\" content=\"1 minut\" \/>\n<script type=\"application\/ld+json\" class=\"yoast-schema-graph\">{\"@context\":\"https:\\\/\\\/schema.org\",\"@graph\":[{\"@type\":\"WebPage\",\"@id\":\"https:\\\/\\\/piatradepo.ro\\\/ro\\\/product\\\/desalin-k\\\/\",\"url\":\"https:\\\/\\\/piatradepo.ro\\\/ro\\\/product\\\/desalin-k\\\/\",\"name\":\"DeSalin K - Piatradepo\",\"isPartOf\":{\"@id\":\"https:\\\/\\\/piatradepo.ro\\\/ro\\\/#website\"},\"primaryImageOfPage\":{\"@id\":\"https:\\\/\\\/piatradepo.ro\\\/ro\\\/product\\\/desalin-k\\\/#primaryimage\"},\"image\":{\"@id\":\"https:\\\/\\\/piatradepo.ro\\\/ro\\\/product\\\/desalin-k\\\/#primaryimage\"},\"thumbnailUrl\":\"https:\\\/\\\/piatradepo.ro\\\/wp-content\\\/uploads\\\/2025\\\/01\\\/DeSalin-K.jpg\",\"datePublished\":\"2025-01-23T08:35:33+00:00\",\"dateModified\":\"2025-02-17T14:00:21+00:00\",\"breadcrumb\":{\"@id\":\"https:\\\/\\\/piatradepo.ro\\\/ro\\\/product\\\/desalin-k\\\/#breadcrumb\"},\"inLanguage\":\"ro-RO\",\"potentialAction\":[{\"@type\":\"ReadAction\",\"target\":[\"https:\\\/\\\/piatradepo.ro\\\/ro\\\/product\\\/desalin-k\\\/\"]}]},{\"@type\":\"ImageObject\",\"inLanguage\":\"ro-RO\",\"@id\":\"https:\\\/\\\/piatradepo.ro\\\/ro\\\/product\\\/desalin-k\\\/#primaryimage\",\"url\":\"https:\\\/\\\/piatradepo.ro\\\/wp-content\\\/uploads\\\/2025\\\/01\\\/DeSalin-K.jpg\",\"contentUrl\":\"https:\\\/\\\/piatradepo.ro\\\/wp-content\\\/uploads\\\/2025\\\/01\\\/DeSalin-K.jpg\",\"width\":1164,\"height\":767,\"caption\":\"DeSalin K este o solu\u021bie nanotehnologic\u0103 de cur\u0103\u021bare, cu ac\u021biune rapid\u0103 \u0219i eficient\u0103.\"},{\"@type\":\"BreadcrumbList\",\"@id\":\"https:\\\/\\\/piatradepo.ro\\\/ro\\\/product\\\/desalin-k\\\/#breadcrumb\",\"itemListElement\":[{\"@type\":\"ListItem\",\"position\":1,\"name\":\"Home\",\"item\":\"https:\\\/\\\/piatradepo.ro\\\/ro\\\/\"},{\"@type\":\"ListItem\",\"position\":2,\"name\":\"Shop\",\"item\":\"https:\\\/\\\/piatradepo.ro\\\/ro\\\/shop\\\/\"},{\"@type\":\"ListItem\",\"position\":3,\"name\":\"DeSalin K\"}]},{\"@type\":\"WebSite\",\"@id\":\"https:\\\/\\\/piatradepo.ro\\\/ro\\\/#website\",\"url\":\"https:\\\/\\\/piatradepo.ro\\\/ro\\\/\",\"name\":\"Piatradepo\",\"description\":\"Elemente de placare premium pentru perete, soclu, gard, baie, buc\u0103t\u0103rie, elemente de gard, dale.\",\"publisher\":{\"@id\":\"https:\\\/\\\/piatradepo.ro\\\/ro\\\/#organization\"},\"potentialAction\":[{\"@type\":\"SearchAction\",\"target\":{\"@type\":\"EntryPoint\",\"urlTemplate\":\"https:\\\/\\\/piatradepo.ro\\\/ro\\\/?s={search_term_string}\"},\"query-input\":{\"@type\":\"PropertyValueSpecification\",\"valueRequired\":true,\"valueName\":\"search_term_string\"}}],\"inLanguage\":\"ro-RO\"},{\"@type\":\"Organization\",\"@id\":\"https:\\\/\\\/piatradepo.ro\\\/ro\\\/#organization\",\"name\":\"Piatradepo\",\"url\":\"https:\\\/\\\/piatradepo.ro\\\/ro\\\/\",\"logo\":{\"@type\":\"ImageObject\",\"inLanguage\":\"ro-RO\",\"@id\":\"https:\\\/\\\/piatradepo.ro\\\/ro\\\/#\\\/schema\\\/logo\\\/image\\\/\",\"url\":\"https:\\\/\\\/piatradepo.ro\\\/wp-content\\\/uploads\\\/2025\\\/01\\\/cropped-logo.jpg\",\"contentUrl\":\"https:\\\/\\\/piatradepo.ro\\\/wp-content\\\/uploads\\\/2025\\\/01\\\/cropped-logo.jpg\",\"width\":100,\"height\":100,\"caption\":\"Piatradepo\"},\"image\":{\"@id\":\"https:\\\/\\\/piatradepo.ro\\\/ro\\\/#\\\/schema\\\/logo\\\/image\\\/\"}}]}<\/script>\n<!-- \/ Yoast SEO plugin. -->","yoast_head_json":{"title":"DeSalin K - Piatradepo","robots":{"index":"index","follow":"follow","max-snippet":"max-snippet:-1","max-image-preview":"max-image-preview:large","max-video-preview":"max-video-preview:-1"},"canonical":"https:\/\/piatradepo.ro\/ro\/product\/desalin-k\/","og_locale":"ro_RO","og_type":"article","og_title":"DeSalin K - Piatradepo","og_description":"DeSalin K este o solu\u021bie nanotehnologic\u0103 de cur\u0103\u021bare, cu ac\u021biune rapid\u0103 \u0219i eficient\u0103. Este ideal pentru cur\u0103\u021barea de vopsea, rugin\u0103, r\u0103\u0219in\u0103, ciment, clei, adeziv sau alte resturi organice de pe suprafe\u021be cu rezisten\u021b\u0103 chimic\u0103. Poate fi folosit pentru a elimina (de pe pl\u0103cile ceramice): stucul, mortarul \u0219i alte reziduuri pe baz\u0103 de ciment. DeSalin K [&hellip;]","og_url":"https:\/\/piatradepo.ro\/ro\/product\/desalin-k\/","og_site_name":"Piatradepo","article_modified_time":"2025-02-17T14:00:21+00:00","og_image":[{"width":1164,"height":767,"url":"https:\/\/piatradepo.ro\/wp-content\/uploads\/2025\/01\/DeSalin-K.jpg","type":"image\/jpeg"}],"twitter_card":"summary_large_image","twitter_misc":{"Timp estimat pentru citire":"1 minut"},"schema":{"@context":"https:\/\/schema.org","@graph":[{"@type":"WebPage","@id":"https:\/\/piatradepo.ro\/ro\/product\/desalin-k\/","url":"https:\/\/piatradepo.ro\/ro\/product\/desalin-k\/","name":"DeSalin K - Piatradepo","isPartOf":{"@id":"https:\/\/piatradepo.ro\/ro\/#website"},"primaryImageOfPage":{"@id":"https:\/\/piatradepo.ro\/ro\/product\/desalin-k\/#primaryimage"},"image":{"@id":"https:\/\/piatradepo.ro\/ro\/product\/desalin-k\/#primaryimage"},"thumbnailUrl":"https:\/\/piatradepo.ro\/wp-content\/uploads\/2025\/01\/DeSalin-K.jpg","datePublished":"2025-01-23T08:35:33+00:00","dateModified":"2025-02-17T14:00:21+00:00","breadcrumb":{"@id":"https:\/\/piatradepo.ro\/ro\/product\/desalin-k\/#breadcrumb"},"inLanguage":"ro-RO","potentialAction":[{"@type":"ReadAction","target":["https:\/\/piatradepo.ro\/ro\/product\/desalin-k\/"]}]},{"@type":"ImageObject","inLanguage":"ro-RO","@id":"https:\/\/piatradepo.ro\/ro\/product\/desalin-k\/#primaryimage","url":"https:\/\/piatradepo.ro\/wp-content\/uploads\/2025\/01\/DeSalin-K.jpg","contentUrl":"https:\/\/piatradepo.ro\/wp-content\/uploads\/2025\/01\/DeSalin-K.jpg","width":1164,"height":767,"caption":"DeSalin K este o solu\u021bie nanotehnologic\u0103 de cur\u0103\u021bare, cu ac\u021biune rapid\u0103 \u0219i eficient\u0103."},{"@type":"BreadcrumbList","@id":"https:\/\/piatradepo.ro\/ro\/product\/desalin-k\/#breadcrumb","itemListElement":[{"@type":"ListItem","position":1,"name":"Home","item":"https:\/\/piatradepo.ro\/ro\/"},{"@type":"ListItem","position":2,"name":"Shop","item":"https:\/\/piatradepo.ro\/ro\/shop\/"},{"@type":"ListItem","position":3,"name":"DeSalin K"}]},{"@type":"WebSite","@id":"https:\/\/piatradepo.ro\/ro\/#website","url":"https:\/\/piatradepo.ro\/ro\/","name":"Piatradepo","description":"Elemente de placare premium pentru perete, soclu, gard, baie, buc\u0103t\u0103rie, elemente de gard, dale.","publisher":{"@id":"https:\/\/piatradepo.ro\/ro\/#organization"},"potentialAction":[{"@type":"SearchAction","target":{"@type":"EntryPoint","urlTemplate":"https:\/\/piatradepo.ro\/ro\/?s={search_term_string}"},"query-input":{"@type":"PropertyValueSpecification","valueRequired":true,"valueName":"search_term_string"}}],"inLanguage":"ro-RO"},{"@type":"Organization","@id":"https:\/\/piatradepo.ro\/ro\/#organization","name":"Piatradepo","url":"https:\/\/piatradepo.ro\/ro\/","logo":{"@type":"ImageObject","inLanguage":"ro-RO","@id":"https:\/\/piatradepo.ro\/ro\/#\/schema\/logo\/image\/","url":"https:\/\/piatradepo.ro\/wp-content\/uploads\/2025\/01\/cropped-logo.jpg","contentUrl":"https:\/\/piatradepo.ro\/wp-content\/uploads\/2025\/01\/cropped-logo.jpg","width":100,"height":100,"caption":"Piatradepo"},"image":{"@id":"https:\/\/piatradepo.ro\/ro\/#\/schema\/logo\/image\/"}}]}},"_links":{"self":[{"href":"https:\/\/piatradepo.ro\/ro\/wp-json\/wp\/v2\/product\/1454","targetHints":{"allow":["GET"]}}],"collection":[{"href":"https:\/\/piatradepo.ro\/ro\/wp-json\/wp\/v2\/product"}],"about":[{"href":"https:\/\/piatradepo.ro\/ro\/wp-json\/wp\/v2\/types\/product"}],"wp:featuredmedia":[{"embeddable":true,"href":"https:\/\/piatradepo.ro\/ro\/wp-json\/wp\/v2\/media\/1452"}],"wp:attachment":[{"href":"https:\/\/piatradepo.ro\/ro\/wp-json\/wp\/v2\/media?parent=1454"}],"wp:term":[{"taxonomy":"product_brand","embeddable":true,"href":"https:\/\/piatradepo.ro\/ro\/wp-json\/wp\/v2\/product_brand?post=1454"},{"taxonomy":"product_cat","embeddable":true,"href":"https:\/\/piatradepo.ro\/ro\/wp-json\/wp\/v2\/product_cat?post=1454"},{"taxonomy":"product_tag","embeddable":true,"href":"https:\/\/piatradepo.ro\/ro\/wp-json\/wp\/v2\/product_tag?post=1454"}],"curies":[{"name":"wp","href":"https:\/\/api.w.org\/{rel}","templated":true}]}}