{"id":1463,"date":"2025-01-23T08:44:27","date_gmt":"2025-01-23T08:44:27","guid":{"rendered":"https:\/\/piatradepo.ro\/?post_type=product&#038;p=1463"},"modified":"2025-02-17T14:00:01","modified_gmt":"2025-02-17T14:00:01","slug":"surfapore-m","status":"publish","type":"product","link":"https:\/\/piatradepo.ro\/ro\/product\/surfapore-m\/","title":{"rendered":"SurfaPore M"},"content":{"rendered":"<div style=\"text-align: justify;\">\n<div style=\"text-align: justify;\">\n<div style=\"text-align: justify;\"><strong><span style=\"color: #f05a28;\">SurfaPore M <\/span><\/strong> este o solu\u021bie pe baz\u0103 de ap\u0103, creat\u0103 special pentru a exploata puterea nanotehnologiei, cu scopul ob\u021binerii impermeabiliz\u0103rii suprafe\u021belor pe care este aplicat\u0103. Con\u021bine un amestec de particule de diferite dimensiuni, astfel \u00eenc\u00e2t suprafe\u021bele poroase (cum sunt: marmura, granitul \u0219i piatra) \u0219i cele absorbante (cimentul sau pietrele) s\u0103 fie tratate cu usurin\u021b\u0103.<br \/>\nPetele pot distruge pavajele din piatr\u0103, marmur\u0103, suprafe\u021bele din granit \u0219i ciment. SurfaPore M protejeaz\u0103 aceste suprafe\u021be \u00eempotriva petelor, dar, \u00een acela\u0219i timp, le asigur\u0103 \u0219i impermeabilizarea la ulei \u0219i la ap\u0103. Analiza microscopic\u0103 a suprafe\u021belor din marmur\u0103, granit \u0219i piatr\u0103 scoate la iveala o multitudine de pori interconecta\u021bi care sunt predispu\u0219i la acumularea murd\u0103riei \u0219i formarea petelor, ceea ce duce la pierderea luciului \u0219i a aspectului lor natural. SurfaPore M \u00eembrac\u0103 porii suprafe\u021belor pre\u021bioase f\u0103r\u0103 a le schimba aspectul \u0219i le confer\u0103 capacitatea de a respinge petele pe baza de ulei. Astfel este ob\u021binut un dublu efect: protec\u021bia pasiv\u0103, prin \u00eembr\u0103carea suprafe\u021bei porilor, \u0219i protec\u021bia activ\u0103, prin combaterea gr\u0103similor. SurfaPore M formeaz\u0103 un scut protector eficient!<\/div>\n<div>\n<h3>Propriet\u0103\u021bi fizice<\/h3>\n<ul>\n<li>Emulsie pe baza de ap\u0103, alb-laptoas\u0103, cu un u\u0219or miros \u0219i PH=6<\/li>\n<li>Punct de fierbere: &gt;100\u00b0 C.<\/li>\n<li>Punct de autoaprindere: &gt;100\u00b0 C<\/li>\n<li>Densitate: 0,98 g\/cm \u03043<\/li>\n<li>Vascozitate: 6 mPa.s SurfaPore M nu este considerat a fi un oxidant.<\/li>\n<\/ul>\n<h3>Siguran\u021b\u0103 \u0219i depozitare<\/h3>\n<ul>\n<li>SurfaPore M nu con\u021bine ingrediente periculoase \u0219i este pe baz\u0103 de ap\u0103. Con\u021binutul COV (compusi organici volatili) este 75g\/L (limita UE \u2013 2010: 140 g\/L)<\/li>\n<li>Nu este periculos, conform Directivei Consiliului 1995\/45\/EC \u0219i amendamentelor sale subsecvente.<\/li>\n<li>Cere\u021bi, citi\u021bi \u0219i \u00een\u021belege\u021bi fi\u0219a tehnic\u0103 de securitate. Evita\u021bi expunerea produsului la \u00eenghe\u021b. Data expir\u0103rii: 2 ani de la data fabrica\u021biei.<\/li>\n<\/ul>\n<\/div>\n<\/div>\n<\/div>\n","protected":false},"excerpt":{"rendered":"<p>SurfaPore M este o solu\u021bie pe baz\u0103 de ap\u0103, creat\u0103 special pentru a exploata puterea nanotehnologiei, cu scopul ob\u021binerii impermeabiliz\u0103rii suprafe\u021belor pe care este aplicat\u0103. Con\u021bine un amestec de particule de diferite dimensiuni, astfel \u00eenc\u00e2t suprafe\u021bele poroase (cum sunt: marmura, granitul \u0219i piatra) \u0219i cele absorbante (cimentul sau pietrele) s\u0103 fie tratate cu usurin\u021b\u0103. Petele [&hellip;]<\/p>\n","protected":false},"featured_media":1461,"template":"","meta":[],"product_brand":[],"product_cat":[52,37,66],"product_tag":[],"class_list":{"0":"post-1463","1":"product","2":"type-product","3":"status-publish","4":"has-post-thumbnail","6":"product_cat-accesorii","7":"product_cat-impermeabilizanti","8":"product_cat-star-stone","10":"first","11":"instock","12":"shipping-taxable","13":"purchasable","14":"product-type-variable"},"yoast_head":"<!-- This site is optimized with the Yoast SEO plugin v27.3 - https:\/\/yoast.com\/product\/yoast-seo-wordpress\/ -->\n<title>SurfaPore M - Piatradepo<\/title>\n<meta name=\"robots\" content=\"index, follow, max-snippet:-1, max-image-preview:large, max-video-preview:-1\" \/>\n<link rel=\"canonical\" href=\"https:\/\/piatradepo.ro\/ro\/product\/surfapore-m\/\" \/>\n<meta property=\"og:locale\" content=\"ro_RO\" \/>\n<meta property=\"og:type\" content=\"article\" \/>\n<meta property=\"og:title\" content=\"SurfaPore M - Piatradepo\" \/>\n<meta property=\"og:description\" content=\"SurfaPore M este o solu\u021bie pe baz\u0103 de ap\u0103, creat\u0103 special pentru a exploata puterea nanotehnologiei, cu scopul ob\u021binerii impermeabiliz\u0103rii suprafe\u021belor pe care este aplicat\u0103. Con\u021bine un amestec de particule de diferite dimensiuni, astfel \u00eenc\u00e2t suprafe\u021bele poroase (cum sunt: marmura, granitul \u0219i piatra) \u0219i cele absorbante (cimentul sau pietrele) s\u0103 fie tratate cu usurin\u021b\u0103. Petele [&hellip;]\" \/>\n<meta property=\"og:url\" content=\"https:\/\/piatradepo.ro\/ro\/product\/surfapore-m\/\" \/>\n<meta property=\"og:site_name\" content=\"Piatradepo\" \/>\n<meta property=\"article:modified_time\" content=\"2025-02-17T14:00:01+00:00\" \/>\n<meta property=\"og:image\" content=\"https:\/\/piatradepo.ro\/wp-content\/uploads\/2025\/01\/SurfaPoreM.jpg\" \/>\n\t<meta property=\"og:image:width\" content=\"1164\" \/>\n\t<meta property=\"og:image:height\" content=\"767\" \/>\n\t<meta property=\"og:image:type\" content=\"image\/jpeg\" \/>\n<meta name=\"twitter:card\" content=\"summary_large_image\" \/>\n<meta name=\"twitter:label1\" content=\"Timp estimat pentru citire\" \/>\n\t<meta name=\"twitter:data1\" content=\"2 minute\" \/>\n<script type=\"application\/ld+json\" class=\"yoast-schema-graph\">{\"@context\":\"https:\\\/\\\/schema.org\",\"@graph\":[{\"@type\":\"WebPage\",\"@id\":\"https:\\\/\\\/piatradepo.ro\\\/ro\\\/product\\\/surfapore-m\\\/\",\"url\":\"https:\\\/\\\/piatradepo.ro\\\/ro\\\/product\\\/surfapore-m\\\/\",\"name\":\"SurfaPore M - Piatradepo\",\"isPartOf\":{\"@id\":\"https:\\\/\\\/piatradepo.ro\\\/ro\\\/#website\"},\"primaryImageOfPage\":{\"@id\":\"https:\\\/\\\/piatradepo.ro\\\/ro\\\/product\\\/surfapore-m\\\/#primaryimage\"},\"image\":{\"@id\":\"https:\\\/\\\/piatradepo.ro\\\/ro\\\/product\\\/surfapore-m\\\/#primaryimage\"},\"thumbnailUrl\":\"https:\\\/\\\/piatradepo.ro\\\/wp-content\\\/uploads\\\/2025\\\/01\\\/SurfaPoreM.jpg\",\"datePublished\":\"2025-01-23T08:44:27+00:00\",\"dateModified\":\"2025-02-17T14:00:01+00:00\",\"breadcrumb\":{\"@id\":\"https:\\\/\\\/piatradepo.ro\\\/ro\\\/product\\\/surfapore-m\\\/#breadcrumb\"},\"inLanguage\":\"ro-RO\",\"potentialAction\":[{\"@type\":\"ReadAction\",\"target\":[\"https:\\\/\\\/piatradepo.ro\\\/ro\\\/product\\\/surfapore-m\\\/\"]}]},{\"@type\":\"ImageObject\",\"inLanguage\":\"ro-RO\",\"@id\":\"https:\\\/\\\/piatradepo.ro\\\/ro\\\/product\\\/surfapore-m\\\/#primaryimage\",\"url\":\"https:\\\/\\\/piatradepo.ro\\\/wp-content\\\/uploads\\\/2025\\\/01\\\/SurfaPoreM.jpg\",\"contentUrl\":\"https:\\\/\\\/piatradepo.ro\\\/wp-content\\\/uploads\\\/2025\\\/01\\\/SurfaPoreM.jpg\",\"width\":1164,\"height\":767,\"caption\":\"SurfaPore M este o solu\u021bie pe baz\u0103 de ap\u0103, creat\u0103 special pentru a exploata puterea nanotehnologiei, cu scopul ob\u021binerii impermeabiliz\u0103rii suprafe\u021belor pe care este aplicat\u0103.\"},{\"@type\":\"BreadcrumbList\",\"@id\":\"https:\\\/\\\/piatradepo.ro\\\/ro\\\/product\\\/surfapore-m\\\/#breadcrumb\",\"itemListElement\":[{\"@type\":\"ListItem\",\"position\":1,\"name\":\"Home\",\"item\":\"https:\\\/\\\/piatradepo.ro\\\/ro\\\/\"},{\"@type\":\"ListItem\",\"position\":2,\"name\":\"Shop\",\"item\":\"https:\\\/\\\/piatradepo.ro\\\/ro\\\/shop\\\/\"},{\"@type\":\"ListItem\",\"position\":3,\"name\":\"SurfaPore M\"}]},{\"@type\":\"WebSite\",\"@id\":\"https:\\\/\\\/piatradepo.ro\\\/ro\\\/#website\",\"url\":\"https:\\\/\\\/piatradepo.ro\\\/ro\\\/\",\"name\":\"Piatradepo\",\"description\":\"Elemente de placare premium pentru perete, soclu, gard, baie, buc\u0103t\u0103rie, elemente de gard, dale.\",\"publisher\":{\"@id\":\"https:\\\/\\\/piatradepo.ro\\\/ro\\\/#organization\"},\"potentialAction\":[{\"@type\":\"SearchAction\",\"target\":{\"@type\":\"EntryPoint\",\"urlTemplate\":\"https:\\\/\\\/piatradepo.ro\\\/ro\\\/?s={search_term_string}\"},\"query-input\":{\"@type\":\"PropertyValueSpecification\",\"valueRequired\":true,\"valueName\":\"search_term_string\"}}],\"inLanguage\":\"ro-RO\"},{\"@type\":\"Organization\",\"@id\":\"https:\\\/\\\/piatradepo.ro\\\/ro\\\/#organization\",\"name\":\"Piatradepo\",\"url\":\"https:\\\/\\\/piatradepo.ro\\\/ro\\\/\",\"logo\":{\"@type\":\"ImageObject\",\"inLanguage\":\"ro-RO\",\"@id\":\"https:\\\/\\\/piatradepo.ro\\\/ro\\\/#\\\/schema\\\/logo\\\/image\\\/\",\"url\":\"https:\\\/\\\/piatradepo.ro\\\/wp-content\\\/uploads\\\/2025\\\/01\\\/cropped-logo.jpg\",\"contentUrl\":\"https:\\\/\\\/piatradepo.ro\\\/wp-content\\\/uploads\\\/2025\\\/01\\\/cropped-logo.jpg\",\"width\":100,\"height\":100,\"caption\":\"Piatradepo\"},\"image\":{\"@id\":\"https:\\\/\\\/piatradepo.ro\\\/ro\\\/#\\\/schema\\\/logo\\\/image\\\/\"}}]}<\/script>\n<!-- \/ Yoast SEO plugin. -->","yoast_head_json":{"title":"SurfaPore M - Piatradepo","robots":{"index":"index","follow":"follow","max-snippet":"max-snippet:-1","max-image-preview":"max-image-preview:large","max-video-preview":"max-video-preview:-1"},"canonical":"https:\/\/piatradepo.ro\/ro\/product\/surfapore-m\/","og_locale":"ro_RO","og_type":"article","og_title":"SurfaPore M - Piatradepo","og_description":"SurfaPore M este o solu\u021bie pe baz\u0103 de ap\u0103, creat\u0103 special pentru a exploata puterea nanotehnologiei, cu scopul ob\u021binerii impermeabiliz\u0103rii suprafe\u021belor pe care este aplicat\u0103. Con\u021bine un amestec de particule de diferite dimensiuni, astfel \u00eenc\u00e2t suprafe\u021bele poroase (cum sunt: marmura, granitul \u0219i piatra) \u0219i cele absorbante (cimentul sau pietrele) s\u0103 fie tratate cu usurin\u021b\u0103. Petele [&hellip;]","og_url":"https:\/\/piatradepo.ro\/ro\/product\/surfapore-m\/","og_site_name":"Piatradepo","article_modified_time":"2025-02-17T14:00:01+00:00","og_image":[{"width":1164,"height":767,"url":"https:\/\/piatradepo.ro\/wp-content\/uploads\/2025\/01\/SurfaPoreM.jpg","type":"image\/jpeg"}],"twitter_card":"summary_large_image","twitter_misc":{"Timp estimat pentru citire":"2 minute"},"schema":{"@context":"https:\/\/schema.org","@graph":[{"@type":"WebPage","@id":"https:\/\/piatradepo.ro\/ro\/product\/surfapore-m\/","url":"https:\/\/piatradepo.ro\/ro\/product\/surfapore-m\/","name":"SurfaPore M - Piatradepo","isPartOf":{"@id":"https:\/\/piatradepo.ro\/ro\/#website"},"primaryImageOfPage":{"@id":"https:\/\/piatradepo.ro\/ro\/product\/surfapore-m\/#primaryimage"},"image":{"@id":"https:\/\/piatradepo.ro\/ro\/product\/surfapore-m\/#primaryimage"},"thumbnailUrl":"https:\/\/piatradepo.ro\/wp-content\/uploads\/2025\/01\/SurfaPoreM.jpg","datePublished":"2025-01-23T08:44:27+00:00","dateModified":"2025-02-17T14:00:01+00:00","breadcrumb":{"@id":"https:\/\/piatradepo.ro\/ro\/product\/surfapore-m\/#breadcrumb"},"inLanguage":"ro-RO","potentialAction":[{"@type":"ReadAction","target":["https:\/\/piatradepo.ro\/ro\/product\/surfapore-m\/"]}]},{"@type":"ImageObject","inLanguage":"ro-RO","@id":"https:\/\/piatradepo.ro\/ro\/product\/surfapore-m\/#primaryimage","url":"https:\/\/piatradepo.ro\/wp-content\/uploads\/2025\/01\/SurfaPoreM.jpg","contentUrl":"https:\/\/piatradepo.ro\/wp-content\/uploads\/2025\/01\/SurfaPoreM.jpg","width":1164,"height":767,"caption":"SurfaPore M este o solu\u021bie pe baz\u0103 de ap\u0103, creat\u0103 special pentru a exploata puterea nanotehnologiei, cu scopul ob\u021binerii impermeabiliz\u0103rii suprafe\u021belor pe care este aplicat\u0103."},{"@type":"BreadcrumbList","@id":"https:\/\/piatradepo.ro\/ro\/product\/surfapore-m\/#breadcrumb","itemListElement":[{"@type":"ListItem","position":1,"name":"Home","item":"https:\/\/piatradepo.ro\/ro\/"},{"@type":"ListItem","position":2,"name":"Shop","item":"https:\/\/piatradepo.ro\/ro\/shop\/"},{"@type":"ListItem","position":3,"name":"SurfaPore M"}]},{"@type":"WebSite","@id":"https:\/\/piatradepo.ro\/ro\/#website","url":"https:\/\/piatradepo.ro\/ro\/","name":"Piatradepo","description":"Elemente de placare premium pentru perete, soclu, gard, baie, buc\u0103t\u0103rie, elemente de gard, dale.","publisher":{"@id":"https:\/\/piatradepo.ro\/ro\/#organization"},"potentialAction":[{"@type":"SearchAction","target":{"@type":"EntryPoint","urlTemplate":"https:\/\/piatradepo.ro\/ro\/?s={search_term_string}"},"query-input":{"@type":"PropertyValueSpecification","valueRequired":true,"valueName":"search_term_string"}}],"inLanguage":"ro-RO"},{"@type":"Organization","@id":"https:\/\/piatradepo.ro\/ro\/#organization","name":"Piatradepo","url":"https:\/\/piatradepo.ro\/ro\/","logo":{"@type":"ImageObject","inLanguage":"ro-RO","@id":"https:\/\/piatradepo.ro\/ro\/#\/schema\/logo\/image\/","url":"https:\/\/piatradepo.ro\/wp-content\/uploads\/2025\/01\/cropped-logo.jpg","contentUrl":"https:\/\/piatradepo.ro\/wp-content\/uploads\/2025\/01\/cropped-logo.jpg","width":100,"height":100,"caption":"Piatradepo"},"image":{"@id":"https:\/\/piatradepo.ro\/ro\/#\/schema\/logo\/image\/"}}]}},"_links":{"self":[{"href":"https:\/\/piatradepo.ro\/ro\/wp-json\/wp\/v2\/product\/1463","targetHints":{"allow":["GET"]}}],"collection":[{"href":"https:\/\/piatradepo.ro\/ro\/wp-json\/wp\/v2\/product"}],"about":[{"href":"https:\/\/piatradepo.ro\/ro\/wp-json\/wp\/v2\/types\/product"}],"wp:featuredmedia":[{"embeddable":true,"href":"https:\/\/piatradepo.ro\/ro\/wp-json\/wp\/v2\/media\/1461"}],"wp:attachment":[{"href":"https:\/\/piatradepo.ro\/ro\/wp-json\/wp\/v2\/media?parent=1463"}],"wp:term":[{"taxonomy":"product_brand","embeddable":true,"href":"https:\/\/piatradepo.ro\/ro\/wp-json\/wp\/v2\/product_brand?post=1463"},{"taxonomy":"product_cat","embeddable":true,"href":"https:\/\/piatradepo.ro\/ro\/wp-json\/wp\/v2\/product_cat?post=1463"},{"taxonomy":"product_tag","embeddable":true,"href":"https:\/\/piatradepo.ro\/ro\/wp-json\/wp\/v2\/product_tag?post=1463"}],"curies":[{"name":"wp","href":"https:\/\/api.w.org\/{rel}","templated":true}]}}