{"id":1493,"date":"2025-01-23T09:08:41","date_gmt":"2025-01-23T09:08:41","guid":{"rendered":"https:\/\/piatradepo.ro\/?post_type=product&#038;p=1493"},"modified":"2025-02-17T13:51:14","modified_gmt":"2025-02-17T13:51:14","slug":"bordura","status":"publish","type":"product","link":"https:\/\/piatradepo.ro\/ro\/product\/bordura\/","title":{"rendered":"Bordura"},"content":{"rendered":"<div style=\"text-align: justify;\">\n<p>Dac\u0103 e\u0219ti \u00een c\u0103utarea unui model unic, \u00een care fiecare plac\u0103 de pavaj s\u0103 aib\u0103 un profil diferit de distribu\u021bie a culorii, \u00ee\u021bi propunem modelul Anima, disponibil \u00een 6 variante de mixuri de nuan\u021be. Orice mix de nuan\u021be vei folosi, pavelele Anima din beton vibropresat \u00ee\u021bi vor anima curtea!<\/p>\n<\/div>\n","protected":false},"excerpt":{"rendered":"<p>Dac\u0103 e\u0219ti \u00een c\u0103utarea unui model unic, \u00een care fiecare plac\u0103 de pavaj s\u0103 aib\u0103 un profil diferit de distribu\u021bie a culorii, \u00ee\u021bi propunem modelul Anima, disponibil \u00een 6 variante de mixuri de nuan\u021be. Orice mix de nuan\u021be vei folosi, pavelele Anima din beton vibropresat \u00ee\u021bi vor anima curtea!<\/p>\n","protected":false},"featured_media":1507,"template":"","meta":[],"product_brand":[],"product_cat":[54,53,55,51],"product_tag":[],"class_list":{"0":"post-1493","1":"product","2":"type-product","3":"status-publish","4":"has-post-thumbnail","6":"product_cat-acces-automobile","7":"product_cat-alei-pietonale","8":"product_cat-amenajare-curte","9":"product_cat-piatra-naturala","11":"first","12":"instock","13":"shipping-taxable","14":"purchasable","15":"product-type-variable"},"yoast_head":"<!-- This site is optimized with the Yoast SEO plugin v27.3 - https:\/\/yoast.com\/product\/yoast-seo-wordpress\/ -->\n<title>Bordura - Piatradepo<\/title>\n<meta name=\"robots\" content=\"index, follow, max-snippet:-1, max-image-preview:large, max-video-preview:-1\" \/>\n<link rel=\"canonical\" href=\"https:\/\/piatradepo.ro\/ro\/product\/bordura\/\" \/>\n<meta property=\"og:locale\" content=\"ro_RO\" \/>\n<meta property=\"og:type\" content=\"article\" \/>\n<meta property=\"og:title\" content=\"Bordura - Piatradepo\" \/>\n<meta property=\"og:description\" content=\"Dac\u0103 e\u0219ti \u00een c\u0103utarea unui model unic, \u00een care fiecare plac\u0103 de pavaj s\u0103 aib\u0103 un profil diferit de distribu\u021bie a culorii, \u00ee\u021bi propunem modelul Anima, disponibil \u00een 6 variante de mixuri de nuan\u021be. Orice mix de nuan\u021be vei folosi, pavelele Anima din beton vibropresat \u00ee\u021bi vor anima curtea!\" \/>\n<meta property=\"og:url\" content=\"https:\/\/piatradepo.ro\/ro\/product\/bordura\/\" \/>\n<meta property=\"og:site_name\" content=\"Piatradepo\" \/>\n<meta property=\"article:modified_time\" content=\"2025-02-17T13:51:14+00:00\" \/>\n<meta property=\"og:image\" content=\"https:\/\/piatradepo.ro\/wp-content\/uploads\/2025\/01\/Pavajele-BORDURA-10x20x20.jpg\" \/>\n\t<meta property=\"og:image:width\" content=\"1164\" \/>\n\t<meta property=\"og:image:height\" content=\"776\" \/>\n\t<meta property=\"og:image:type\" content=\"image\/jpeg\" \/>\n<meta name=\"twitter:card\" content=\"summary_large_image\" \/>\n<script type=\"application\/ld+json\" class=\"yoast-schema-graph\">{\"@context\":\"https:\\\/\\\/schema.org\",\"@graph\":[{\"@type\":\"WebPage\",\"@id\":\"https:\\\/\\\/piatradepo.ro\\\/ro\\\/product\\\/bordura\\\/\",\"url\":\"https:\\\/\\\/piatradepo.ro\\\/ro\\\/product\\\/bordura\\\/\",\"name\":\"Bordura - Piatradepo\",\"isPartOf\":{\"@id\":\"https:\\\/\\\/piatradepo.ro\\\/ro\\\/#website\"},\"primaryImageOfPage\":{\"@id\":\"https:\\\/\\\/piatradepo.ro\\\/ro\\\/product\\\/bordura\\\/#primaryimage\"},\"image\":{\"@id\":\"https:\\\/\\\/piatradepo.ro\\\/ro\\\/product\\\/bordura\\\/#primaryimage\"},\"thumbnailUrl\":\"https:\\\/\\\/piatradepo.ro\\\/wp-content\\\/uploads\\\/2025\\\/01\\\/Pavajele-BORDURA-10x20x20.jpg\",\"datePublished\":\"2025-01-23T09:08:41+00:00\",\"dateModified\":\"2025-02-17T13:51:14+00:00\",\"breadcrumb\":{\"@id\":\"https:\\\/\\\/piatradepo.ro\\\/ro\\\/product\\\/bordura\\\/#breadcrumb\"},\"inLanguage\":\"ro-RO\",\"potentialAction\":[{\"@type\":\"ReadAction\",\"target\":[\"https:\\\/\\\/piatradepo.ro\\\/ro\\\/product\\\/bordura\\\/\"]}]},{\"@type\":\"ImageObject\",\"inLanguage\":\"ro-RO\",\"@id\":\"https:\\\/\\\/piatradepo.ro\\\/ro\\\/product\\\/bordura\\\/#primaryimage\",\"url\":\"https:\\\/\\\/piatradepo.ro\\\/wp-content\\\/uploads\\\/2025\\\/01\\\/Pavajele-BORDURA-10x20x20.jpg\",\"contentUrl\":\"https:\\\/\\\/piatradepo.ro\\\/wp-content\\\/uploads\\\/2025\\\/01\\\/Pavajele-BORDURA-10x20x20.jpg\",\"width\":1164,\"height\":776,\"caption\":\"Dac\u0103 e\u0219ti \u00een c\u0103utarea unui model unic, \u00een care fiecare plac\u0103 de pavaj s\u0103 aib\u0103 un profil diferit de distribu\u021bie a culorii, \u00ee\u021bi propunem modelul Anima, disponibil \u00een 6 variante de mixuri de nuan\u021be.\"},{\"@type\":\"BreadcrumbList\",\"@id\":\"https:\\\/\\\/piatradepo.ro\\\/ro\\\/product\\\/bordura\\\/#breadcrumb\",\"itemListElement\":[{\"@type\":\"ListItem\",\"position\":1,\"name\":\"Home\",\"item\":\"https:\\\/\\\/piatradepo.ro\\\/ro\\\/\"},{\"@type\":\"ListItem\",\"position\":2,\"name\":\"Shop\",\"item\":\"https:\\\/\\\/piatradepo.ro\\\/ro\\\/shop\\\/\"},{\"@type\":\"ListItem\",\"position\":3,\"name\":\"Bordura\"}]},{\"@type\":\"WebSite\",\"@id\":\"https:\\\/\\\/piatradepo.ro\\\/ro\\\/#website\",\"url\":\"https:\\\/\\\/piatradepo.ro\\\/ro\\\/\",\"name\":\"Piatradepo\",\"description\":\"Elemente de placare premium pentru perete, soclu, gard, baie, buc\u0103t\u0103rie, elemente de gard, dale.\",\"publisher\":{\"@id\":\"https:\\\/\\\/piatradepo.ro\\\/ro\\\/#organization\"},\"potentialAction\":[{\"@type\":\"SearchAction\",\"target\":{\"@type\":\"EntryPoint\",\"urlTemplate\":\"https:\\\/\\\/piatradepo.ro\\\/ro\\\/?s={search_term_string}\"},\"query-input\":{\"@type\":\"PropertyValueSpecification\",\"valueRequired\":true,\"valueName\":\"search_term_string\"}}],\"inLanguage\":\"ro-RO\"},{\"@type\":\"Organization\",\"@id\":\"https:\\\/\\\/piatradepo.ro\\\/ro\\\/#organization\",\"name\":\"Piatradepo\",\"url\":\"https:\\\/\\\/piatradepo.ro\\\/ro\\\/\",\"logo\":{\"@type\":\"ImageObject\",\"inLanguage\":\"ro-RO\",\"@id\":\"https:\\\/\\\/piatradepo.ro\\\/ro\\\/#\\\/schema\\\/logo\\\/image\\\/\",\"url\":\"https:\\\/\\\/piatradepo.ro\\\/wp-content\\\/uploads\\\/2025\\\/01\\\/cropped-logo.jpg\",\"contentUrl\":\"https:\\\/\\\/piatradepo.ro\\\/wp-content\\\/uploads\\\/2025\\\/01\\\/cropped-logo.jpg\",\"width\":100,\"height\":100,\"caption\":\"Piatradepo\"},\"image\":{\"@id\":\"https:\\\/\\\/piatradepo.ro\\\/ro\\\/#\\\/schema\\\/logo\\\/image\\\/\"}}]}<\/script>\n<!-- \/ Yoast SEO plugin. -->","yoast_head_json":{"title":"Bordura - Piatradepo","robots":{"index":"index","follow":"follow","max-snippet":"max-snippet:-1","max-image-preview":"max-image-preview:large","max-video-preview":"max-video-preview:-1"},"canonical":"https:\/\/piatradepo.ro\/ro\/product\/bordura\/","og_locale":"ro_RO","og_type":"article","og_title":"Bordura - Piatradepo","og_description":"Dac\u0103 e\u0219ti \u00een c\u0103utarea unui model unic, \u00een care fiecare plac\u0103 de pavaj s\u0103 aib\u0103 un profil diferit de distribu\u021bie a culorii, \u00ee\u021bi propunem modelul Anima, disponibil \u00een 6 variante de mixuri de nuan\u021be. Orice mix de nuan\u021be vei folosi, pavelele Anima din beton vibropresat \u00ee\u021bi vor anima curtea!","og_url":"https:\/\/piatradepo.ro\/ro\/product\/bordura\/","og_site_name":"Piatradepo","article_modified_time":"2025-02-17T13:51:14+00:00","og_image":[{"width":1164,"height":776,"url":"https:\/\/piatradepo.ro\/wp-content\/uploads\/2025\/01\/Pavajele-BORDURA-10x20x20.jpg","type":"image\/jpeg"}],"twitter_card":"summary_large_image","schema":{"@context":"https:\/\/schema.org","@graph":[{"@type":"WebPage","@id":"https:\/\/piatradepo.ro\/ro\/product\/bordura\/","url":"https:\/\/piatradepo.ro\/ro\/product\/bordura\/","name":"Bordura - Piatradepo","isPartOf":{"@id":"https:\/\/piatradepo.ro\/ro\/#website"},"primaryImageOfPage":{"@id":"https:\/\/piatradepo.ro\/ro\/product\/bordura\/#primaryimage"},"image":{"@id":"https:\/\/piatradepo.ro\/ro\/product\/bordura\/#primaryimage"},"thumbnailUrl":"https:\/\/piatradepo.ro\/wp-content\/uploads\/2025\/01\/Pavajele-BORDURA-10x20x20.jpg","datePublished":"2025-01-23T09:08:41+00:00","dateModified":"2025-02-17T13:51:14+00:00","breadcrumb":{"@id":"https:\/\/piatradepo.ro\/ro\/product\/bordura\/#breadcrumb"},"inLanguage":"ro-RO","potentialAction":[{"@type":"ReadAction","target":["https:\/\/piatradepo.ro\/ro\/product\/bordura\/"]}]},{"@type":"ImageObject","inLanguage":"ro-RO","@id":"https:\/\/piatradepo.ro\/ro\/product\/bordura\/#primaryimage","url":"https:\/\/piatradepo.ro\/wp-content\/uploads\/2025\/01\/Pavajele-BORDURA-10x20x20.jpg","contentUrl":"https:\/\/piatradepo.ro\/wp-content\/uploads\/2025\/01\/Pavajele-BORDURA-10x20x20.jpg","width":1164,"height":776,"caption":"Dac\u0103 e\u0219ti \u00een c\u0103utarea unui model unic, \u00een care fiecare plac\u0103 de pavaj s\u0103 aib\u0103 un profil diferit de distribu\u021bie a culorii, \u00ee\u021bi propunem modelul Anima, disponibil \u00een 6 variante de mixuri de nuan\u021be."},{"@type":"BreadcrumbList","@id":"https:\/\/piatradepo.ro\/ro\/product\/bordura\/#breadcrumb","itemListElement":[{"@type":"ListItem","position":1,"name":"Home","item":"https:\/\/piatradepo.ro\/ro\/"},{"@type":"ListItem","position":2,"name":"Shop","item":"https:\/\/piatradepo.ro\/ro\/shop\/"},{"@type":"ListItem","position":3,"name":"Bordura"}]},{"@type":"WebSite","@id":"https:\/\/piatradepo.ro\/ro\/#website","url":"https:\/\/piatradepo.ro\/ro\/","name":"Piatradepo","description":"Elemente de placare premium pentru perete, soclu, gard, baie, buc\u0103t\u0103rie, elemente de gard, dale.","publisher":{"@id":"https:\/\/piatradepo.ro\/ro\/#organization"},"potentialAction":[{"@type":"SearchAction","target":{"@type":"EntryPoint","urlTemplate":"https:\/\/piatradepo.ro\/ro\/?s={search_term_string}"},"query-input":{"@type":"PropertyValueSpecification","valueRequired":true,"valueName":"search_term_string"}}],"inLanguage":"ro-RO"},{"@type":"Organization","@id":"https:\/\/piatradepo.ro\/ro\/#organization","name":"Piatradepo","url":"https:\/\/piatradepo.ro\/ro\/","logo":{"@type":"ImageObject","inLanguage":"ro-RO","@id":"https:\/\/piatradepo.ro\/ro\/#\/schema\/logo\/image\/","url":"https:\/\/piatradepo.ro\/wp-content\/uploads\/2025\/01\/cropped-logo.jpg","contentUrl":"https:\/\/piatradepo.ro\/wp-content\/uploads\/2025\/01\/cropped-logo.jpg","width":100,"height":100,"caption":"Piatradepo"},"image":{"@id":"https:\/\/piatradepo.ro\/ro\/#\/schema\/logo\/image\/"}}]}},"_links":{"self":[{"href":"https:\/\/piatradepo.ro\/ro\/wp-json\/wp\/v2\/product\/1493","targetHints":{"allow":["GET"]}}],"collection":[{"href":"https:\/\/piatradepo.ro\/ro\/wp-json\/wp\/v2\/product"}],"about":[{"href":"https:\/\/piatradepo.ro\/ro\/wp-json\/wp\/v2\/types\/product"}],"wp:featuredmedia":[{"embeddable":true,"href":"https:\/\/piatradepo.ro\/ro\/wp-json\/wp\/v2\/media\/1507"}],"wp:attachment":[{"href":"https:\/\/piatradepo.ro\/ro\/wp-json\/wp\/v2\/media?parent=1493"}],"wp:term":[{"taxonomy":"product_brand","embeddable":true,"href":"https:\/\/piatradepo.ro\/ro\/wp-json\/wp\/v2\/product_brand?post=1493"},{"taxonomy":"product_cat","embeddable":true,"href":"https:\/\/piatradepo.ro\/ro\/wp-json\/wp\/v2\/product_cat?post=1493"},{"taxonomy":"product_tag","embeddable":true,"href":"https:\/\/piatradepo.ro\/ro\/wp-json\/wp\/v2\/product_tag?post=1493"}],"curies":[{"name":"wp","href":"https:\/\/api.w.org\/{rel}","templated":true}]}}