{"id":2536,"date":"2025-02-07T13:26:40","date_gmt":"2025-02-07T13:26:40","guid":{"rendered":"https:\/\/piatradepo.ro\/?post_type=product&#038;p=2536"},"modified":"2025-02-17T13:35:18","modified_gmt":"2025-02-17T13:35:18","slug":"barabas-quick-edge","status":"publish","type":"product","link":"https:\/\/piatradepo.ro\/ro\/product\/barabas-quick-edge\/","title":{"rendered":"Barabas Quick Edge"},"content":{"rendered":"<p>Barabas Quick Edge este o tehnologie inovativ\u0103 care poate \u00eenlocui bordurile de gr\u0103din\u0103 din beton \u00eenvechite&#8230; pentru c\u0103 este simplu, economic \u0219i ecologic.<\/p>\n<p>1 buc. Barabas Quick Edge \u00a0= 2m<\/p>\n<p>Ce este &#8211;<br \/>\n<iframe src=\"https:\/\/www.youtube.com\/embed\/OszrvZxSBaM\" width=\"560\" height=\"560\" frameborder=\"0\"><small>Powered by <a href=\"https:\/\/embed.tube\/embed-code-generator\/youtube\/\">youtube embed video<\/a> generator<\/small><\/iframe><\/p>\n<p>De ce se merit\u0103 &#8211;<br \/>\n<iframe title=\"YouTube video player\" src=\"https:\/\/www.youtube.com\/embed\/vQpkTqiPypU?si=DwgI77aeNlyRCnsw&amp;start=11\" width=\"560\" height=\"315\" frameborder=\"0\" allowfullscreen=\"allowfullscreen\"><\/iframe><\/p>\n<p>De ce este mai bun\u0103 &#8211;<br \/>\n<iframe title=\"YouTube video player\" src=\"https:\/\/www.youtube.com\/embed\/98eGeXjjXik?si=tjJckOxXpuoGl8Jt\" width=\"560\" height=\"315\" frameborder=\"0\" allowfullscreen=\"allowfullscreen\"><\/iframe><\/p>\n<p>Instalare &#8211;<br \/>\n<iframe title=\"YouTube video player\" src=\"https:\/\/www.youtube.com\/embed\/XBFt_AjBqro?si=3sQcj9zpTj-cmt8D\" width=\"560\" height=\"315\" frameborder=\"0\" allowfullscreen=\"allowfullscreen\"><\/iframe><\/p>\n<p>Test de rezisten\u021b\u0103 la autoturism &#8211;<br \/>\n<iframe title=\"YouTube video player\" src=\"https:\/\/www.youtube.com\/embed\/iTUk_x95ULI?si=FOMfkMqhfv8jnlur\" width=\"560\" height=\"315\" frameborder=\"0\" allowfullscreen=\"allowfullscreen\"><\/iframe><\/p>\n","protected":false},"excerpt":{"rendered":"<p>Barabas Quick Edge este o tehnologie inovativ\u0103 care poate \u00eenlocui bordurile de gr\u0103din\u0103 din beton \u00eenvechite&#8230; pentru c\u0103 este simplu, economic \u0219i ecologic. 1 buc. Barabas Quick Edge \u00a0= 2m Ce este &#8211; Powered by youtube embed video generator De ce se merit\u0103 &#8211; De ce este mai bun\u0103 &#8211; Instalare &#8211; Test de rezisten\u021b\u0103 [&hellip;]<\/p>\n","protected":false},"featured_media":2540,"template":"","meta":[],"product_brand":[],"product_cat":[56,72,47],"product_tag":[],"class_list":{"0":"post-2536","1":"product","2":"type-product","3":"status-publish","4":"has-post-thumbnail","6":"product_cat-bordura","7":"product_cat-barabas-quick-edge","8":"product_cat-borduri","10":"first","11":"instock","12":"shipping-taxable","13":"purchasable","14":"product-type-variable"},"yoast_head":"<!-- This site is optimized with the Yoast SEO plugin v27.3 - https:\/\/yoast.com\/product\/yoast-seo-wordpress\/ -->\n<title>Barabas Quick Edge - Piatradepo<\/title>\n<meta name=\"robots\" content=\"index, follow, max-snippet:-1, max-image-preview:large, max-video-preview:-1\" \/>\n<link rel=\"canonical\" href=\"https:\/\/piatradepo.ro\/ro\/product\/barabas-quick-edge\/\" \/>\n<meta property=\"og:locale\" content=\"ro_RO\" \/>\n<meta property=\"og:type\" content=\"article\" \/>\n<meta property=\"og:title\" content=\"Barabas Quick Edge - Piatradepo\" \/>\n<meta property=\"og:description\" content=\"Barabas Quick Edge este o tehnologie inovativ\u0103 care poate \u00eenlocui bordurile de gr\u0103din\u0103 din beton \u00eenvechite&#8230; pentru c\u0103 este simplu, economic \u0219i ecologic. 1 buc. Barabas Quick Edge \u00a0= 2m Ce este &#8211; Powered by youtube embed video generator De ce se merit\u0103 &#8211; De ce este mai bun\u0103 &#8211; Instalare &#8211; Test de rezisten\u021b\u0103 [&hellip;]\" \/>\n<meta property=\"og:url\" content=\"https:\/\/piatradepo.ro\/ro\/product\/barabas-quick-edge\/\" \/>\n<meta property=\"og:site_name\" content=\"Piatradepo\" \/>\n<meta property=\"article:modified_time\" content=\"2025-02-17T13:35:18+00:00\" \/>\n<meta property=\"og:image\" content=\"https:\/\/piatradepo.ro\/wp-content\/uploads\/2025\/02\/BT_image_bgysz_egyenes_1-min.jpg\" \/>\n\t<meta property=\"og:image:width\" content=\"800\" \/>\n\t<meta property=\"og:image:height\" content=\"800\" \/>\n\t<meta property=\"og:image:type\" content=\"image\/jpeg\" \/>\n<meta name=\"twitter:card\" content=\"summary_large_image\" \/>\n<script type=\"application\/ld+json\" class=\"yoast-schema-graph\">{\"@context\":\"https:\\\/\\\/schema.org\",\"@graph\":[{\"@type\":\"WebPage\",\"@id\":\"https:\\\/\\\/piatradepo.ro\\\/ro\\\/product\\\/barabas-quick-edge\\\/\",\"url\":\"https:\\\/\\\/piatradepo.ro\\\/ro\\\/product\\\/barabas-quick-edge\\\/\",\"name\":\"Barabas Quick Edge - Piatradepo\",\"isPartOf\":{\"@id\":\"https:\\\/\\\/piatradepo.ro\\\/ro\\\/#website\"},\"primaryImageOfPage\":{\"@id\":\"https:\\\/\\\/piatradepo.ro\\\/ro\\\/product\\\/barabas-quick-edge\\\/#primaryimage\"},\"image\":{\"@id\":\"https:\\\/\\\/piatradepo.ro\\\/ro\\\/product\\\/barabas-quick-edge\\\/#primaryimage\"},\"thumbnailUrl\":\"https:\\\/\\\/piatradepo.ro\\\/wp-content\\\/uploads\\\/2025\\\/02\\\/BT_image_bgysz_egyenes_1-min.jpg\",\"datePublished\":\"2025-02-07T13:26:40+00:00\",\"dateModified\":\"2025-02-17T13:35:18+00:00\",\"breadcrumb\":{\"@id\":\"https:\\\/\\\/piatradepo.ro\\\/ro\\\/product\\\/barabas-quick-edge\\\/#breadcrumb\"},\"inLanguage\":\"ro-RO\",\"potentialAction\":[{\"@type\":\"ReadAction\",\"target\":[\"https:\\\/\\\/piatradepo.ro\\\/ro\\\/product\\\/barabas-quick-edge\\\/\"]}]},{\"@type\":\"ImageObject\",\"inLanguage\":\"ro-RO\",\"@id\":\"https:\\\/\\\/piatradepo.ro\\\/ro\\\/product\\\/barabas-quick-edge\\\/#primaryimage\",\"url\":\"https:\\\/\\\/piatradepo.ro\\\/wp-content\\\/uploads\\\/2025\\\/02\\\/BT_image_bgysz_egyenes_1-min.jpg\",\"contentUrl\":\"https:\\\/\\\/piatradepo.ro\\\/wp-content\\\/uploads\\\/2025\\\/02\\\/BT_image_bgysz_egyenes_1-min.jpg\",\"width\":800,\"height\":800,\"caption\":\"Barabas Quick Edge este o tehnologie inovativ\u0103 care poate \u00eenlocui bordurile de gr\u0103din\u0103 din beton \u00eenvechite\u2026 pentru c\u0103 este simplu, economic \u0219i ecologic.\"},{\"@type\":\"BreadcrumbList\",\"@id\":\"https:\\\/\\\/piatradepo.ro\\\/ro\\\/product\\\/barabas-quick-edge\\\/#breadcrumb\",\"itemListElement\":[{\"@type\":\"ListItem\",\"position\":1,\"name\":\"Home\",\"item\":\"https:\\\/\\\/piatradepo.ro\\\/ro\\\/\"},{\"@type\":\"ListItem\",\"position\":2,\"name\":\"Shop\",\"item\":\"https:\\\/\\\/piatradepo.ro\\\/ro\\\/shop\\\/\"},{\"@type\":\"ListItem\",\"position\":3,\"name\":\"Barabas Quick Edge\"}]},{\"@type\":\"WebSite\",\"@id\":\"https:\\\/\\\/piatradepo.ro\\\/ro\\\/#website\",\"url\":\"https:\\\/\\\/piatradepo.ro\\\/ro\\\/\",\"name\":\"Piatradepo\",\"description\":\"Elemente de placare premium pentru perete, soclu, gard, baie, buc\u0103t\u0103rie, elemente de gard, dale.\",\"publisher\":{\"@id\":\"https:\\\/\\\/piatradepo.ro\\\/ro\\\/#organization\"},\"potentialAction\":[{\"@type\":\"SearchAction\",\"target\":{\"@type\":\"EntryPoint\",\"urlTemplate\":\"https:\\\/\\\/piatradepo.ro\\\/ro\\\/?s={search_term_string}\"},\"query-input\":{\"@type\":\"PropertyValueSpecification\",\"valueRequired\":true,\"valueName\":\"search_term_string\"}}],\"inLanguage\":\"ro-RO\"},{\"@type\":\"Organization\",\"@id\":\"https:\\\/\\\/piatradepo.ro\\\/ro\\\/#organization\",\"name\":\"Piatradepo\",\"url\":\"https:\\\/\\\/piatradepo.ro\\\/ro\\\/\",\"logo\":{\"@type\":\"ImageObject\",\"inLanguage\":\"ro-RO\",\"@id\":\"https:\\\/\\\/piatradepo.ro\\\/ro\\\/#\\\/schema\\\/logo\\\/image\\\/\",\"url\":\"https:\\\/\\\/piatradepo.ro\\\/wp-content\\\/uploads\\\/2025\\\/01\\\/cropped-logo.jpg\",\"contentUrl\":\"https:\\\/\\\/piatradepo.ro\\\/wp-content\\\/uploads\\\/2025\\\/01\\\/cropped-logo.jpg\",\"width\":100,\"height\":100,\"caption\":\"Piatradepo\"},\"image\":{\"@id\":\"https:\\\/\\\/piatradepo.ro\\\/ro\\\/#\\\/schema\\\/logo\\\/image\\\/\"}}]}<\/script>\n<!-- \/ Yoast SEO plugin. -->","yoast_head_json":{"title":"Barabas Quick Edge - Piatradepo","robots":{"index":"index","follow":"follow","max-snippet":"max-snippet:-1","max-image-preview":"max-image-preview:large","max-video-preview":"max-video-preview:-1"},"canonical":"https:\/\/piatradepo.ro\/ro\/product\/barabas-quick-edge\/","og_locale":"ro_RO","og_type":"article","og_title":"Barabas Quick Edge - Piatradepo","og_description":"Barabas Quick Edge este o tehnologie inovativ\u0103 care poate \u00eenlocui bordurile de gr\u0103din\u0103 din beton \u00eenvechite&#8230; pentru c\u0103 este simplu, economic \u0219i ecologic. 1 buc. Barabas Quick Edge \u00a0= 2m Ce este &#8211; Powered by youtube embed video generator De ce se merit\u0103 &#8211; De ce este mai bun\u0103 &#8211; Instalare &#8211; Test de rezisten\u021b\u0103 [&hellip;]","og_url":"https:\/\/piatradepo.ro\/ro\/product\/barabas-quick-edge\/","og_site_name":"Piatradepo","article_modified_time":"2025-02-17T13:35:18+00:00","og_image":[{"width":800,"height":800,"url":"https:\/\/piatradepo.ro\/wp-content\/uploads\/2025\/02\/BT_image_bgysz_egyenes_1-min.jpg","type":"image\/jpeg"}],"twitter_card":"summary_large_image","schema":{"@context":"https:\/\/schema.org","@graph":[{"@type":"WebPage","@id":"https:\/\/piatradepo.ro\/ro\/product\/barabas-quick-edge\/","url":"https:\/\/piatradepo.ro\/ro\/product\/barabas-quick-edge\/","name":"Barabas Quick Edge - Piatradepo","isPartOf":{"@id":"https:\/\/piatradepo.ro\/ro\/#website"},"primaryImageOfPage":{"@id":"https:\/\/piatradepo.ro\/ro\/product\/barabas-quick-edge\/#primaryimage"},"image":{"@id":"https:\/\/piatradepo.ro\/ro\/product\/barabas-quick-edge\/#primaryimage"},"thumbnailUrl":"https:\/\/piatradepo.ro\/wp-content\/uploads\/2025\/02\/BT_image_bgysz_egyenes_1-min.jpg","datePublished":"2025-02-07T13:26:40+00:00","dateModified":"2025-02-17T13:35:18+00:00","breadcrumb":{"@id":"https:\/\/piatradepo.ro\/ro\/product\/barabas-quick-edge\/#breadcrumb"},"inLanguage":"ro-RO","potentialAction":[{"@type":"ReadAction","target":["https:\/\/piatradepo.ro\/ro\/product\/barabas-quick-edge\/"]}]},{"@type":"ImageObject","inLanguage":"ro-RO","@id":"https:\/\/piatradepo.ro\/ro\/product\/barabas-quick-edge\/#primaryimage","url":"https:\/\/piatradepo.ro\/wp-content\/uploads\/2025\/02\/BT_image_bgysz_egyenes_1-min.jpg","contentUrl":"https:\/\/piatradepo.ro\/wp-content\/uploads\/2025\/02\/BT_image_bgysz_egyenes_1-min.jpg","width":800,"height":800,"caption":"Barabas Quick Edge este o tehnologie inovativ\u0103 care poate \u00eenlocui bordurile de gr\u0103din\u0103 din beton \u00eenvechite\u2026 pentru c\u0103 este simplu, economic \u0219i ecologic."},{"@type":"BreadcrumbList","@id":"https:\/\/piatradepo.ro\/ro\/product\/barabas-quick-edge\/#breadcrumb","itemListElement":[{"@type":"ListItem","position":1,"name":"Home","item":"https:\/\/piatradepo.ro\/ro\/"},{"@type":"ListItem","position":2,"name":"Shop","item":"https:\/\/piatradepo.ro\/ro\/shop\/"},{"@type":"ListItem","position":3,"name":"Barabas Quick Edge"}]},{"@type":"WebSite","@id":"https:\/\/piatradepo.ro\/ro\/#website","url":"https:\/\/piatradepo.ro\/ro\/","name":"Piatradepo","description":"Elemente de placare premium pentru perete, soclu, gard, baie, buc\u0103t\u0103rie, elemente de gard, dale.","publisher":{"@id":"https:\/\/piatradepo.ro\/ro\/#organization"},"potentialAction":[{"@type":"SearchAction","target":{"@type":"EntryPoint","urlTemplate":"https:\/\/piatradepo.ro\/ro\/?s={search_term_string}"},"query-input":{"@type":"PropertyValueSpecification","valueRequired":true,"valueName":"search_term_string"}}],"inLanguage":"ro-RO"},{"@type":"Organization","@id":"https:\/\/piatradepo.ro\/ro\/#organization","name":"Piatradepo","url":"https:\/\/piatradepo.ro\/ro\/","logo":{"@type":"ImageObject","inLanguage":"ro-RO","@id":"https:\/\/piatradepo.ro\/ro\/#\/schema\/logo\/image\/","url":"https:\/\/piatradepo.ro\/wp-content\/uploads\/2025\/01\/cropped-logo.jpg","contentUrl":"https:\/\/piatradepo.ro\/wp-content\/uploads\/2025\/01\/cropped-logo.jpg","width":100,"height":100,"caption":"Piatradepo"},"image":{"@id":"https:\/\/piatradepo.ro\/ro\/#\/schema\/logo\/image\/"}}]}},"_links":{"self":[{"href":"https:\/\/piatradepo.ro\/ro\/wp-json\/wp\/v2\/product\/2536","targetHints":{"allow":["GET"]}}],"collection":[{"href":"https:\/\/piatradepo.ro\/ro\/wp-json\/wp\/v2\/product"}],"about":[{"href":"https:\/\/piatradepo.ro\/ro\/wp-json\/wp\/v2\/types\/product"}],"wp:featuredmedia":[{"embeddable":true,"href":"https:\/\/piatradepo.ro\/ro\/wp-json\/wp\/v2\/media\/2540"}],"wp:attachment":[{"href":"https:\/\/piatradepo.ro\/ro\/wp-json\/wp\/v2\/media?parent=2536"}],"wp:term":[{"taxonomy":"product_brand","embeddable":true,"href":"https:\/\/piatradepo.ro\/ro\/wp-json\/wp\/v2\/product_brand?post=2536"},{"taxonomy":"product_cat","embeddable":true,"href":"https:\/\/piatradepo.ro\/ro\/wp-json\/wp\/v2\/product_cat?post=2536"},{"taxonomy":"product_tag","embeddable":true,"href":"https:\/\/piatradepo.ro\/ro\/wp-json\/wp\/v2\/product_tag?post=2536"}],"curies":[{"name":"wp","href":"https:\/\/api.w.org\/{rel}","templated":true}]}}