{"id":605,"date":"2025-01-01T22:56:11","date_gmt":"2025-01-01T22:56:11","guid":{"rendered":"https:\/\/piatradepo.ro\/?post_type=product&#038;p=605"},"modified":"2025-11-03T11:26:21","modified_gmt":"2025-11-03T11:26:21","slug":"gardeo","status":"publish","type":"product","link":"https:\/\/piatradepo.ro\/ro\/product\/gardeo\/","title":{"rendered":"Gardeo"},"content":{"rendered":"<p>Element st\u00e2lp gard 38x38x16 cm, 23.7 kg buc, 30 buc palet<\/p>\n<p>Element baz\u0103 gard 38x22x16 cm, 17,4 kg buc, 45 buc palet<\/p>\n<p>Capac st\u00e2lp 46x46x5 cm, 23 kg buc, 16 buc palet<\/p>\n<p>Capac gard 25x30x5 cm, 8.8 kg buc, 64 buc palet<\/p>\n","protected":false},"excerpt":{"rendered":"<p>Element st\u00e2lp gard 38x38x16 cm, 23.7 kg buc, 30 buc palet Element baz\u0103 gard 38x22x16 cm, 17,4 kg buc, 45 buc palet Capac st\u00e2lp 46x46x5 cm, 23 kg buc, 16 buc palet Capac gard 25x30x5 cm, 8.8 kg buc, 64 buc palet<\/p>\n","protected":false},"featured_media":625,"template":"","meta":[],"product_brand":[],"product_cat":[57,46,71,30],"product_tag":[],"class_list":{"0":"post-605","1":"product","2":"type-product","3":"status-publish","4":"has-post-thumbnail","6":"product_cat-boltari","7":"product_cat-garduri","8":"product_cat-symmetrica","9":"product_cat-ziduri-garduri","11":"first","12":"instock","13":"shipping-taxable","14":"purchasable","15":"product-type-variable"},"yoast_head":"<!-- This site is optimized with the Yoast SEO plugin v27.3 - https:\/\/yoast.com\/product\/yoast-seo-wordpress\/ -->\n<title>Gardeo - Piatradepo<\/title>\n<meta name=\"robots\" content=\"index, follow, max-snippet:-1, max-image-preview:large, max-video-preview:-1\" \/>\n<link rel=\"canonical\" href=\"https:\/\/piatradepo.ro\/ro\/product\/gardeo\/\" \/>\n<meta property=\"og:locale\" content=\"ro_RO\" \/>\n<meta property=\"og:type\" content=\"article\" \/>\n<meta property=\"og:title\" content=\"Gardeo - Piatradepo\" \/>\n<meta property=\"og:description\" content=\"Element st\u00e2lp gard 38x38x16 cm, 23.7 kg buc, 30 buc palet Element baz\u0103 gard 38x22x16 cm, 17,4 kg buc, 45 buc palet Capac st\u00e2lp 46x46x5 cm, 23 kg buc, 16 buc palet Capac gard 25x30x5 cm, 8.8 kg buc, 64 buc palet\" \/>\n<meta property=\"og:url\" content=\"https:\/\/piatradepo.ro\/ro\/product\/gardeo\/\" \/>\n<meta property=\"og:site_name\" content=\"Piatradepo\" \/>\n<meta property=\"article:modified_time\" content=\"2025-11-03T11:26:21+00:00\" \/>\n<meta property=\"og:image\" content=\"https:\/\/piatradepo.ro\/wp-content\/uploads\/2025\/01\/Kit_Gardeo_2.jpg\" \/>\n\t<meta property=\"og:image:width\" content=\"1200\" \/>\n\t<meta property=\"og:image:height\" content=\"800\" \/>\n\t<meta property=\"og:image:type\" content=\"image\/jpeg\" \/>\n<meta name=\"twitter:card\" content=\"summary_large_image\" \/>\n<script type=\"application\/ld+json\" class=\"yoast-schema-graph\">{\"@context\":\"https:\\\/\\\/schema.org\",\"@graph\":[{\"@type\":\"WebPage\",\"@id\":\"https:\\\/\\\/piatradepo.ro\\\/ro\\\/product\\\/gardeo\\\/\",\"url\":\"https:\\\/\\\/piatradepo.ro\\\/ro\\\/product\\\/gardeo\\\/\",\"name\":\"Gardeo - Piatradepo\",\"isPartOf\":{\"@id\":\"https:\\\/\\\/piatradepo.ro\\\/ro\\\/#website\"},\"primaryImageOfPage\":{\"@id\":\"https:\\\/\\\/piatradepo.ro\\\/ro\\\/product\\\/gardeo\\\/#primaryimage\"},\"image\":{\"@id\":\"https:\\\/\\\/piatradepo.ro\\\/ro\\\/product\\\/gardeo\\\/#primaryimage\"},\"thumbnailUrl\":\"https:\\\/\\\/piatradepo.ro\\\/wp-content\\\/uploads\\\/2025\\\/01\\\/Kit_Gardeo_2.jpg\",\"datePublished\":\"2025-01-01T22:56:11+00:00\",\"dateModified\":\"2025-11-03T11:26:21+00:00\",\"breadcrumb\":{\"@id\":\"https:\\\/\\\/piatradepo.ro\\\/ro\\\/product\\\/gardeo\\\/#breadcrumb\"},\"inLanguage\":\"ro-RO\",\"potentialAction\":[{\"@type\":\"ReadAction\",\"target\":[\"https:\\\/\\\/piatradepo.ro\\\/ro\\\/product\\\/gardeo\\\/\"]}]},{\"@type\":\"ImageObject\",\"inLanguage\":\"ro-RO\",\"@id\":\"https:\\\/\\\/piatradepo.ro\\\/ro\\\/product\\\/gardeo\\\/#primaryimage\",\"url\":\"https:\\\/\\\/piatradepo.ro\\\/wp-content\\\/uploads\\\/2025\\\/01\\\/Kit_Gardeo_2.jpg\",\"contentUrl\":\"https:\\\/\\\/piatradepo.ro\\\/wp-content\\\/uploads\\\/2025\\\/01\\\/Kit_Gardeo_2.jpg\",\"width\":1200,\"height\":800,\"caption\":\"Element st\u00e2lp gard 38x38x16 cm, 23.7 kg buc, 30 buc palet Element baz\u0103 gard 38x22x16 cm, 17,4 kg buc, 45 buc palet Capac st\u00e2lp 46x46x5 cm, 23 kg buc, 16 buc palet Capac gard 25x30x5 cm, 8.8 kg buc, 64 buc palet\"},{\"@type\":\"BreadcrumbList\",\"@id\":\"https:\\\/\\\/piatradepo.ro\\\/ro\\\/product\\\/gardeo\\\/#breadcrumb\",\"itemListElement\":[{\"@type\":\"ListItem\",\"position\":1,\"name\":\"Home\",\"item\":\"https:\\\/\\\/piatradepo.ro\\\/ro\\\/\"},{\"@type\":\"ListItem\",\"position\":2,\"name\":\"Shop\",\"item\":\"https:\\\/\\\/piatradepo.ro\\\/ro\\\/shop\\\/\"},{\"@type\":\"ListItem\",\"position\":3,\"name\":\"Gardeo\"}]},{\"@type\":\"WebSite\",\"@id\":\"https:\\\/\\\/piatradepo.ro\\\/ro\\\/#website\",\"url\":\"https:\\\/\\\/piatradepo.ro\\\/ro\\\/\",\"name\":\"Piatradepo\",\"description\":\"Elemente de placare premium pentru perete, soclu, gard, baie, buc\u0103t\u0103rie, elemente de gard, dale.\",\"publisher\":{\"@id\":\"https:\\\/\\\/piatradepo.ro\\\/ro\\\/#organization\"},\"potentialAction\":[{\"@type\":\"SearchAction\",\"target\":{\"@type\":\"EntryPoint\",\"urlTemplate\":\"https:\\\/\\\/piatradepo.ro\\\/ro\\\/?s={search_term_string}\"},\"query-input\":{\"@type\":\"PropertyValueSpecification\",\"valueRequired\":true,\"valueName\":\"search_term_string\"}}],\"inLanguage\":\"ro-RO\"},{\"@type\":\"Organization\",\"@id\":\"https:\\\/\\\/piatradepo.ro\\\/ro\\\/#organization\",\"name\":\"Piatradepo\",\"url\":\"https:\\\/\\\/piatradepo.ro\\\/ro\\\/\",\"logo\":{\"@type\":\"ImageObject\",\"inLanguage\":\"ro-RO\",\"@id\":\"https:\\\/\\\/piatradepo.ro\\\/ro\\\/#\\\/schema\\\/logo\\\/image\\\/\",\"url\":\"https:\\\/\\\/piatradepo.ro\\\/wp-content\\\/uploads\\\/2025\\\/01\\\/cropped-logo.jpg\",\"contentUrl\":\"https:\\\/\\\/piatradepo.ro\\\/wp-content\\\/uploads\\\/2025\\\/01\\\/cropped-logo.jpg\",\"width\":100,\"height\":100,\"caption\":\"Piatradepo\"},\"image\":{\"@id\":\"https:\\\/\\\/piatradepo.ro\\\/ro\\\/#\\\/schema\\\/logo\\\/image\\\/\"}}]}<\/script>\n<!-- \/ Yoast SEO plugin. -->","yoast_head_json":{"title":"Gardeo - Piatradepo","robots":{"index":"index","follow":"follow","max-snippet":"max-snippet:-1","max-image-preview":"max-image-preview:large","max-video-preview":"max-video-preview:-1"},"canonical":"https:\/\/piatradepo.ro\/ro\/product\/gardeo\/","og_locale":"ro_RO","og_type":"article","og_title":"Gardeo - Piatradepo","og_description":"Element st\u00e2lp gard 38x38x16 cm, 23.7 kg buc, 30 buc palet Element baz\u0103 gard 38x22x16 cm, 17,4 kg buc, 45 buc palet Capac st\u00e2lp 46x46x5 cm, 23 kg buc, 16 buc palet Capac gard 25x30x5 cm, 8.8 kg buc, 64 buc palet","og_url":"https:\/\/piatradepo.ro\/ro\/product\/gardeo\/","og_site_name":"Piatradepo","article_modified_time":"2025-11-03T11:26:21+00:00","og_image":[{"width":1200,"height":800,"url":"https:\/\/piatradepo.ro\/wp-content\/uploads\/2025\/01\/Kit_Gardeo_2.jpg","type":"image\/jpeg"}],"twitter_card":"summary_large_image","schema":{"@context":"https:\/\/schema.org","@graph":[{"@type":"WebPage","@id":"https:\/\/piatradepo.ro\/ro\/product\/gardeo\/","url":"https:\/\/piatradepo.ro\/ro\/product\/gardeo\/","name":"Gardeo - Piatradepo","isPartOf":{"@id":"https:\/\/piatradepo.ro\/ro\/#website"},"primaryImageOfPage":{"@id":"https:\/\/piatradepo.ro\/ro\/product\/gardeo\/#primaryimage"},"image":{"@id":"https:\/\/piatradepo.ro\/ro\/product\/gardeo\/#primaryimage"},"thumbnailUrl":"https:\/\/piatradepo.ro\/wp-content\/uploads\/2025\/01\/Kit_Gardeo_2.jpg","datePublished":"2025-01-01T22:56:11+00:00","dateModified":"2025-11-03T11:26:21+00:00","breadcrumb":{"@id":"https:\/\/piatradepo.ro\/ro\/product\/gardeo\/#breadcrumb"},"inLanguage":"ro-RO","potentialAction":[{"@type":"ReadAction","target":["https:\/\/piatradepo.ro\/ro\/product\/gardeo\/"]}]},{"@type":"ImageObject","inLanguage":"ro-RO","@id":"https:\/\/piatradepo.ro\/ro\/product\/gardeo\/#primaryimage","url":"https:\/\/piatradepo.ro\/wp-content\/uploads\/2025\/01\/Kit_Gardeo_2.jpg","contentUrl":"https:\/\/piatradepo.ro\/wp-content\/uploads\/2025\/01\/Kit_Gardeo_2.jpg","width":1200,"height":800,"caption":"Element st\u00e2lp gard 38x38x16 cm, 23.7 kg buc, 30 buc palet Element baz\u0103 gard 38x22x16 cm, 17,4 kg buc, 45 buc palet Capac st\u00e2lp 46x46x5 cm, 23 kg buc, 16 buc palet Capac gard 25x30x5 cm, 8.8 kg buc, 64 buc palet"},{"@type":"BreadcrumbList","@id":"https:\/\/piatradepo.ro\/ro\/product\/gardeo\/#breadcrumb","itemListElement":[{"@type":"ListItem","position":1,"name":"Home","item":"https:\/\/piatradepo.ro\/ro\/"},{"@type":"ListItem","position":2,"name":"Shop","item":"https:\/\/piatradepo.ro\/ro\/shop\/"},{"@type":"ListItem","position":3,"name":"Gardeo"}]},{"@type":"WebSite","@id":"https:\/\/piatradepo.ro\/ro\/#website","url":"https:\/\/piatradepo.ro\/ro\/","name":"Piatradepo","description":"Elemente de placare premium pentru perete, soclu, gard, baie, buc\u0103t\u0103rie, elemente de gard, dale.","publisher":{"@id":"https:\/\/piatradepo.ro\/ro\/#organization"},"potentialAction":[{"@type":"SearchAction","target":{"@type":"EntryPoint","urlTemplate":"https:\/\/piatradepo.ro\/ro\/?s={search_term_string}"},"query-input":{"@type":"PropertyValueSpecification","valueRequired":true,"valueName":"search_term_string"}}],"inLanguage":"ro-RO"},{"@type":"Organization","@id":"https:\/\/piatradepo.ro\/ro\/#organization","name":"Piatradepo","url":"https:\/\/piatradepo.ro\/ro\/","logo":{"@type":"ImageObject","inLanguage":"ro-RO","@id":"https:\/\/piatradepo.ro\/ro\/#\/schema\/logo\/image\/","url":"https:\/\/piatradepo.ro\/wp-content\/uploads\/2025\/01\/cropped-logo.jpg","contentUrl":"https:\/\/piatradepo.ro\/wp-content\/uploads\/2025\/01\/cropped-logo.jpg","width":100,"height":100,"caption":"Piatradepo"},"image":{"@id":"https:\/\/piatradepo.ro\/ro\/#\/schema\/logo\/image\/"}}]}},"_links":{"self":[{"href":"https:\/\/piatradepo.ro\/ro\/wp-json\/wp\/v2\/product\/605","targetHints":{"allow":["GET"]}}],"collection":[{"href":"https:\/\/piatradepo.ro\/ro\/wp-json\/wp\/v2\/product"}],"about":[{"href":"https:\/\/piatradepo.ro\/ro\/wp-json\/wp\/v2\/types\/product"}],"wp:featuredmedia":[{"embeddable":true,"href":"https:\/\/piatradepo.ro\/ro\/wp-json\/wp\/v2\/media\/625"}],"wp:attachment":[{"href":"https:\/\/piatradepo.ro\/ro\/wp-json\/wp\/v2\/media?parent=605"}],"wp:term":[{"taxonomy":"product_brand","embeddable":true,"href":"https:\/\/piatradepo.ro\/ro\/wp-json\/wp\/v2\/product_brand?post=605"},{"taxonomy":"product_cat","embeddable":true,"href":"https:\/\/piatradepo.ro\/ro\/wp-json\/wp\/v2\/product_cat?post=605"},{"taxonomy":"product_tag","embeddable":true,"href":"https:\/\/piatradepo.ro\/ro\/wp-json\/wp\/v2\/product_tag?post=605"}],"curies":[{"name":"wp","href":"https:\/\/api.w.org\/{rel}","templated":true}]}}