{"id":935,"date":"2025-01-01T22:59:04","date_gmt":"2025-01-01T22:59:04","guid":{"rendered":"https:\/\/piatradepo.ro\/?post_type=product&#038;p=935"},"modified":"2025-08-19T11:33:04","modified_gmt":"2025-08-19T11:33:04","slug":"arhitektur","status":"publish","type":"product","link":"https:\/\/piatradepo.ro\/ro\/product\/arhitektur\/","title":{"rendered":"Arhitektur"},"content":{"rendered":"<p>\u00centr-o variant\u0103 clasic\u0103 sau modern\u0103, indiferent de preferin\u0163a pentru designul gardului sau al unui perete, elementele ARHITEKTUR pot \ufb01 utilizate pentru ob\u0163inerea unor structuri de efect \u00een curtea dumneavoastr\u0103. Rezisten\u021ba la \u00eenghe\u021b-dezghe\u021b precum \u0219i rezisten\u021ba la murd\u0103rie sunt caracteristici ce recomand\u0103 acest produs ca fiind pretabil pentru orice element de design pe care dori\u021bi s\u0103 \u00eel realiza\u021bi \u00een exteriorul locuin\u021bei.<\/p>\n","protected":false},"excerpt":{"rendered":"<p>\u00centr-o variant\u0103 clasic\u0103 sau modern\u0103, indiferent de preferin\u0163a pentru designul gardului sau al unui perete, elementele ARHITEKTUR pot \ufb01 utilizate pentru ob\u0163inerea unor structuri de efect \u00een curtea dumneavoastr\u0103. Rezisten\u021ba la \u00eenghe\u021b-dezghe\u021b precum \u0219i rezisten\u021ba la murd\u0103rie sunt caracteristici ce recomand\u0103 acest produs ca fiind pretabil pentru orice element de design pe care dori\u021bi s\u0103 [&hellip;]<\/p>\n","protected":false},"featured_media":977,"template":"","meta":[],"product_brand":[],"product_cat":[57,46,69,30],"product_tag":[],"class_list":{"0":"post-935","1":"product","2":"type-product","3":"status-publish","4":"has-post-thumbnail","6":"product_cat-boltari","7":"product_cat-garduri","8":"product_cat-leier","9":"product_cat-ziduri-garduri","11":"first","12":"instock","13":"shipping-taxable","14":"purchasable","15":"product-type-variable"},"yoast_head":"<!-- This site is optimized with the Yoast SEO plugin v27.3 - https:\/\/yoast.com\/product\/yoast-seo-wordpress\/ -->\n<title>Arhitektur - Piatradepo<\/title>\n<meta name=\"robots\" content=\"index, follow, max-snippet:-1, max-image-preview:large, max-video-preview:-1\" \/>\n<link rel=\"canonical\" href=\"https:\/\/piatradepo.ro\/ro\/product\/arhitektur\/\" \/>\n<meta property=\"og:locale\" content=\"ro_RO\" \/>\n<meta property=\"og:type\" content=\"article\" \/>\n<meta property=\"og:title\" content=\"Arhitektur - Piatradepo\" \/>\n<meta property=\"og:description\" content=\"\u00centr-o variant\u0103 clasic\u0103 sau modern\u0103, indiferent de preferin\u0163a pentru designul gardului sau al unui perete, elementele ARHITEKTUR pot \ufb01 utilizate pentru ob\u0163inerea unor structuri de efect \u00een curtea dumneavoastr\u0103. Rezisten\u021ba la \u00eenghe\u021b-dezghe\u021b precum \u0219i rezisten\u021ba la murd\u0103rie sunt caracteristici ce recomand\u0103 acest produs ca fiind pretabil pentru orice element de design pe care dori\u021bi s\u0103 [&hellip;]\" \/>\n<meta property=\"og:url\" content=\"https:\/\/piatradepo.ro\/ro\/product\/arhitektur\/\" \/>\n<meta property=\"og:site_name\" content=\"Piatradepo\" \/>\n<meta property=\"article:modified_time\" content=\"2025-08-19T11:33:04+00:00\" \/>\n<meta property=\"og:image\" content=\"https:\/\/piatradepo.ro\/wp-content\/uploads\/2025\/01\/gard-3-1-scaled-1.jpg\" \/>\n\t<meta property=\"og:image:width\" content=\"1200\" \/>\n\t<meta property=\"og:image:height\" content=\"937\" \/>\n\t<meta property=\"og:image:type\" content=\"image\/jpeg\" \/>\n<meta name=\"twitter:card\" content=\"summary_large_image\" \/>\n<meta name=\"twitter:label1\" content=\"Timp estimat pentru citire\" \/>\n\t<meta name=\"twitter:data1\" content=\"1 minut\" \/>\n<script type=\"application\/ld+json\" class=\"yoast-schema-graph\">{\"@context\":\"https:\\\/\\\/schema.org\",\"@graph\":[{\"@type\":\"WebPage\",\"@id\":\"https:\\\/\\\/piatradepo.ro\\\/ro\\\/product\\\/arhitektur\\\/\",\"url\":\"https:\\\/\\\/piatradepo.ro\\\/ro\\\/product\\\/arhitektur\\\/\",\"name\":\"Arhitektur - Piatradepo\",\"isPartOf\":{\"@id\":\"https:\\\/\\\/piatradepo.ro\\\/ro\\\/#website\"},\"primaryImageOfPage\":{\"@id\":\"https:\\\/\\\/piatradepo.ro\\\/ro\\\/product\\\/arhitektur\\\/#primaryimage\"},\"image\":{\"@id\":\"https:\\\/\\\/piatradepo.ro\\\/ro\\\/product\\\/arhitektur\\\/#primaryimage\"},\"thumbnailUrl\":\"https:\\\/\\\/piatradepo.ro\\\/wp-content\\\/uploads\\\/2025\\\/01\\\/gard-3-1-scaled-1.jpg\",\"datePublished\":\"2025-01-01T22:59:04+00:00\",\"dateModified\":\"2025-08-19T11:33:04+00:00\",\"breadcrumb\":{\"@id\":\"https:\\\/\\\/piatradepo.ro\\\/ro\\\/product\\\/arhitektur\\\/#breadcrumb\"},\"inLanguage\":\"ro-RO\",\"potentialAction\":[{\"@type\":\"ReadAction\",\"target\":[\"https:\\\/\\\/piatradepo.ro\\\/ro\\\/product\\\/arhitektur\\\/\"]}]},{\"@type\":\"ImageObject\",\"inLanguage\":\"ro-RO\",\"@id\":\"https:\\\/\\\/piatradepo.ro\\\/ro\\\/product\\\/arhitektur\\\/#primaryimage\",\"url\":\"https:\\\/\\\/piatradepo.ro\\\/wp-content\\\/uploads\\\/2025\\\/01\\\/gard-3-1-scaled-1.jpg\",\"contentUrl\":\"https:\\\/\\\/piatradepo.ro\\\/wp-content\\\/uploads\\\/2025\\\/01\\\/gard-3-1-scaled-1.jpg\",\"width\":1200,\"height\":937,\"caption\":\"\u00centr-o variant\u0103 clasic\u0103 sau modern\u0103, indiferent de preferin\u0163a pentru designul gardului sau al unui perete, elementele ARHITEKTUR pot \ufb01 utilizate pentru ob\u0163inerea unor structuri de efect \u00een curtea dumneavoastr\u0103.\"},{\"@type\":\"BreadcrumbList\",\"@id\":\"https:\\\/\\\/piatradepo.ro\\\/ro\\\/product\\\/arhitektur\\\/#breadcrumb\",\"itemListElement\":[{\"@type\":\"ListItem\",\"position\":1,\"name\":\"Home\",\"item\":\"https:\\\/\\\/piatradepo.ro\\\/ro\\\/\"},{\"@type\":\"ListItem\",\"position\":2,\"name\":\"Shop\",\"item\":\"https:\\\/\\\/piatradepo.ro\\\/ro\\\/shop\\\/\"},{\"@type\":\"ListItem\",\"position\":3,\"name\":\"Arhitektur\"}]},{\"@type\":\"WebSite\",\"@id\":\"https:\\\/\\\/piatradepo.ro\\\/ro\\\/#website\",\"url\":\"https:\\\/\\\/piatradepo.ro\\\/ro\\\/\",\"name\":\"Piatradepo\",\"description\":\"Elemente de placare premium pentru perete, soclu, gard, baie, buc\u0103t\u0103rie, elemente de gard, dale.\",\"publisher\":{\"@id\":\"https:\\\/\\\/piatradepo.ro\\\/ro\\\/#organization\"},\"potentialAction\":[{\"@type\":\"SearchAction\",\"target\":{\"@type\":\"EntryPoint\",\"urlTemplate\":\"https:\\\/\\\/piatradepo.ro\\\/ro\\\/?s={search_term_string}\"},\"query-input\":{\"@type\":\"PropertyValueSpecification\",\"valueRequired\":true,\"valueName\":\"search_term_string\"}}],\"inLanguage\":\"ro-RO\"},{\"@type\":\"Organization\",\"@id\":\"https:\\\/\\\/piatradepo.ro\\\/ro\\\/#organization\",\"name\":\"Piatradepo\",\"url\":\"https:\\\/\\\/piatradepo.ro\\\/ro\\\/\",\"logo\":{\"@type\":\"ImageObject\",\"inLanguage\":\"ro-RO\",\"@id\":\"https:\\\/\\\/piatradepo.ro\\\/ro\\\/#\\\/schema\\\/logo\\\/image\\\/\",\"url\":\"https:\\\/\\\/piatradepo.ro\\\/wp-content\\\/uploads\\\/2025\\\/01\\\/cropped-logo.jpg\",\"contentUrl\":\"https:\\\/\\\/piatradepo.ro\\\/wp-content\\\/uploads\\\/2025\\\/01\\\/cropped-logo.jpg\",\"width\":100,\"height\":100,\"caption\":\"Piatradepo\"},\"image\":{\"@id\":\"https:\\\/\\\/piatradepo.ro\\\/ro\\\/#\\\/schema\\\/logo\\\/image\\\/\"}}]}<\/script>\n<!-- \/ Yoast SEO plugin. -->","yoast_head_json":{"title":"Arhitektur - Piatradepo","robots":{"index":"index","follow":"follow","max-snippet":"max-snippet:-1","max-image-preview":"max-image-preview:large","max-video-preview":"max-video-preview:-1"},"canonical":"https:\/\/piatradepo.ro\/ro\/product\/arhitektur\/","og_locale":"ro_RO","og_type":"article","og_title":"Arhitektur - Piatradepo","og_description":"\u00centr-o variant\u0103 clasic\u0103 sau modern\u0103, indiferent de preferin\u0163a pentru designul gardului sau al unui perete, elementele ARHITEKTUR pot \ufb01 utilizate pentru ob\u0163inerea unor structuri de efect \u00een curtea dumneavoastr\u0103. Rezisten\u021ba la \u00eenghe\u021b-dezghe\u021b precum \u0219i rezisten\u021ba la murd\u0103rie sunt caracteristici ce recomand\u0103 acest produs ca fiind pretabil pentru orice element de design pe care dori\u021bi s\u0103 [&hellip;]","og_url":"https:\/\/piatradepo.ro\/ro\/product\/arhitektur\/","og_site_name":"Piatradepo","article_modified_time":"2025-08-19T11:33:04+00:00","og_image":[{"width":1200,"height":937,"url":"https:\/\/piatradepo.ro\/wp-content\/uploads\/2025\/01\/gard-3-1-scaled-1.jpg","type":"image\/jpeg"}],"twitter_card":"summary_large_image","twitter_misc":{"Timp estimat pentru citire":"1 minut"},"schema":{"@context":"https:\/\/schema.org","@graph":[{"@type":"WebPage","@id":"https:\/\/piatradepo.ro\/ro\/product\/arhitektur\/","url":"https:\/\/piatradepo.ro\/ro\/product\/arhitektur\/","name":"Arhitektur - Piatradepo","isPartOf":{"@id":"https:\/\/piatradepo.ro\/ro\/#website"},"primaryImageOfPage":{"@id":"https:\/\/piatradepo.ro\/ro\/product\/arhitektur\/#primaryimage"},"image":{"@id":"https:\/\/piatradepo.ro\/ro\/product\/arhitektur\/#primaryimage"},"thumbnailUrl":"https:\/\/piatradepo.ro\/wp-content\/uploads\/2025\/01\/gard-3-1-scaled-1.jpg","datePublished":"2025-01-01T22:59:04+00:00","dateModified":"2025-08-19T11:33:04+00:00","breadcrumb":{"@id":"https:\/\/piatradepo.ro\/ro\/product\/arhitektur\/#breadcrumb"},"inLanguage":"ro-RO","potentialAction":[{"@type":"ReadAction","target":["https:\/\/piatradepo.ro\/ro\/product\/arhitektur\/"]}]},{"@type":"ImageObject","inLanguage":"ro-RO","@id":"https:\/\/piatradepo.ro\/ro\/product\/arhitektur\/#primaryimage","url":"https:\/\/piatradepo.ro\/wp-content\/uploads\/2025\/01\/gard-3-1-scaled-1.jpg","contentUrl":"https:\/\/piatradepo.ro\/wp-content\/uploads\/2025\/01\/gard-3-1-scaled-1.jpg","width":1200,"height":937,"caption":"\u00centr-o variant\u0103 clasic\u0103 sau modern\u0103, indiferent de preferin\u0163a pentru designul gardului sau al unui perete, elementele ARHITEKTUR pot \ufb01 utilizate pentru ob\u0163inerea unor structuri de efect \u00een curtea dumneavoastr\u0103."},{"@type":"BreadcrumbList","@id":"https:\/\/piatradepo.ro\/ro\/product\/arhitektur\/#breadcrumb","itemListElement":[{"@type":"ListItem","position":1,"name":"Home","item":"https:\/\/piatradepo.ro\/ro\/"},{"@type":"ListItem","position":2,"name":"Shop","item":"https:\/\/piatradepo.ro\/ro\/shop\/"},{"@type":"ListItem","position":3,"name":"Arhitektur"}]},{"@type":"WebSite","@id":"https:\/\/piatradepo.ro\/ro\/#website","url":"https:\/\/piatradepo.ro\/ro\/","name":"Piatradepo","description":"Elemente de placare premium pentru perete, soclu, gard, baie, buc\u0103t\u0103rie, elemente de gard, dale.","publisher":{"@id":"https:\/\/piatradepo.ro\/ro\/#organization"},"potentialAction":[{"@type":"SearchAction","target":{"@type":"EntryPoint","urlTemplate":"https:\/\/piatradepo.ro\/ro\/?s={search_term_string}"},"query-input":{"@type":"PropertyValueSpecification","valueRequired":true,"valueName":"search_term_string"}}],"inLanguage":"ro-RO"},{"@type":"Organization","@id":"https:\/\/piatradepo.ro\/ro\/#organization","name":"Piatradepo","url":"https:\/\/piatradepo.ro\/ro\/","logo":{"@type":"ImageObject","inLanguage":"ro-RO","@id":"https:\/\/piatradepo.ro\/ro\/#\/schema\/logo\/image\/","url":"https:\/\/piatradepo.ro\/wp-content\/uploads\/2025\/01\/cropped-logo.jpg","contentUrl":"https:\/\/piatradepo.ro\/wp-content\/uploads\/2025\/01\/cropped-logo.jpg","width":100,"height":100,"caption":"Piatradepo"},"image":{"@id":"https:\/\/piatradepo.ro\/ro\/#\/schema\/logo\/image\/"}}]}},"_links":{"self":[{"href":"https:\/\/piatradepo.ro\/ro\/wp-json\/wp\/v2\/product\/935","targetHints":{"allow":["GET"]}}],"collection":[{"href":"https:\/\/piatradepo.ro\/ro\/wp-json\/wp\/v2\/product"}],"about":[{"href":"https:\/\/piatradepo.ro\/ro\/wp-json\/wp\/v2\/types\/product"}],"wp:featuredmedia":[{"embeddable":true,"href":"https:\/\/piatradepo.ro\/ro\/wp-json\/wp\/v2\/media\/977"}],"wp:attachment":[{"href":"https:\/\/piatradepo.ro\/ro\/wp-json\/wp\/v2\/media?parent=935"}],"wp:term":[{"taxonomy":"product_brand","embeddable":true,"href":"https:\/\/piatradepo.ro\/ro\/wp-json\/wp\/v2\/product_brand?post=935"},{"taxonomy":"product_cat","embeddable":true,"href":"https:\/\/piatradepo.ro\/ro\/wp-json\/wp\/v2\/product_cat?post=935"},{"taxonomy":"product_tag","embeddable":true,"href":"https:\/\/piatradepo.ro\/ro\/wp-json\/wp\/v2\/product_tag?post=935"}],"curies":[{"name":"wp","href":"https:\/\/api.w.org\/{rel}","templated":true}]}}