{"id":990,"date":"2025-01-01T22:57:28","date_gmt":"2025-01-01T22:57:28","guid":{"rendered":"https:\/\/piatradepo.ro\/?post_type=product&#038;p=990"},"modified":"2025-02-18T12:22:03","modified_gmt":"2025-02-18T12:22:03","slug":"boltari-avangard-60-x-30-x-16-cm","status":"publish","type":"product","link":"https:\/\/piatradepo.ro\/ro\/product\/boltari-avangard-60-x-30-x-16-cm\/","title":{"rendered":"Bol\u021bari Avangard &#8211; 60 x 30 x 16 cm"},"content":{"rendered":"<p>Element gard. Simplu, rapid, u\u0219or \u0219i mai ales premium sunt atuurile noului nostru produs ce a\u0219teapt\u0103 s\u0103 v\u0103 decoreze ambientul.<\/p>\n<p>Element gard &#8211; 60 x 30 x 16 CM &#8211; Granit, Mokka<br \/>\nElement gard &#8211; 30 x 30 x 16 CM &#8211; Granit, Mokka<br \/>\nElement gard &#8211; 31 X 36 X 8 CM &#8211; Granit, Mokka<br \/>\nElement gard &#8211; 55 x 30 x 16 CM &#8211; Granit, Mokka<br \/>\nElement st\u00e2lp &#8211; 25 X 30 X 16 CM &#8211; Granit, Mokka<br \/>\nElement st\u00e2lp &#8211; 50 X 30 X 16 CM &#8211; Granit, Mokka<br \/>\nCapac st\u00e2lp &#8211; 55 X 36 X 8 CM &#8211; Granit, Mokka<br \/>\nCapac st\u00e2lp &#8211; 80 X 36 X 8 CM &#8211; Granit, Mokka<\/p>\n","protected":false},"excerpt":{"rendered":"<p>Element gard. Simplu, rapid, u\u0219or \u0219i mai ales premium sunt atuurile noului nostru produs ce a\u0219teapt\u0103 s\u0103 v\u0103 decoreze ambientul. Element gard &#8211; 60 x 30 x 16 CM &#8211; Granit, Mokka Element gard &#8211; 30 x 30 x 16 CM &#8211; Granit, Mokka Element gard &#8211; 31 X 36 X 8 CM &#8211; Granit, [&hellip;]<\/p>\n","protected":false},"featured_media":1035,"template":"","meta":[],"product_brand":[],"product_cat":[57,46,70,30],"product_tag":[],"class_list":{"0":"post-990","1":"product","2":"type-product","3":"status-publish","4":"has-post-thumbnail","6":"product_cat-boltari","7":"product_cat-garduri","8":"product_cat-viastein","9":"product_cat-ziduri-garduri","11":"first","12":"instock","13":"shipping-taxable","14":"purchasable","15":"product-type-variable"},"yoast_head":"<!-- This site is optimized with the Yoast SEO plugin v27.3 - https:\/\/yoast.com\/product\/yoast-seo-wordpress\/ -->\n<title>Bol\u021bari Avangard - 60 x 30 x 16 cm - Piatradepo<\/title>\n<meta name=\"robots\" content=\"index, follow, max-snippet:-1, max-image-preview:large, max-video-preview:-1\" \/>\n<link rel=\"canonical\" href=\"https:\/\/piatradepo.ro\/ro\/product\/boltari-avangard-60-x-30-x-16-cm\/\" \/>\n<meta property=\"og:locale\" content=\"ro_RO\" \/>\n<meta property=\"og:type\" content=\"article\" \/>\n<meta property=\"og:title\" content=\"Bol\u021bari Avangard - 60 x 30 x 16 cm - Piatradepo\" \/>\n<meta property=\"og:description\" content=\"Element gard. Simplu, rapid, u\u0219or \u0219i mai ales premium sunt atuurile noului nostru produs ce a\u0219teapt\u0103 s\u0103 v\u0103 decoreze ambientul. Element gard &#8211; 60 x 30 x 16 CM &#8211; Granit, Mokka Element gard &#8211; 30 x 30 x 16 CM &#8211; Granit, Mokka Element gard &#8211; 31 X 36 X 8 CM &#8211; Granit, [&hellip;]\" \/>\n<meta property=\"og:url\" content=\"https:\/\/piatradepo.ro\/ro\/product\/boltari-avangard-60-x-30-x-16-cm\/\" \/>\n<meta property=\"og:site_name\" content=\"Piatradepo\" \/>\n<meta property=\"article:modified_time\" content=\"2025-02-18T12:22:03+00:00\" \/>\n<meta property=\"og:image\" content=\"https:\/\/piatradepo.ro\/wp-content\/uploads\/2025\/01\/01.webp\" \/>\n\t<meta property=\"og:image:width\" content=\"1000\" \/>\n\t<meta property=\"og:image:height\" content=\"667\" \/>\n\t<meta property=\"og:image:type\" content=\"image\/webp\" \/>\n<meta name=\"twitter:card\" content=\"summary_large_image\" \/>\n<script type=\"application\/ld+json\" class=\"yoast-schema-graph\">{\"@context\":\"https:\\\/\\\/schema.org\",\"@graph\":[{\"@type\":\"WebPage\",\"@id\":\"https:\\\/\\\/piatradepo.ro\\\/ro\\\/product\\\/boltari-avangard-60-x-30-x-16-cm\\\/\",\"url\":\"https:\\\/\\\/piatradepo.ro\\\/ro\\\/product\\\/boltari-avangard-60-x-30-x-16-cm\\\/\",\"name\":\"Bol\u021bari Avangard - 60 x 30 x 16 cm - Piatradepo\",\"isPartOf\":{\"@id\":\"https:\\\/\\\/piatradepo.ro\\\/ro\\\/#website\"},\"primaryImageOfPage\":{\"@id\":\"https:\\\/\\\/piatradepo.ro\\\/ro\\\/product\\\/boltari-avangard-60-x-30-x-16-cm\\\/#primaryimage\"},\"image\":{\"@id\":\"https:\\\/\\\/piatradepo.ro\\\/ro\\\/product\\\/boltari-avangard-60-x-30-x-16-cm\\\/#primaryimage\"},\"thumbnailUrl\":\"https:\\\/\\\/piatradepo.ro\\\/wp-content\\\/uploads\\\/2025\\\/01\\\/01.webp\",\"datePublished\":\"2025-01-01T22:57:28+00:00\",\"dateModified\":\"2025-02-18T12:22:03+00:00\",\"breadcrumb\":{\"@id\":\"https:\\\/\\\/piatradepo.ro\\\/ro\\\/product\\\/boltari-avangard-60-x-30-x-16-cm\\\/#breadcrumb\"},\"inLanguage\":\"ro-RO\",\"potentialAction\":[{\"@type\":\"ReadAction\",\"target\":[\"https:\\\/\\\/piatradepo.ro\\\/ro\\\/product\\\/boltari-avangard-60-x-30-x-16-cm\\\/\"]}]},{\"@type\":\"ImageObject\",\"inLanguage\":\"ro-RO\",\"@id\":\"https:\\\/\\\/piatradepo.ro\\\/ro\\\/product\\\/boltari-avangard-60-x-30-x-16-cm\\\/#primaryimage\",\"url\":\"https:\\\/\\\/piatradepo.ro\\\/wp-content\\\/uploads\\\/2025\\\/01\\\/01.webp\",\"contentUrl\":\"https:\\\/\\\/piatradepo.ro\\\/wp-content\\\/uploads\\\/2025\\\/01\\\/01.webp\",\"width\":1000,\"height\":667,\"caption\":\"Element gard. Simplu, rapid, u\u0219or \u0219i mai ales premium sunt atuurile noului nostru produs ce a\u0219teapt\u0103 s\u0103 v\u0103 decoreze ambientul.\"},{\"@type\":\"BreadcrumbList\",\"@id\":\"https:\\\/\\\/piatradepo.ro\\\/ro\\\/product\\\/boltari-avangard-60-x-30-x-16-cm\\\/#breadcrumb\",\"itemListElement\":[{\"@type\":\"ListItem\",\"position\":1,\"name\":\"Home\",\"item\":\"https:\\\/\\\/piatradepo.ro\\\/ro\\\/\"},{\"@type\":\"ListItem\",\"position\":2,\"name\":\"Shop\",\"item\":\"https:\\\/\\\/piatradepo.ro\\\/ro\\\/shop\\\/\"},{\"@type\":\"ListItem\",\"position\":3,\"name\":\"Bol\u021bari Avangard &#8211; 60 x 30 x 16 cm\"}]},{\"@type\":\"WebSite\",\"@id\":\"https:\\\/\\\/piatradepo.ro\\\/ro\\\/#website\",\"url\":\"https:\\\/\\\/piatradepo.ro\\\/ro\\\/\",\"name\":\"Piatradepo\",\"description\":\"Elemente de placare premium pentru perete, soclu, gard, baie, buc\u0103t\u0103rie, elemente de gard, dale.\",\"publisher\":{\"@id\":\"https:\\\/\\\/piatradepo.ro\\\/ro\\\/#organization\"},\"potentialAction\":[{\"@type\":\"SearchAction\",\"target\":{\"@type\":\"EntryPoint\",\"urlTemplate\":\"https:\\\/\\\/piatradepo.ro\\\/ro\\\/?s={search_term_string}\"},\"query-input\":{\"@type\":\"PropertyValueSpecification\",\"valueRequired\":true,\"valueName\":\"search_term_string\"}}],\"inLanguage\":\"ro-RO\"},{\"@type\":\"Organization\",\"@id\":\"https:\\\/\\\/piatradepo.ro\\\/ro\\\/#organization\",\"name\":\"Piatradepo\",\"url\":\"https:\\\/\\\/piatradepo.ro\\\/ro\\\/\",\"logo\":{\"@type\":\"ImageObject\",\"inLanguage\":\"ro-RO\",\"@id\":\"https:\\\/\\\/piatradepo.ro\\\/ro\\\/#\\\/schema\\\/logo\\\/image\\\/\",\"url\":\"https:\\\/\\\/piatradepo.ro\\\/wp-content\\\/uploads\\\/2025\\\/01\\\/cropped-logo.jpg\",\"contentUrl\":\"https:\\\/\\\/piatradepo.ro\\\/wp-content\\\/uploads\\\/2025\\\/01\\\/cropped-logo.jpg\",\"width\":100,\"height\":100,\"caption\":\"Piatradepo\"},\"image\":{\"@id\":\"https:\\\/\\\/piatradepo.ro\\\/ro\\\/#\\\/schema\\\/logo\\\/image\\\/\"}}]}<\/script>\n<!-- \/ Yoast SEO plugin. -->","yoast_head_json":{"title":"Bol\u021bari Avangard - 60 x 30 x 16 cm - Piatradepo","robots":{"index":"index","follow":"follow","max-snippet":"max-snippet:-1","max-image-preview":"max-image-preview:large","max-video-preview":"max-video-preview:-1"},"canonical":"https:\/\/piatradepo.ro\/ro\/product\/boltari-avangard-60-x-30-x-16-cm\/","og_locale":"ro_RO","og_type":"article","og_title":"Bol\u021bari Avangard - 60 x 30 x 16 cm - Piatradepo","og_description":"Element gard. Simplu, rapid, u\u0219or \u0219i mai ales premium sunt atuurile noului nostru produs ce a\u0219teapt\u0103 s\u0103 v\u0103 decoreze ambientul. Element gard &#8211; 60 x 30 x 16 CM &#8211; Granit, Mokka Element gard &#8211; 30 x 30 x 16 CM &#8211; Granit, Mokka Element gard &#8211; 31 X 36 X 8 CM &#8211; Granit, [&hellip;]","og_url":"https:\/\/piatradepo.ro\/ro\/product\/boltari-avangard-60-x-30-x-16-cm\/","og_site_name":"Piatradepo","article_modified_time":"2025-02-18T12:22:03+00:00","og_image":[{"width":1000,"height":667,"url":"https:\/\/piatradepo.ro\/wp-content\/uploads\/2025\/01\/01.webp","type":"image\/webp"}],"twitter_card":"summary_large_image","schema":{"@context":"https:\/\/schema.org","@graph":[{"@type":"WebPage","@id":"https:\/\/piatradepo.ro\/ro\/product\/boltari-avangard-60-x-30-x-16-cm\/","url":"https:\/\/piatradepo.ro\/ro\/product\/boltari-avangard-60-x-30-x-16-cm\/","name":"Bol\u021bari Avangard - 60 x 30 x 16 cm - Piatradepo","isPartOf":{"@id":"https:\/\/piatradepo.ro\/ro\/#website"},"primaryImageOfPage":{"@id":"https:\/\/piatradepo.ro\/ro\/product\/boltari-avangard-60-x-30-x-16-cm\/#primaryimage"},"image":{"@id":"https:\/\/piatradepo.ro\/ro\/product\/boltari-avangard-60-x-30-x-16-cm\/#primaryimage"},"thumbnailUrl":"https:\/\/piatradepo.ro\/wp-content\/uploads\/2025\/01\/01.webp","datePublished":"2025-01-01T22:57:28+00:00","dateModified":"2025-02-18T12:22:03+00:00","breadcrumb":{"@id":"https:\/\/piatradepo.ro\/ro\/product\/boltari-avangard-60-x-30-x-16-cm\/#breadcrumb"},"inLanguage":"ro-RO","potentialAction":[{"@type":"ReadAction","target":["https:\/\/piatradepo.ro\/ro\/product\/boltari-avangard-60-x-30-x-16-cm\/"]}]},{"@type":"ImageObject","inLanguage":"ro-RO","@id":"https:\/\/piatradepo.ro\/ro\/product\/boltari-avangard-60-x-30-x-16-cm\/#primaryimage","url":"https:\/\/piatradepo.ro\/wp-content\/uploads\/2025\/01\/01.webp","contentUrl":"https:\/\/piatradepo.ro\/wp-content\/uploads\/2025\/01\/01.webp","width":1000,"height":667,"caption":"Element gard. Simplu, rapid, u\u0219or \u0219i mai ales premium sunt atuurile noului nostru produs ce a\u0219teapt\u0103 s\u0103 v\u0103 decoreze ambientul."},{"@type":"BreadcrumbList","@id":"https:\/\/piatradepo.ro\/ro\/product\/boltari-avangard-60-x-30-x-16-cm\/#breadcrumb","itemListElement":[{"@type":"ListItem","position":1,"name":"Home","item":"https:\/\/piatradepo.ro\/ro\/"},{"@type":"ListItem","position":2,"name":"Shop","item":"https:\/\/piatradepo.ro\/ro\/shop\/"},{"@type":"ListItem","position":3,"name":"Bol\u021bari Avangard &#8211; 60 x 30 x 16 cm"}]},{"@type":"WebSite","@id":"https:\/\/piatradepo.ro\/ro\/#website","url":"https:\/\/piatradepo.ro\/ro\/","name":"Piatradepo","description":"Elemente de placare premium pentru perete, soclu, gard, baie, buc\u0103t\u0103rie, elemente de gard, dale.","publisher":{"@id":"https:\/\/piatradepo.ro\/ro\/#organization"},"potentialAction":[{"@type":"SearchAction","target":{"@type":"EntryPoint","urlTemplate":"https:\/\/piatradepo.ro\/ro\/?s={search_term_string}"},"query-input":{"@type":"PropertyValueSpecification","valueRequired":true,"valueName":"search_term_string"}}],"inLanguage":"ro-RO"},{"@type":"Organization","@id":"https:\/\/piatradepo.ro\/ro\/#organization","name":"Piatradepo","url":"https:\/\/piatradepo.ro\/ro\/","logo":{"@type":"ImageObject","inLanguage":"ro-RO","@id":"https:\/\/piatradepo.ro\/ro\/#\/schema\/logo\/image\/","url":"https:\/\/piatradepo.ro\/wp-content\/uploads\/2025\/01\/cropped-logo.jpg","contentUrl":"https:\/\/piatradepo.ro\/wp-content\/uploads\/2025\/01\/cropped-logo.jpg","width":100,"height":100,"caption":"Piatradepo"},"image":{"@id":"https:\/\/piatradepo.ro\/ro\/#\/schema\/logo\/image\/"}}]}},"_links":{"self":[{"href":"https:\/\/piatradepo.ro\/ro\/wp-json\/wp\/v2\/product\/990","targetHints":{"allow":["GET"]}}],"collection":[{"href":"https:\/\/piatradepo.ro\/ro\/wp-json\/wp\/v2\/product"}],"about":[{"href":"https:\/\/piatradepo.ro\/ro\/wp-json\/wp\/v2\/types\/product"}],"wp:featuredmedia":[{"embeddable":true,"href":"https:\/\/piatradepo.ro\/ro\/wp-json\/wp\/v2\/media\/1035"}],"wp:attachment":[{"href":"https:\/\/piatradepo.ro\/ro\/wp-json\/wp\/v2\/media?parent=990"}],"wp:term":[{"taxonomy":"product_brand","embeddable":true,"href":"https:\/\/piatradepo.ro\/ro\/wp-json\/wp\/v2\/product_brand?post=990"},{"taxonomy":"product_cat","embeddable":true,"href":"https:\/\/piatradepo.ro\/ro\/wp-json\/wp\/v2\/product_cat?post=990"},{"taxonomy":"product_tag","embeddable":true,"href":"https:\/\/piatradepo.ro\/ro\/wp-json\/wp\/v2\/product_tag?post=990"}],"curies":[{"name":"wp","href":"https:\/\/api.w.org\/{rel}","templated":true}]}}